{"id":138,"date":"2024-10-18T09:12:44","date_gmt":"2024-10-18T07:12:44","guid":{"rendered":"http:\/\/www.doem.sk\/?page_id=138"},"modified":"2024-10-30T12:39:04","modified_gmt":"2024-10-30T11:39:04","slug":"vyuzitie-tepla-z-kompresorov","status":"publish","type":"page","link":"https:\/\/www.doem.sk\/en\/vyuzitie-tepla-z-kompresorov\/","title":{"rendered":"Use of heat from compressors"},"content":{"rendered":"<div data-elementor-type=\"wp-page\" data-elementor-id=\"138\" class=\"elementor elementor-138\" data-elementor-post-type=\"page\">\n\t\t\t\t<div class=\"elementor-element elementor-element-722b29e3 e-flex e-con-boxed e-con e-parent\" data-id=\"722b29e3\" data-element_type=\"container\" data-settings=\"{&quot;background_background&quot;:&quot;classic&quot;,&quot;shape_divider_bottom&quot;:&quot;triangle&quot;}\">\n\t\t\t\t\t<div class=\"e-con-inner\">\n\t\t\t\t<div class=\"elementor-shape elementor-shape-bottom\" data-negative=\"false\">\n\t\t\t<svg xmlns=\"http:\/\/www.w3.org\/2000\/svg\" viewbox=\"0 0 1000 100\" preserveaspectratio=\"none\">\n\t<path class=\"elementor-shape-fill\" d=\"M500,98.9L0,6.1V0h1000v6.1L500,98.9z\"\/>\n<\/svg>\t\t<\/div>\n\t\t<div class=\"elementor-element elementor-element-46f6bb45 e-flex e-con-boxed e-con e-child\" data-id=\"46f6bb45\" data-element_type=\"container\">\n\t\t\t\t\t<div class=\"e-con-inner\">\n\t\t\t\t<div class=\"elementor-element elementor-element-4b7d643d elementor-widget elementor-widget-heading\" data-id=\"4b7d643d\" data-element_type=\"widget\" data-widget_type=\"heading.default\">\n\t\t\t\t<div class=\"elementor-widget-container\">\n\t\t\t<h2 class=\"elementor-heading-title elementor-size-default\">DOEM<\/h2>\t\t<\/div>\n\t\t\t\t<\/div>\n\t\t\t\t<div class=\"elementor-element elementor-element-7e6e7dca elementor-widget elementor-widget-heading\" data-id=\"7e6e7dca\" data-element_type=\"widget\" data-widget_type=\"heading.default\">\n\t\t\t\t<div class=\"elementor-widget-container\">\n\t\t\t<h1 class=\"elementor-heading-title elementor-size-default\">Use of heat from compressors<\/h1>\t\t<\/div>\n\t\t\t\t<\/div>\n\t\t\t\t\t<\/div>\n\t\t\t\t<\/div>\n\t\t\t\t\t<\/div>\n\t\t\t\t<\/div>\n\t\t<div class=\"elementor-element elementor-element-0528624 e-flex e-con-boxed e-con e-parent\" data-id=\"0528624\" data-element_type=\"container\">\n\t\t\t\t\t<div class=\"e-con-inner\">\n\t\t\t\t<div class=\"elementor-element elementor-element-45d855c elementor-widget elementor-widget-text-editor\" data-id=\"45d855c\" data-element_type=\"widget\" data-widget_type=\"text-editor.default\">\n\t\t\t\t<div class=\"elementor-widget-container\">\n\t\t\t\t\t\t\t<p>Nowadays, every company tries to reduce operating costs and that is why one of the areas of effective investment is the use of waste heat in the production of compressed air. Such use of the screw compressor leads to a high return on funds. The production of compressed air ranks among the most expensive energy conversions, and when buying a new compressor, it is inevitable to take this into account when choosing according to energy consumption. Just replacing the old piston compressor with a new, modern screw compressor brings energy savings. Most manufacturers of screw compressors offer, in addition to direct savings in electricity, the possibility of using the waste heat generated in the compressor during the production of compressed air.<\/p>\t\t\t\t\t\t<\/div>\n\t\t\t\t<\/div>\n\t\t\t\t\t<\/div>\n\t\t\t\t<\/div>\n\t\t<div class=\"elementor-element elementor-element-20b3b3c e-flex e-con-boxed e-con e-parent\" data-id=\"20b3b3c\" data-element_type=\"container\">\n\t\t\t\t\t<div class=\"e-con-inner\">\n\t\t\t\t<div class=\"elementor-element elementor-element-dc5aaf7 elementor-widget elementor-widget-image\" data-id=\"dc5aaf7\" data-element_type=\"widget\" data-widget_type=\"image.default\">\n\t\t\t\t<div class=\"elementor-widget-container\">\n\t\t\t\t\t\t\t\t\t\t\t\t\t<img fetchpriority=\"high\" decoding=\"async\" width=\"300\" height=\"238\" src=\"https:\/\/www.doem.sk\/wp-content\/uploads\/2024\/10\/3679083969-Energy-box-300x238.png\" class=\"attachment-medium size-medium wp-image-347\" alt=\"\" srcset=\"https:\/\/www.doem.sk\/wp-content\/uploads\/2024\/10\/3679083969-Energy-box-300x238.png 300w, https:\/\/www.doem.sk\/wp-content\/uploads\/2024\/10\/3679083969-Energy-box-768x609.png 768w, https:\/\/www.doem.sk\/wp-content\/uploads\/2024\/10\/3679083969-Energy-box.png 994w\" sizes=\"(max-width: 300px) 100vw, 300px\" \/>\t\t\t\t\t\t\t\t\t\t\t\t\t<\/div>\n\t\t\t\t<\/div>\n\t\t\t\t\t<\/div>\n\t\t\t\t<\/div>\n\t\t<div class=\"elementor-element elementor-element-18ebf74c e-flex e-con-boxed e-con e-parent\" data-id=\"18ebf74c\" data-element_type=\"container\">\n\t\t\t\t\t<div class=\"e-con-inner\">\n\t\t<div class=\"elementor-element elementor-element-4a981ed9 e-flex e-con-boxed e-con e-child\" data-id=\"4a981ed9\" data-element_type=\"container\">\n\t\t\t\t\t<div class=\"e-con-inner\">\n\t\t<div class=\"elementor-element elementor-element-354947db e-flex e-con-boxed e-con e-child\" data-id=\"354947db\" data-element_type=\"container\" data-settings=\"{&quot;background_background&quot;:&quot;classic&quot;}\">\n\t\t\t\t\t<div class=\"e-con-inner\">\n\t\t<div class=\"elementor-element elementor-element-3f284ca2 e-flex e-con-boxed e-con e-child\" data-id=\"3f284ca2\" data-element_type=\"container\">\n\t\t\t\t\t<div class=\"e-con-inner\">\n\t\t<div class=\"elementor-element elementor-element-4efbe633 e-con-full e-flex e-con e-child\" data-id=\"4efbe633\" data-element_type=\"container\">\n\t\t\t\t<div class=\"elementor-element elementor-element-3f63997 elementor-view-default elementor-widget elementor-widget-icon\" data-id=\"3f63997\" data-element_type=\"widget\" data-widget_type=\"icon.default\">\n\t\t\t\t<div class=\"elementor-widget-container\">\n\t\t\t\t\t<div class=\"elementor-icon-wrapper\">\n\t\t\t<div class=\"elementor-icon\">\n\t\t\t<svg aria-hidden=\"true\" class=\"e-font-icon-svg e-fas-percent\" viewbox=\"0 0 448 512\" xmlns=\"http:\/\/www.w3.org\/2000\/svg\"><path d=\"M112 224c61.9 0 112-50.1 112-112S173.9 0 112 0 0 50.1 0 112s50.1 112 112 112zm0-160c26.5 0 48 21.5 48 48s-21.5 48-48 48-48-21.5-48-48 21.5-48 48-48zm224 224c-61.9 0-112 50.1-112 112s50.1 112 112 112 112-50.1 112-112-50.1-112-112-112zm0 160c-26.5 0-48-21.5-48-48s21.5-48 48-48 48 21.5 48 48-21.5 48-48 48zM392.3.2l31.6-.1c19.4-.1 30.9 21.8 19.7 37.8L77.4 501.6a23.95 23.95 0 0 1-19.6 10.2l-33.4.1c-19.5 0-30.9-21.9-19.7-37.8l368-463.7C377.2 4 384.5.2 392.3.2z\"><\/path><\/svg>\t\t\t<\/div>\n\t\t<\/div>\n\t\t\t\t<\/div>\n\t\t\t\t<\/div>\n\t\t\t\t<\/div>\n\t\t<div class=\"elementor-element elementor-element-32e24422 e-flex e-con-boxed e-con e-child\" data-id=\"32e24422\" data-element_type=\"container\">\n\t\t\t\t\t<div class=\"e-con-inner\">\n\t\t\t\t<div class=\"elementor-element elementor-element-616b77a9 elementor-absolute elementor-widget elementor-widget-heading\" data-id=\"616b77a9\" data-element_type=\"widget\" data-settings=\"{&quot;_position&quot;:&quot;absolute&quot;}\" data-widget_type=\"heading.default\">\n\t\t\t\t<div class=\"elementor-widget-container\">\n\t\t\t<h2 class=\"elementor-heading-title elementor-size-default\">01.<\/h2>\t\t<\/div>\n\t\t\t\t<\/div>\n\t\t\t\t\t<\/div>\n\t\t\t\t<\/div>\n\t\t\t\t\t<\/div>\n\t\t\t\t<\/div>\n\t\t\t\t<div class=\"elementor-element elementor-element-bfd154a elementor-widget elementor-widget-heading\" data-id=\"bfd154a\" data-element_type=\"widget\" data-widget_type=\"heading.default\">\n\t\t\t\t<div class=\"elementor-widget-container\">\n\t\t\t<h3 class=\"elementor-heading-title elementor-size-default\">85% of the energy consumed by the screw compressor can be saved and reused<\/h3>\t\t<\/div>\n\t\t\t\t<\/div>\n\t\t\t\t\t<\/div>\n\t\t\t\t<\/div>\n\t\t<div class=\"elementor-element elementor-element-757fec5f e-flex e-con-boxed e-con e-child\" data-id=\"757fec5f\" data-element_type=\"container\" data-settings=\"{&quot;background_background&quot;:&quot;classic&quot;}\">\n\t\t\t\t\t<div class=\"e-con-inner\">\n\t\t<div class=\"elementor-element elementor-element-423c974b e-flex e-con-boxed e-con e-child\" data-id=\"423c974b\" data-element_type=\"container\">\n\t\t\t\t\t<div class=\"e-con-inner\">\n\t\t<div class=\"elementor-element elementor-element-153b22ac e-con-full e-flex e-con e-child\" data-id=\"153b22ac\" data-element_type=\"container\">\n\t\t\t\t<div class=\"elementor-element elementor-element-36fadd0 elementor-view-default elementor-widget elementor-widget-icon\" data-id=\"36fadd0\" data-element_type=\"widget\" data-widget_type=\"icon.default\">\n\t\t\t\t<div class=\"elementor-widget-container\">\n\t\t\t\t\t<div class=\"elementor-icon-wrapper\">\n\t\t\t<div class=\"elementor-icon\">\n\t\t\t<svg aria-hidden=\"true\" class=\"e-font-icon-svg e-fas-temperature-low\" viewbox=\"0 0 512 512\" xmlns=\"http:\/\/www.w3.org\/2000\/svg\"><path d=\"M416 0c-52.9 0-96 43.1-96 96s43.1 96 96 96 96-43.1 96-96-43.1-96-96-96zm0 128c-17.7 0-32-14.3-32-32s14.3-32 32-32 32 14.3 32 32-14.3 32-32 32zm-160-16C256 50.1 205.9 0 144 0S32 50.1 32 112v166.5C12.3 303.2 0 334 0 368c0 79.5 64.5 144 144 144s144-64.5 144-144c0-34-12.3-64.9-32-89.5V112zM144 448c-44.1 0-80-35.9-80-80 0-25.5 12.2-48.9 32-63.8V112c0-26.5 21.5-48 48-48s48 21.5 48 48v192.2c19.8 14.8 32 38.3 32 63.8 0 44.1-35.9 80-80 80zm16-125.1V304c0-8.8-7.2-16-16-16s-16 7.2-16 16v18.9c-18.6 6.6-32 24.2-32 45.1 0 26.5 21.5 48 48 48s48-21.5 48-48c0-20.9-13.4-38.5-32-45.1z\"><\/path><\/svg>\t\t\t<\/div>\n\t\t<\/div>\n\t\t\t\t<\/div>\n\t\t\t\t<\/div>\n\t\t\t\t<\/div>\n\t\t<div class=\"elementor-element elementor-element-1dde4cd6 e-flex e-con-boxed e-con e-child\" data-id=\"1dde4cd6\" data-element_type=\"container\">\n\t\t\t\t\t<div class=\"e-con-inner\">\n\t\t\t\t<div class=\"elementor-element elementor-element-4fb2613a elementor-absolute elementor-widget elementor-widget-heading\" data-id=\"4fb2613a\" data-element_type=\"widget\" data-settings=\"{&quot;_position&quot;:&quot;absolute&quot;}\" data-widget_type=\"heading.default\">\n\t\t\t\t<div class=\"elementor-widget-container\">\n\t\t\t<h2 class=\"elementor-heading-title elementor-size-default\">02.<\/h2>\t\t<\/div>\n\t\t\t\t<\/div>\n\t\t\t\t\t<\/div>\n\t\t\t\t<\/div>\n\t\t\t\t\t<\/div>\n\t\t\t\t<\/div>\n\t\t\t\t<div class=\"elementor-element elementor-element-52ef3df4 elementor-widget elementor-widget-heading\" data-id=\"52ef3df4\" data-element_type=\"widget\" data-widget_type=\"heading.default\">\n\t\t\t\t<div class=\"elementor-widget-container\">\n\t\t\t<h3 class=\"elementor-heading-title elementor-size-default\">Use for space heating or supply water heating, as well as hot water heating <\/h3>\t\t<\/div>\n\t\t\t\t<\/div>\n\t\t\t\t\t<\/div>\n\t\t\t\t<\/div>\n\t\t<div class=\"elementor-element elementor-element-7c423896 e-flex e-con-boxed e-con e-child\" data-id=\"7c423896\" data-element_type=\"container\" data-settings=\"{&quot;background_background&quot;:&quot;classic&quot;}\">\n\t\t\t\t\t<div class=\"e-con-inner\">\n\t\t<div class=\"elementor-element elementor-element-717625e6 e-flex e-con-boxed e-con e-child\" data-id=\"717625e6\" data-element_type=\"container\">\n\t\t\t\t\t<div class=\"e-con-inner\">\n\t\t<div class=\"elementor-element elementor-element-799194fb e-con-full e-flex e-con e-child\" data-id=\"799194fb\" data-element_type=\"container\">\n\t\t\t\t<div class=\"elementor-element elementor-element-8915473 elementor-view-default elementor-widget elementor-widget-icon\" data-id=\"8915473\" data-element_type=\"widget\" data-widget_type=\"icon.default\">\n\t\t\t\t<div class=\"elementor-widget-container\">\n\t\t\t\t\t<div class=\"elementor-icon-wrapper\">\n\t\t\t<div class=\"elementor-icon\">\n\t\t\t<svg aria-hidden=\"true\" class=\"e-font-icon-svg e-fas-check\" viewbox=\"0 0 512 512\" xmlns=\"http:\/\/www.w3.org\/2000\/svg\"><path d=\"M173.898 439.404l-166.4-166.4c-9.997-9.997-9.997-26.206 0-36.204l36.203-36.204c9.997-9.998 26.207-9.998 36.204 0L192 312.69 432.095 72.596c9.997-9.997 26.207-9.997 36.204 0l36.203 36.204c9.997 9.997 9.997 26.206 0 36.204l-294.4 294.401c-9.998 9.997-26.207 9.997-36.204-.001z\"><\/path><\/svg>\t\t\t<\/div>\n\t\t<\/div>\n\t\t\t\t<\/div>\n\t\t\t\t<\/div>\n\t\t\t\t<\/div>\n\t\t<div class=\"elementor-element elementor-element-34f59ac6 e-flex e-con-boxed e-con e-child\" data-id=\"34f59ac6\" data-element_type=\"container\">\n\t\t\t\t\t<div class=\"e-con-inner\">\n\t\t\t\t<div class=\"elementor-element elementor-element-4fb2724a elementor-absolute elementor-widget elementor-widget-heading\" data-id=\"4fb2724a\" data-element_type=\"widget\" data-settings=\"{&quot;_position&quot;:&quot;absolute&quot;}\" data-widget_type=\"heading.default\">\n\t\t\t\t<div class=\"elementor-widget-container\">\n\t\t\t<h2 class=\"elementor-heading-title elementor-size-default\">03.<\/h2>\t\t<\/div>\n\t\t\t\t<\/div>\n\t\t\t\t\t<\/div>\n\t\t\t\t<\/div>\n\t\t\t\t\t<\/div>\n\t\t\t\t<\/div>\n\t\t\t\t<div class=\"elementor-element elementor-element-3ef67f05 elementor-widget elementor-widget-heading\" data-id=\"3ef67f05\" data-element_type=\"widget\" data-widget_type=\"heading.default\">\n\t\t\t\t<div class=\"elementor-widget-container\">\n\t\t\t<h3 class=\"elementor-heading-title elementor-size-default\">A significant reduction in your energy costs<\/h3>\t\t<\/div>\n\t\t\t\t<\/div>\n\t\t\t\t\t<\/div>\n\t\t\t\t<\/div>\n\t\t\t\t\t<\/div>\n\t\t\t\t<\/div>\n\t\t<div class=\"elementor-element elementor-element-7a3a2378 e-flex e-con-boxed e-con e-child\" data-id=\"7a3a2378\" data-element_type=\"container\">\n\t\t\t\t\t<div class=\"e-con-inner\">\n\t\t\t\t<div class=\"elementor-element elementor-element-e108c9f elementor-widget__width-initial elementor-widget elementor-widget-image\" data-id=\"e108c9f\" data-element_type=\"widget\" data-widget_type=\"image.default\">\n\t\t\t\t<div class=\"elementor-widget-container\">\n\t\t\t\t\t\t\t\t\t\t\t\t\t<img decoding=\"async\" width=\"800\" height=\"449\" src=\"https:\/\/www.doem.sk\/wp-content\/uploads\/2024\/10\/3917444078-energy-box-schema-1024x575.jpg\" class=\"attachment-large size-large wp-image-346\" alt=\"\" srcset=\"https:\/\/www.doem.sk\/wp-content\/uploads\/2024\/10\/3917444078-energy-box-schema-1024x575.jpg 1024w, https:\/\/www.doem.sk\/wp-content\/uploads\/2024\/10\/3917444078-energy-box-schema-300x168.jpg 300w, https:\/\/www.doem.sk\/wp-content\/uploads\/2024\/10\/3917444078-energy-box-schema-768x431.jpg 768w, https:\/\/www.doem.sk\/wp-content\/uploads\/2024\/10\/3917444078-energy-box-schema.jpg 1161w\" sizes=\"(max-width: 800px) 100vw, 800px\" \/>\t\t\t\t\t\t\t\t\t\t\t\t\t<\/div>\n\t\t\t\t<\/div>\n\t\t\t\t\t<\/div>\n\t\t\t\t<\/div>\n\t\t\t\t\t<\/div>\n\t\t\t\t<\/div>\n\t\t<div class=\"elementor-element elementor-element-4ad7290f e-flex e-con-boxed e-con e-parent\" data-id=\"4ad7290f\" data-element_type=\"container\" data-settings=\"{&quot;background_background&quot;:&quot;classic&quot;,&quot;shape_divider_bottom&quot;:&quot;triangle&quot;}\">\n\t\t\t\t\t<div class=\"e-con-inner\">\n\t\t\t\t<div class=\"elementor-shape elementor-shape-bottom\" data-negative=\"false\">\n\t\t\t<svg xmlns=\"http:\/\/www.w3.org\/2000\/svg\" viewbox=\"0 0 1000 100\" preserveaspectratio=\"none\">\n\t<path class=\"elementor-shape-fill\" d=\"M500,98.9L0,6.1V0h1000v6.1L500,98.9z\"\/>\n<\/svg>\t\t<\/div>\n\t\t<div class=\"elementor-element elementor-element-3635df85 e-con-full e-flex e-con e-child\" data-id=\"3635df85\" data-element_type=\"container\">\n\t\t\t\t<div class=\"elementor-element elementor-element-227de3b3 elementor-widget elementor-widget-heading\" data-id=\"227de3b3\" data-element_type=\"widget\" data-widget_type=\"heading.default\">\n\t\t\t\t<div class=\"elementor-widget-container\">\n\t\t\t<h2 class=\"elementor-heading-title elementor-size-default\">Do you want to use the heat from the compressor?<\/h2>\t\t<\/div>\n\t\t\t\t<\/div>\n\t\t\t\t<\/div>\n\t\t<div class=\"elementor-element elementor-element-68410dca e-con-full e-flex e-con e-child\" data-id=\"68410dca\" data-element_type=\"container\">\n\t\t\t\t<div class=\"elementor-element elementor-element-27ddc986 animated-slow elementor-invisible elementor-widget elementor-widget-text-editor\" data-id=\"27ddc986\" data-element_type=\"widget\" data-settings=\"{&quot;_animation&quot;:&quot;fadeIn&quot;,&quot;_animation_delay&quot;:300}\" data-widget_type=\"text-editor.default\">\n\t\t\t\t<div class=\"elementor-widget-container\">\n\t\t\t\t\t\t\t<p>Do not hesitate to contact us at any time, our team of experts will be happy to advise you.<\/p>\t\t\t\t\t\t<\/div>\n\t\t\t\t<\/div>\n\t\t\t\t<div class=\"elementor-element elementor-element-5fc690db elementor-mobile-align-center elementor-widget elementor-widget-button\" data-id=\"5fc690db\" data-element_type=\"widget\" data-widget_type=\"button.default\">\n\t\t\t\t<div class=\"elementor-widget-container\">\n\t\t\t\t\t<div class=\"elementor-button-wrapper\">\n\t\t\t<a class=\"elementor-button elementor-button-link elementor-size-sm elementor-animation-grow\" href=\"http:\/\/www.doem.sk\/en\/kontakt\/\">\n\t\t\t\t\t\t<span class=\"elementor-button-content-wrapper\">\n\t\t\t\t\t\t<span class=\"elementor-button-icon\">\n\t\t\t\t<svg aria-hidden=\"true\" class=\"e-font-icon-svg e-fas-arrow-circle-right\" viewbox=\"0 0 512 512\" xmlns=\"http:\/\/www.w3.org\/2000\/svg\"><path d=\"M256 8c137 0 248 111 248 248S393 504 256 504 8 393 8 256 119 8 256 8zm-28.9 143.6l75.5 72.4H120c-13.3 0-24 10.7-24 24v16c0 13.3 10.7 24 24 24h182.6l-75.5 72.4c-9.7 9.3-9.9 24.8-.4 34.3l11 10.9c9.4 9.4 24.6 9.4 33.9 0L404.3 273c9.4-9.4 9.4-24.6 0-33.9L271.6 106.3c-9.4-9.4-24.6-9.4-33.9 0l-11 10.9c-9.5 9.6-9.3 25.1.4 34.4z\"><\/path><\/svg>\t\t\t<\/span>\n\t\t\t\t\t\t\t\t\t<span class=\"elementor-button-text\">Contact us<\/span>\n\t\t\t\t\t<\/span>\n\t\t\t\t\t<\/a>\n\t\t<\/div>\n\t\t\t\t<\/div>\n\t\t\t\t<\/div>\n\t\t\t\t<\/div>\n\t\t\t\t\t<\/div>\n\t\t\t\t<\/div>\n\t\t\t\t<\/div>","protected":false},"excerpt":{"rendered":"<p>DOEM Vyu\u017eitie tepla z kompresorov V dne\u0161nej dobe sa ka\u017ed\u00e1 firma sna\u017e\u00ed o zni\u017eovanie prev\u00e1dzkov\u00fdch n\u00e1kladov a pr\u00e1ve preto je jednou z oblast\u00ed efekt\u00edvnej invest\u00edcie, vyu\u017eitie odpadov\u00e9ho tepla pri v\u00fdrobe stla\u010den\u00e9ho vzduchu. Tak\u00e9to vyu\u017e\u00edvanie skrutkov\u00e9ho kompresora vedie k vysokej n\u00e1vratnosti finan\u010dn\u00fdch prostriedkov. V\u00fdroba stla\u010den\u00e9ho vzduchu sa zara\u010fuje medzi najn\u00e1kladnej\u0161ie premeny energie a pr\u00e1ve pri k\u00fape [&hellip;]<\/p>","protected":false},"author":1,"featured_media":0,"parent":0,"menu_order":0,"comment_status":"closed","ping_status":"closed","template":"elementor_header_footer","meta":{"_monsterinsights_skip_tracking":false,"_monsterinsights_sitenote_active":false,"_monsterinsights_sitenote_note":"","_monsterinsights_sitenote_category":0,"footnotes":""},"class_list":["post-138","page","type-page","status-publish","hentry"],"yoast_head":"<!-- This site is optimized with the Yoast SEO plugin v23.8 - https:\/\/yoast.com\/wordpress\/plugins\/seo\/ -->\n<title>Vyu\u017eitie tepla z kompresorov - DOEM<\/title>\n<meta name=\"robots\" content=\"index, follow, max-snippet:-1, max-image-preview:large, max-video-preview:-1\" \/>\n<link rel=\"canonical\" href=\"https:\/\/www.doem.sk\/en\/vyuzitie-tepla-z-kompresorov\/\" \/>\n<meta property=\"og:locale\" content=\"en_GB\" \/>\n<meta property=\"og:type\" content=\"article\" \/>\n<meta property=\"og:title\" content=\"Vyu\u017eitie tepla z kompresorov - DOEM\" \/>\n<meta property=\"og:description\" content=\"DOEM Vyu\u017eitie tepla z kompresorov V dne\u0161nej dobe sa ka\u017ed\u00e1 firma sna\u017e\u00ed o zni\u017eovanie prev\u00e1dzkov\u00fdch n\u00e1kladov a pr\u00e1ve preto je jednou z oblast\u00ed efekt\u00edvnej invest\u00edcie, vyu\u017eitie odpadov\u00e9ho tepla pri v\u00fdrobe stla\u010den\u00e9ho vzduchu. Tak\u00e9to vyu\u017e\u00edvanie skrutkov\u00e9ho kompresora vedie k vysokej n\u00e1vratnosti finan\u010dn\u00fdch prostriedkov. V\u00fdroba stla\u010den\u00e9ho vzduchu sa zara\u010fuje medzi najn\u00e1kladnej\u0161ie premeny energie a pr\u00e1ve pri k\u00fape [&hellip;]\" \/>\n<meta property=\"og:url\" content=\"https:\/\/www.doem.sk\/en\/vyuzitie-tepla-z-kompresorov\/\" \/>\n<meta property=\"og:site_name\" content=\"DOEM\" \/>\n<meta property=\"article:modified_time\" content=\"2024-10-30T11:39:04+00:00\" \/>\n<meta property=\"og:image\" content=\"http:\/\/www.doem.sk\/wp-content\/uploads\/2024\/10\/3679083969-Energy-box-300x238.png\" \/>\n<meta name=\"twitter:card\" content=\"summary_large_image\" \/>\n<meta name=\"twitter:label1\" content=\"Estimated reading time\" \/>\n\t<meta name=\"twitter:data1\" content=\"2 minutes\" \/>\n<script type=\"application\/ld+json\" class=\"yoast-schema-graph\">{\"@context\":\"https:\/\/schema.org\",\"@graph\":[{\"@type\":\"WebPage\",\"@id\":\"https:\/\/www.doem.sk\/en\/vyuzitie-tepla-z-kompresorov\/\",\"url\":\"https:\/\/www.doem.sk\/en\/vyuzitie-tepla-z-kompresorov\/\",\"name\":\"Vyu\u017eitie tepla z kompresorov - DOEM\",\"isPartOf\":{\"@id\":\"https:\/\/www.doem.sk\/sk\/#website\"},\"primaryImageOfPage\":{\"@id\":\"https:\/\/www.doem.sk\/en\/vyuzitie-tepla-z-kompresorov\/#primaryimage\"},\"image\":{\"@id\":\"https:\/\/www.doem.sk\/en\/vyuzitie-tepla-z-kompresorov\/#primaryimage\"},\"thumbnailUrl\":\"http:\/\/www.doem.sk\/wp-content\/uploads\/2024\/10\/3679083969-Energy-box-300x238.png\",\"datePublished\":\"2024-10-18T07:12:44+00:00\",\"dateModified\":\"2024-10-30T11:39:04+00:00\",\"breadcrumb\":{\"@id\":\"https:\/\/www.doem.sk\/en\/vyuzitie-tepla-z-kompresorov\/#breadcrumb\"},\"inLanguage\":\"en-GB\",\"potentialAction\":[{\"@type\":\"ReadAction\",\"target\":[\"https:\/\/www.doem.sk\/en\/vyuzitie-tepla-z-kompresorov\/\"]}]},{\"@type\":\"ImageObject\",\"inLanguage\":\"en-GB\",\"@id\":\"https:\/\/www.doem.sk\/en\/vyuzitie-tepla-z-kompresorov\/#primaryimage\",\"url\":\"http:\/\/www.doem.sk\/wp-content\/uploads\/2024\/10\/3679083969-Energy-box-300x238.png\",\"contentUrl\":\"http:\/\/www.doem.sk\/wp-content\/uploads\/2024\/10\/3679083969-Energy-box-300x238.png\"},{\"@type\":\"BreadcrumbList\",\"@id\":\"https:\/\/www.doem.sk\/en\/vyuzitie-tepla-z-kompresorov\/#breadcrumb\",\"itemListElement\":[{\"@type\":\"ListItem\",\"position\":1,\"name\":\"Home\",\"item\":\"https:\/\/www.doem.sk\/sk\/\"},{\"@type\":\"ListItem\",\"position\":2,\"name\":\"Vyu\u017eitie tepla z kompresorov\"}]},{\"@type\":\"WebSite\",\"@id\":\"https:\/\/www.doem.sk\/sk\/#website\",\"url\":\"https:\/\/www.doem.sk\/sk\/\",\"name\":\"DOEM\",\"description\":\"U\u017d 30 ROKOV\",\"potentialAction\":[{\"@type\":\"SearchAction\",\"target\":{\"@type\":\"EntryPoint\",\"urlTemplate\":\"https:\/\/www.doem.sk\/sk\/?s={search_term_string}\"},\"query-input\":{\"@type\":\"PropertyValueSpecification\",\"valueRequired\":true,\"valueName\":\"search_term_string\"}}],\"inLanguage\":\"en-GB\"}]}<\/script>\n<!-- \/ Yoast SEO plugin. -->","yoast_head_json":{"title":"Vyu\u017eitie tepla z kompresorov - DOEM","robots":{"index":"index","follow":"follow","max-snippet":"max-snippet:-1","max-image-preview":"max-image-preview:large","max-video-preview":"max-video-preview:-1"},"canonical":"https:\/\/www.doem.sk\/en\/vyuzitie-tepla-z-kompresorov\/","og_locale":"en_GB","og_type":"article","og_title":"Vyu\u017eitie tepla z kompresorov - DOEM","og_description":"DOEM Vyu\u017eitie tepla z kompresorov V dne\u0161nej dobe sa ka\u017ed\u00e1 firma sna\u017e\u00ed o zni\u017eovanie prev\u00e1dzkov\u00fdch n\u00e1kladov a pr\u00e1ve preto je jednou z oblast\u00ed efekt\u00edvnej invest\u00edcie, vyu\u017eitie odpadov\u00e9ho tepla pri v\u00fdrobe stla\u010den\u00e9ho vzduchu. Tak\u00e9to vyu\u017e\u00edvanie skrutkov\u00e9ho kompresora vedie k vysokej n\u00e1vratnosti finan\u010dn\u00fdch prostriedkov. V\u00fdroba stla\u010den\u00e9ho vzduchu sa zara\u010fuje medzi najn\u00e1kladnej\u0161ie premeny energie a pr\u00e1ve pri k\u00fape [&hellip;]","og_url":"https:\/\/www.doem.sk\/en\/vyuzitie-tepla-z-kompresorov\/","og_site_name":"DOEM","article_modified_time":"2024-10-30T11:39:04+00:00","og_image":[{"url":"http:\/\/www.doem.sk\/wp-content\/uploads\/2024\/10\/3679083969-Energy-box-300x238.png"}],"twitter_card":"summary_large_image","twitter_misc":{"Estimated reading time":"2 minutes"},"schema":{"@context":"https:\/\/schema.org","@graph":[{"@type":"WebPage","@id":"https:\/\/www.doem.sk\/en\/vyuzitie-tepla-z-kompresorov\/","url":"https:\/\/www.doem.sk\/en\/vyuzitie-tepla-z-kompresorov\/","name":"Vyu\u017eitie tepla z kompresorov - DOEM","isPartOf":{"@id":"https:\/\/www.doem.sk\/sk\/#website"},"primaryImageOfPage":{"@id":"https:\/\/www.doem.sk\/en\/vyuzitie-tepla-z-kompresorov\/#primaryimage"},"image":{"@id":"https:\/\/www.doem.sk\/en\/vyuzitie-tepla-z-kompresorov\/#primaryimage"},"thumbnailUrl":"http:\/\/www.doem.sk\/wp-content\/uploads\/2024\/10\/3679083969-Energy-box-300x238.png","datePublished":"2024-10-18T07:12:44+00:00","dateModified":"2024-10-30T11:39:04+00:00","breadcrumb":{"@id":"https:\/\/www.doem.sk\/en\/vyuzitie-tepla-z-kompresorov\/#breadcrumb"},"inLanguage":"en-GB","potentialAction":[{"@type":"ReadAction","target":["https:\/\/www.doem.sk\/en\/vyuzitie-tepla-z-kompresorov\/"]}]},{"@type":"ImageObject","inLanguage":"en-GB","@id":"https:\/\/www.doem.sk\/en\/vyuzitie-tepla-z-kompresorov\/#primaryimage","url":"http:\/\/www.doem.sk\/wp-content\/uploads\/2024\/10\/3679083969-Energy-box-300x238.png","contentUrl":"http:\/\/www.doem.sk\/wp-content\/uploads\/2024\/10\/3679083969-Energy-box-300x238.png"},{"@type":"BreadcrumbList","@id":"https:\/\/www.doem.sk\/en\/vyuzitie-tepla-z-kompresorov\/#breadcrumb","itemListElement":[{"@type":"ListItem","position":1,"name":"Home","item":"https:\/\/www.doem.sk\/sk\/"},{"@type":"ListItem","position":2,"name":"Vyu\u017eitie tepla z kompresorov"}]},{"@type":"WebSite","@id":"https:\/\/www.doem.sk\/sk\/#website","url":"https:\/\/www.doem.sk\/sk\/","name":"DOEM","description":"U\u017d 30 ROKOV","potentialAction":[{"@type":"SearchAction","target":{"@type":"EntryPoint","urlTemplate":"https:\/\/www.doem.sk\/sk\/?s={search_term_string}"},"query-input":{"@type":"PropertyValueSpecification","valueRequired":true,"valueName":"search_term_string"}}],"inLanguage":"en-GB"}]}},"_links":{"self":[{"href":"https:\/\/www.doem.sk\/en\/wp-json\/wp\/v2\/pages\/138"}],"collection":[{"href":"https:\/\/www.doem.sk\/en\/wp-json\/wp\/v2\/pages"}],"about":[{"href":"https:\/\/www.doem.sk\/en\/wp-json\/wp\/v2\/types\/page"}],"author":[{"embeddable":true,"href":"https:\/\/www.doem.sk\/en\/wp-json\/wp\/v2\/users\/1"}],"replies":[{"embeddable":true,"href":"https:\/\/www.doem.sk\/en\/wp-json\/wp\/v2\/comments?post=138"}],"version-history":[{"count":6,"href":"https:\/\/www.doem.sk\/en\/wp-json\/wp\/v2\/pages\/138\/revisions"}],"predecessor-version":[{"id":880,"href":"https:\/\/www.doem.sk\/en\/wp-json\/wp\/v2\/pages\/138\/revisions\/880"}],"wp:attachment":[{"href":"https:\/\/www.doem.sk\/en\/wp-json\/wp\/v2\/media?parent=138"}],"curies":[{"name":"wp","href":"https:\/\/api.w.org\/{rel}","templated":true}]}}