{"id":140,"date":"2024-10-18T09:13:53","date_gmt":"2024-10-18T07:13:53","guid":{"rendered":"http:\/\/www.doem.sk\/?page_id=140"},"modified":"2024-11-20T08:37:37","modified_gmt":"2024-11-20T07:37:37","slug":"meranie-prietokov-a-spotrieb-stlaceneho-vzduchu","status":"publish","type":"page","link":"https:\/\/www.doem.sk\/en\/meranie-prietokov-a-spotrieb-stlaceneho-vzduchu\/","title":{"rendered":"Measurement of compressed air flows and consumption"},"content":{"rendered":"<div data-elementor-type=\"wp-page\" data-elementor-id=\"140\" class=\"elementor elementor-140\" data-elementor-post-type=\"page\">\n\t\t\t\t<div class=\"elementor-element elementor-element-bd7fe5b e-flex e-con-boxed e-con e-parent\" data-id=\"bd7fe5b\" data-element_type=\"container\" data-settings=\"{&quot;background_background&quot;:&quot;classic&quot;,&quot;shape_divider_bottom&quot;:&quot;triangle&quot;}\">\n\t\t\t\t\t<div class=\"e-con-inner\">\n\t\t\t\t<div class=\"elementor-shape elementor-shape-bottom\" data-negative=\"false\">\n\t\t\t<svg xmlns=\"http:\/\/www.w3.org\/2000\/svg\" viewbox=\"0 0 1000 100\" preserveaspectratio=\"none\">\n\t<path class=\"elementor-shape-fill\" d=\"M500,98.9L0,6.1V0h1000v6.1L500,98.9z\"\/>\n<\/svg>\t\t<\/div>\n\t\t<div class=\"elementor-element elementor-element-5f27b6a9 e-flex e-con-boxed e-con e-child\" data-id=\"5f27b6a9\" data-element_type=\"container\">\n\t\t\t\t\t<div class=\"e-con-inner\">\n\t\t\t\t<div class=\"elementor-element elementor-element-7b2bb1e3 elementor-widget elementor-widget-heading\" data-id=\"7b2bb1e3\" data-element_type=\"widget\" data-widget_type=\"heading.default\">\n\t\t\t\t<div class=\"elementor-widget-container\">\n\t\t\t<h2 class=\"elementor-heading-title elementor-size-default\">MEASUREMENT<\/h2>\t\t<\/div>\n\t\t\t\t<\/div>\n\t\t\t\t<div class=\"elementor-element elementor-element-7cdf41b0 elementor-widget elementor-widget-heading\" data-id=\"7cdf41b0\" data-element_type=\"widget\" data-widget_type=\"heading.default\">\n\t\t\t\t<div class=\"elementor-widget-container\">\n\t\t\t<h1 class=\"elementor-heading-title elementor-size-default\">Measurement<\/h1>\t\t<\/div>\n\t\t\t\t<\/div>\n\t\t\t\t\t<\/div>\n\t\t\t\t<\/div>\n\t\t\t\t\t<\/div>\n\t\t\t\t<\/div>\n\t\t<div class=\"elementor-element elementor-element-43786e40 e-flex e-con-boxed e-con e-parent\" data-id=\"43786e40\" data-element_type=\"container\">\n\t\t\t\t\t<div class=\"e-con-inner\">\n\t\t<div class=\"elementor-element elementor-element-1974d488 e-flex e-con-boxed e-con e-child\" data-id=\"1974d488\" data-element_type=\"container\">\n\t\t\t\t\t<div class=\"e-con-inner\">\n\t\t\t\t<div class=\"elementor-element elementor-element-9a08ff1 elementor-widget elementor-widget-heading\" data-id=\"9a08ff1\" data-element_type=\"widget\" data-widget_type=\"heading.default\">\n\t\t\t\t<div class=\"elementor-widget-container\">\n\t\t\t<h2 class=\"elementor-heading-title elementor-size-default\">Measurement of compressed air flows and consumption<\/h2>\t\t<\/div>\n\t\t\t\t<\/div>\n\t\t\t\t<div class=\"elementor-element elementor-element-26cbb7ce elementor-widget elementor-widget-text-editor\" data-id=\"26cbb7ce\" data-element_type=\"widget\" data-widget_type=\"text-editor.default\">\n\t\t\t\t<div class=\"elementor-widget-container\">\n\t\t\t\t\t\t\t<p>Effective use of compressed air is not only important for cost control, but also for environmental aspects <br \/>and overall sustainability of production processes. In this context, measuring devices are an essential tool for accurate consumption monitoring and identification of optimization opportunities.<\/p><p>Thanks to continuous monitoring, you can not only better control your energy costs in your company, but also identify potential leaks or inefficient systems. This not only contributes to cost savings, but also minimizes the environmental footprint of production.<\/p>\t\t\t\t\t\t<\/div>\n\t\t\t\t<\/div>\n\t\t\t\t\t<\/div>\n\t\t\t\t<\/div>\n\t\t<div class=\"elementor-element elementor-element-212a68a1 e-flex e-con-boxed e-con e-child\" data-id=\"212a68a1\" data-element_type=\"container\">\n\t\t\t\t\t<div class=\"e-con-inner\">\n\t\t\t\t<div class=\"elementor-element elementor-element-af5c768 elementor-widget elementor-widget-image\" data-id=\"af5c768\" data-element_type=\"widget\" data-widget_type=\"image.default\">\n\t\t\t\t<div class=\"elementor-widget-container\">\n\t\t\t\t\t\t\t\t\t\t\t\t\t<img fetchpriority=\"high\" decoding=\"async\" width=\"800\" height=\"534\" src=\"https:\/\/www.doem.sk\/wp-content\/uploads\/2024\/10\/Meranie-prietoku-1024x684.jpg\" class=\"attachment-large size-large wp-image-358\" alt=\"\" srcset=\"https:\/\/www.doem.sk\/wp-content\/uploads\/2024\/10\/Meranie-prietoku-1024x684.jpg 1024w, https:\/\/www.doem.sk\/wp-content\/uploads\/2024\/10\/Meranie-prietoku-300x200.jpg 300w, https:\/\/www.doem.sk\/wp-content\/uploads\/2024\/10\/Meranie-prietoku-768x513.jpg 768w, https:\/\/www.doem.sk\/wp-content\/uploads\/2024\/10\/Meranie-prietoku-1536x1025.jpg 1536w, https:\/\/www.doem.sk\/wp-content\/uploads\/2024\/10\/Meranie-prietoku.jpg 2048w\" sizes=\"(max-width: 800px) 100vw, 800px\" \/>\t\t\t\t\t\t\t\t\t\t\t\t\t<\/div>\n\t\t\t\t<\/div>\n\t\t\t\t\t<\/div>\n\t\t\t\t<\/div>\n\t\t\t\t\t<\/div>\n\t\t\t\t<\/div>\n\t\t<div class=\"elementor-element elementor-element-593799c4 e-flex e-con-boxed e-con e-parent\" data-id=\"593799c4\" data-element_type=\"container\" data-settings=\"{&quot;background_background&quot;:&quot;classic&quot;,&quot;shape_divider_bottom&quot;:&quot;triangle&quot;}\">\n\t\t\t\t\t<div class=\"e-con-inner\">\n\t\t\t\t<div class=\"elementor-shape elementor-shape-bottom\" data-negative=\"false\">\n\t\t\t<svg xmlns=\"http:\/\/www.w3.org\/2000\/svg\" viewbox=\"0 0 1000 100\" preserveaspectratio=\"none\">\n\t<path class=\"elementor-shape-fill\" d=\"M500,98.9L0,6.1V0h1000v6.1L500,98.9z\"\/>\n<\/svg>\t\t<\/div>\n\t\t<div class=\"elementor-element elementor-element-c41c7c5 e-con-full e-flex e-con e-child\" data-id=\"c41c7c5\" data-element_type=\"container\">\n\t\t\t\t<div class=\"elementor-element elementor-element-4672ce31 elementor-widget elementor-widget-heading\" data-id=\"4672ce31\" data-element_type=\"widget\" data-widget_type=\"heading.default\">\n\t\t\t\t<div class=\"elementor-widget-container\">\n\t\t\t<h2 class=\"elementor-heading-title elementor-size-default\">Do you need advice on measuring flow and consumption?<\/h2>\t\t<\/div>\n\t\t\t\t<\/div>\n\t\t\t\t<\/div>\n\t\t<div class=\"elementor-element elementor-element-189ec6ed e-con-full e-flex e-con e-child\" data-id=\"189ec6ed\" data-element_type=\"container\">\n\t\t\t\t<div class=\"elementor-element elementor-element-cac4cf9 elementor-widget elementor-widget-text-editor\" data-id=\"cac4cf9\" data-element_type=\"widget\" data-widget_type=\"text-editor.default\">\n\t\t\t\t<div class=\"elementor-widget-container\">\n\t\t\t\t\t\t\t<p>Do not hesitate to contact us at any time. Our team of compressed air experts is here for you!<\/p>\t\t\t\t\t\t<\/div>\n\t\t\t\t<\/div>\n\t\t\t\t<div class=\"elementor-element elementor-element-fb6bcda elementor-mobile-align-center elementor-widget elementor-widget-button\" data-id=\"fb6bcda\" data-element_type=\"widget\" data-widget_type=\"button.default\">\n\t\t\t\t<div class=\"elementor-widget-container\">\n\t\t\t\t\t<div class=\"elementor-button-wrapper\">\n\t\t\t<a class=\"elementor-button elementor-button-link elementor-size-sm elementor-animation-grow\" href=\"http:\/\/www.doem.sk\/en\/kontakt\/\">\n\t\t\t\t\t\t<span class=\"elementor-button-content-wrapper\">\n\t\t\t\t\t\t<span class=\"elementor-button-icon\">\n\t\t\t\t<svg aria-hidden=\"true\" class=\"e-font-icon-svg e-fas-arrow-circle-right\" viewbox=\"0 0 512 512\" xmlns=\"http:\/\/www.w3.org\/2000\/svg\"><path d=\"M256 8c137 0 248 111 248 248S393 504 256 504 8 393 8 256 119 8 256 8zm-28.9 143.6l75.5 72.4H120c-13.3 0-24 10.7-24 24v16c0 13.3 10.7 24 24 24h182.6l-75.5 72.4c-9.7 9.3-9.9 24.8-.4 34.3l11 10.9c9.4 9.4 24.6 9.4 33.9 0L404.3 273c9.4-9.4 9.4-24.6 0-33.9L271.6 106.3c-9.4-9.4-24.6-9.4-33.9 0l-11 10.9c-9.5 9.6-9.3 25.1.4 34.4z\"><\/path><\/svg>\t\t\t<\/span>\n\t\t\t\t\t\t\t\t\t<span class=\"elementor-button-text\">Contact us<\/span>\n\t\t\t\t\t<\/span>\n\t\t\t\t\t<\/a>\n\t\t<\/div>\n\t\t\t\t<\/div>\n\t\t\t\t<\/div>\n\t\t\t\t<\/div>\n\t\t\t\t\t<\/div>\n\t\t\t\t<\/div>\n\t\t\t\t<\/div>","protected":false},"excerpt":{"rendered":"<p>MERANIE Meranie Meranie prietokov a spotrieb stla\u010den\u00e9ho vzduchu Efekt\u00edvne vyu\u017eitie stla\u010den\u00e9ho vzduchu nie je d\u00f4le\u017eit\u00e9 len pre kontrolu n\u00e1kladov, ale aj pre environment\u00e1lne aspekty a celkov\u00fa udr\u017eate\u013enos\u0165 v\u00fdrobn\u00fdch procesov. V tejto s\u00favislosti s\u00fa meracie zariadenia nevyhnutn\u00fdm n\u00e1strojom na presn\u00e9 monitorovanie spotreby a identifik\u00e1ciu mo\u017enost\u00ed optimaliz\u00e1cie. V\u010faka nepretr\u017eit\u00e9mu monitorovaniu m\u00f4\u017eete vo va\u0161ej spolo\u010dnosti nielen lep\u0161ie kontrolova\u0165 [&hellip;]<\/p>","protected":false},"author":1,"featured_media":0,"parent":0,"menu_order":0,"comment_status":"closed","ping_status":"closed","template":"elementor_header_footer","meta":{"_monsterinsights_skip_tracking":false,"_monsterinsights_sitenote_active":false,"_monsterinsights_sitenote_note":"","_monsterinsights_sitenote_category":0,"footnotes":""},"class_list":["post-140","page","type-page","status-publish","hentry"],"yoast_head":"<!-- This site is optimized with the Yoast SEO plugin v23.8 - https:\/\/yoast.com\/wordpress\/plugins\/seo\/ -->\n<title>Meranie prietokov a spotrieb stla\u010den\u00e9ho vzduchu - DOEM<\/title>\n<meta name=\"robots\" content=\"index, follow, max-snippet:-1, max-image-preview:large, max-video-preview:-1\" \/>\n<link rel=\"canonical\" href=\"https:\/\/www.doem.sk\/en\/meranie-prietokov-a-spotrieb-stlaceneho-vzduchu\/\" \/>\n<meta property=\"og:locale\" content=\"en_GB\" \/>\n<meta property=\"og:type\" content=\"article\" \/>\n<meta property=\"og:title\" content=\"Meranie prietokov a spotrieb stla\u010den\u00e9ho vzduchu - DOEM\" \/>\n<meta property=\"og:description\" content=\"MERANIE Meranie Meranie prietokov a spotrieb stla\u010den\u00e9ho vzduchu Efekt\u00edvne vyu\u017eitie stla\u010den\u00e9ho vzduchu nie je d\u00f4le\u017eit\u00e9 len pre kontrolu n\u00e1kladov, ale aj pre environment\u00e1lne aspekty a celkov\u00fa udr\u017eate\u013enos\u0165 v\u00fdrobn\u00fdch procesov. V tejto s\u00favislosti s\u00fa meracie zariadenia nevyhnutn\u00fdm n\u00e1strojom na presn\u00e9 monitorovanie spotreby a identifik\u00e1ciu mo\u017enost\u00ed optimaliz\u00e1cie. V\u010faka nepretr\u017eit\u00e9mu monitorovaniu m\u00f4\u017eete vo va\u0161ej spolo\u010dnosti nielen lep\u0161ie kontrolova\u0165 [&hellip;]\" \/>\n<meta property=\"og:url\" content=\"https:\/\/www.doem.sk\/en\/meranie-prietokov-a-spotrieb-stlaceneho-vzduchu\/\" \/>\n<meta property=\"og:site_name\" content=\"DOEM\" \/>\n<meta property=\"article:modified_time\" content=\"2024-11-20T07:37:37+00:00\" \/>\n<meta property=\"og:image\" content=\"http:\/\/www.doem.sk\/wp-content\/uploads\/2024\/10\/Meranie-prietoku-1024x684.jpg\" \/>\n<meta name=\"twitter:card\" content=\"summary_large_image\" \/>\n<meta name=\"twitter:label1\" content=\"Estimated reading time\" \/>\n\t<meta name=\"twitter:data1\" content=\"1 minute\" \/>\n<script type=\"application\/ld+json\" class=\"yoast-schema-graph\">{\"@context\":\"https:\/\/schema.org\",\"@graph\":[{\"@type\":\"WebPage\",\"@id\":\"https:\/\/www.doem.sk\/en\/meranie-prietokov-a-spotrieb-stlaceneho-vzduchu\/\",\"url\":\"https:\/\/www.doem.sk\/en\/meranie-prietokov-a-spotrieb-stlaceneho-vzduchu\/\",\"name\":\"Meranie prietokov a spotrieb stla\u010den\u00e9ho vzduchu - DOEM\",\"isPartOf\":{\"@id\":\"https:\/\/www.doem.sk\/sk\/#website\"},\"primaryImageOfPage\":{\"@id\":\"https:\/\/www.doem.sk\/en\/meranie-prietokov-a-spotrieb-stlaceneho-vzduchu\/#primaryimage\"},\"image\":{\"@id\":\"https:\/\/www.doem.sk\/en\/meranie-prietokov-a-spotrieb-stlaceneho-vzduchu\/#primaryimage\"},\"thumbnailUrl\":\"http:\/\/www.doem.sk\/wp-content\/uploads\/2024\/10\/Meranie-prietoku-1024x684.jpg\",\"datePublished\":\"2024-10-18T07:13:53+00:00\",\"dateModified\":\"2024-11-20T07:37:37+00:00\",\"breadcrumb\":{\"@id\":\"https:\/\/www.doem.sk\/en\/meranie-prietokov-a-spotrieb-stlaceneho-vzduchu\/#breadcrumb\"},\"inLanguage\":\"en-GB\",\"potentialAction\":[{\"@type\":\"ReadAction\",\"target\":[\"https:\/\/www.doem.sk\/en\/meranie-prietokov-a-spotrieb-stlaceneho-vzduchu\/\"]}]},{\"@type\":\"ImageObject\",\"inLanguage\":\"en-GB\",\"@id\":\"https:\/\/www.doem.sk\/en\/meranie-prietokov-a-spotrieb-stlaceneho-vzduchu\/#primaryimage\",\"url\":\"http:\/\/www.doem.sk\/wp-content\/uploads\/2024\/10\/Meranie-prietoku-1024x684.jpg\",\"contentUrl\":\"http:\/\/www.doem.sk\/wp-content\/uploads\/2024\/10\/Meranie-prietoku-1024x684.jpg\"},{\"@type\":\"BreadcrumbList\",\"@id\":\"https:\/\/www.doem.sk\/en\/meranie-prietokov-a-spotrieb-stlaceneho-vzduchu\/#breadcrumb\",\"itemListElement\":[{\"@type\":\"ListItem\",\"position\":1,\"name\":\"Home\",\"item\":\"https:\/\/www.doem.sk\/sk\/\"},{\"@type\":\"ListItem\",\"position\":2,\"name\":\"Meranie prietokov a spotrieb stla\u010den\u00e9ho vzduchu\"}]},{\"@type\":\"WebSite\",\"@id\":\"https:\/\/www.doem.sk\/sk\/#website\",\"url\":\"https:\/\/www.doem.sk\/sk\/\",\"name\":\"DOEM\",\"description\":\"U\u017d 30 ROKOV\",\"potentialAction\":[{\"@type\":\"SearchAction\",\"target\":{\"@type\":\"EntryPoint\",\"urlTemplate\":\"https:\/\/www.doem.sk\/sk\/?s={search_term_string}\"},\"query-input\":{\"@type\":\"PropertyValueSpecification\",\"valueRequired\":true,\"valueName\":\"search_term_string\"}}],\"inLanguage\":\"en-GB\"}]}<\/script>\n<!-- \/ Yoast SEO plugin. -->","yoast_head_json":{"title":"Meranie prietokov a spotrieb stla\u010den\u00e9ho vzduchu - DOEM","robots":{"index":"index","follow":"follow","max-snippet":"max-snippet:-1","max-image-preview":"max-image-preview:large","max-video-preview":"max-video-preview:-1"},"canonical":"https:\/\/www.doem.sk\/en\/meranie-prietokov-a-spotrieb-stlaceneho-vzduchu\/","og_locale":"en_GB","og_type":"article","og_title":"Meranie prietokov a spotrieb stla\u010den\u00e9ho vzduchu - DOEM","og_description":"MERANIE Meranie Meranie prietokov a spotrieb stla\u010den\u00e9ho vzduchu Efekt\u00edvne vyu\u017eitie stla\u010den\u00e9ho vzduchu nie je d\u00f4le\u017eit\u00e9 len pre kontrolu n\u00e1kladov, ale aj pre environment\u00e1lne aspekty a celkov\u00fa udr\u017eate\u013enos\u0165 v\u00fdrobn\u00fdch procesov. V tejto s\u00favislosti s\u00fa meracie zariadenia nevyhnutn\u00fdm n\u00e1strojom na presn\u00e9 monitorovanie spotreby a identifik\u00e1ciu mo\u017enost\u00ed optimaliz\u00e1cie. V\u010faka nepretr\u017eit\u00e9mu monitorovaniu m\u00f4\u017eete vo va\u0161ej spolo\u010dnosti nielen lep\u0161ie kontrolova\u0165 [&hellip;]","og_url":"https:\/\/www.doem.sk\/en\/meranie-prietokov-a-spotrieb-stlaceneho-vzduchu\/","og_site_name":"DOEM","article_modified_time":"2024-11-20T07:37:37+00:00","og_image":[{"url":"http:\/\/www.doem.sk\/wp-content\/uploads\/2024\/10\/Meranie-prietoku-1024x684.jpg"}],"twitter_card":"summary_large_image","twitter_misc":{"Estimated reading time":"1 minute"},"schema":{"@context":"https:\/\/schema.org","@graph":[{"@type":"WebPage","@id":"https:\/\/www.doem.sk\/en\/meranie-prietokov-a-spotrieb-stlaceneho-vzduchu\/","url":"https:\/\/www.doem.sk\/en\/meranie-prietokov-a-spotrieb-stlaceneho-vzduchu\/","name":"Meranie prietokov a spotrieb stla\u010den\u00e9ho vzduchu - DOEM","isPartOf":{"@id":"https:\/\/www.doem.sk\/sk\/#website"},"primaryImageOfPage":{"@id":"https:\/\/www.doem.sk\/en\/meranie-prietokov-a-spotrieb-stlaceneho-vzduchu\/#primaryimage"},"image":{"@id":"https:\/\/www.doem.sk\/en\/meranie-prietokov-a-spotrieb-stlaceneho-vzduchu\/#primaryimage"},"thumbnailUrl":"http:\/\/www.doem.sk\/wp-content\/uploads\/2024\/10\/Meranie-prietoku-1024x684.jpg","datePublished":"2024-10-18T07:13:53+00:00","dateModified":"2024-11-20T07:37:37+00:00","breadcrumb":{"@id":"https:\/\/www.doem.sk\/en\/meranie-prietokov-a-spotrieb-stlaceneho-vzduchu\/#breadcrumb"},"inLanguage":"en-GB","potentialAction":[{"@type":"ReadAction","target":["https:\/\/www.doem.sk\/en\/meranie-prietokov-a-spotrieb-stlaceneho-vzduchu\/"]}]},{"@type":"ImageObject","inLanguage":"en-GB","@id":"https:\/\/www.doem.sk\/en\/meranie-prietokov-a-spotrieb-stlaceneho-vzduchu\/#primaryimage","url":"http:\/\/www.doem.sk\/wp-content\/uploads\/2024\/10\/Meranie-prietoku-1024x684.jpg","contentUrl":"http:\/\/www.doem.sk\/wp-content\/uploads\/2024\/10\/Meranie-prietoku-1024x684.jpg"},{"@type":"BreadcrumbList","@id":"https:\/\/www.doem.sk\/en\/meranie-prietokov-a-spotrieb-stlaceneho-vzduchu\/#breadcrumb","itemListElement":[{"@type":"ListItem","position":1,"name":"Home","item":"https:\/\/www.doem.sk\/sk\/"},{"@type":"ListItem","position":2,"name":"Meranie prietokov a spotrieb stla\u010den\u00e9ho vzduchu"}]},{"@type":"WebSite","@id":"https:\/\/www.doem.sk\/sk\/#website","url":"https:\/\/www.doem.sk\/sk\/","name":"DOEM","description":"U\u017d 30 ROKOV","potentialAction":[{"@type":"SearchAction","target":{"@type":"EntryPoint","urlTemplate":"https:\/\/www.doem.sk\/sk\/?s={search_term_string}"},"query-input":{"@type":"PropertyValueSpecification","valueRequired":true,"valueName":"search_term_string"}}],"inLanguage":"en-GB"}]}},"_links":{"self":[{"href":"https:\/\/www.doem.sk\/en\/wp-json\/wp\/v2\/pages\/140"}],"collection":[{"href":"https:\/\/www.doem.sk\/en\/wp-json\/wp\/v2\/pages"}],"about":[{"href":"https:\/\/www.doem.sk\/en\/wp-json\/wp\/v2\/types\/page"}],"author":[{"embeddable":true,"href":"https:\/\/www.doem.sk\/en\/wp-json\/wp\/v2\/users\/1"}],"replies":[{"embeddable":true,"href":"https:\/\/www.doem.sk\/en\/wp-json\/wp\/v2\/comments?post=140"}],"version-history":[{"count":6,"href":"https:\/\/www.doem.sk\/en\/wp-json\/wp\/v2\/pages\/140\/revisions"}],"predecessor-version":[{"id":1279,"href":"https:\/\/www.doem.sk\/en\/wp-json\/wp\/v2\/pages\/140\/revisions\/1279"}],"wp:attachment":[{"href":"https:\/\/www.doem.sk\/en\/wp-json\/wp\/v2\/media?parent=140"}],"curies":[{"name":"wp","href":"https:\/\/api.w.org\/{rel}","templated":true}]}}