{"id":142,"date":"2024-10-18T09:14:21","date_gmt":"2024-10-18T07:14:21","guid":{"rendered":"http:\/\/www.doem.sk\/?page_id=142"},"modified":"2024-11-20T08:39:18","modified_gmt":"2024-11-20T07:39:18","slug":"energeticke-audity","status":"publish","type":"page","link":"https:\/\/www.doem.sk\/en\/energeticke-audity\/","title":{"rendered":"Energy audits"},"content":{"rendered":"<div data-elementor-type=\"wp-page\" data-elementor-id=\"142\" class=\"elementor elementor-142\" data-elementor-post-type=\"page\">\n\t\t\t\t<div class=\"elementor-element elementor-element-56529ad9 e-flex e-con-boxed e-con e-parent\" data-id=\"56529ad9\" data-element_type=\"container\" data-settings=\"{&quot;background_background&quot;:&quot;classic&quot;,&quot;shape_divider_bottom&quot;:&quot;triangle&quot;}\">\n\t\t\t\t\t<div class=\"e-con-inner\">\n\t\t\t\t<div class=\"elementor-shape elementor-shape-bottom\" data-negative=\"false\">\n\t\t\t<svg xmlns=\"http:\/\/www.w3.org\/2000\/svg\" viewbox=\"0 0 1000 100\" preserveaspectratio=\"none\">\n\t<path class=\"elementor-shape-fill\" d=\"M500,98.9L0,6.1V0h1000v6.1L500,98.9z\"\/>\n<\/svg>\t\t<\/div>\n\t\t<div class=\"elementor-element elementor-element-461acac5 e-flex e-con-boxed e-con e-child\" data-id=\"461acac5\" data-element_type=\"container\">\n\t\t\t\t\t<div class=\"e-con-inner\">\n\t\t\t\t<div class=\"elementor-element elementor-element-22474e20 elementor-hidden-desktop elementor-widget elementor-widget-heading\" data-id=\"22474e20\" data-element_type=\"widget\" data-widget_type=\"heading.default\">\n\t\t\t\t<div class=\"elementor-widget-container\">\n\t\t\t<h2 class=\"elementor-heading-title elementor-size-default\">ENERGY AUDITS<\/h2>\t\t<\/div>\n\t\t\t\t<\/div>\n\t\t\t\t<div class=\"elementor-element elementor-element-178b2f3 elementor-hidden-tablet elementor-hidden-mobile elementor-widget elementor-widget-heading\" data-id=\"178b2f3\" data-element_type=\"widget\" data-widget_type=\"heading.default\">\n\t\t\t\t<div class=\"elementor-widget-container\">\n\t\t\t<h2 class=\"elementor-heading-title elementor-size-default\">ENERGY AUDITS<\/h2>\t\t<\/div>\n\t\t\t\t<\/div>\n\t\t\t\t<div class=\"elementor-element elementor-element-7b4f68d elementor-widget elementor-widget-heading\" data-id=\"7b4f68d\" data-element_type=\"widget\" data-widget_type=\"heading.default\">\n\t\t\t\t<div class=\"elementor-widget-container\">\n\t\t\t<h1 class=\"elementor-heading-title elementor-size-default\">Energy audits<\/h1>\t\t<\/div>\n\t\t\t\t<\/div>\n\t\t\t\t\t<\/div>\n\t\t\t\t<\/div>\n\t\t\t\t\t<\/div>\n\t\t\t\t<\/div>\n\t\t<div class=\"elementor-element elementor-element-59b5c966 e-flex e-con-boxed e-con e-parent\" data-id=\"59b5c966\" data-element_type=\"container\">\n\t\t\t\t\t<div class=\"e-con-inner\">\n\t\t<div class=\"elementor-element elementor-element-2ef46e02 e-flex e-con-boxed e-con e-child\" data-id=\"2ef46e02\" data-element_type=\"container\">\n\t\t\t\t\t<div class=\"e-con-inner\">\n\t\t\t\t<div class=\"elementor-element elementor-element-70480830 elementor-widget elementor-widget-heading\" data-id=\"70480830\" data-element_type=\"widget\" data-widget_type=\"heading.default\">\n\t\t\t\t<div class=\"elementor-widget-container\">\n\t\t\t<h2 class=\"elementor-heading-title elementor-size-default\">Energy audits of efficient compressed air production <\/h2>\t\t<\/div>\n\t\t\t\t<\/div>\n\t\t\t\t\t<\/div>\n\t\t\t\t<\/div>\n\t\t\t\t\t<\/div>\n\t\t\t\t<\/div>\n\t\t<div class=\"elementor-element elementor-element-3b2b91cf e-flex e-con-boxed e-con e-parent\" data-id=\"3b2b91cf\" data-element_type=\"container\">\n\t\t\t\t\t<div class=\"e-con-inner\">\n\t\t<div class=\"elementor-element elementor-element-36b42618 e-flex e-con-boxed e-con e-child\" data-id=\"36b42618\" data-element_type=\"container\">\n\t\t\t\t\t<div class=\"e-con-inner\">\n\t\t<div class=\"elementor-element elementor-element-27f454bd e-flex e-con-boxed e-con e-child\" data-id=\"27f454bd\" data-element_type=\"container\" data-settings=\"{&quot;background_background&quot;:&quot;classic&quot;}\">\n\t\t\t\t\t<div class=\"e-con-inner\">\n\t\t<div class=\"elementor-element elementor-element-2b302c67 e-flex e-con-boxed e-con e-child\" data-id=\"2b302c67\" data-element_type=\"container\">\n\t\t\t\t\t<div class=\"e-con-inner\">\n\t\t<div class=\"elementor-element elementor-element-6580e01c e-con-full e-flex e-con e-child\" data-id=\"6580e01c\" data-element_type=\"container\">\n\t\t\t\t<div class=\"elementor-element elementor-element-6e9fc93 elementor-view-default elementor-widget elementor-widget-icon\" data-id=\"6e9fc93\" data-element_type=\"widget\" data-widget_type=\"icon.default\">\n\t\t\t\t<div class=\"elementor-widget-container\">\n\t\t\t\t\t<div class=\"elementor-icon-wrapper\">\n\t\t\t<div class=\"elementor-icon\">\n\t\t\t<i aria-hidden=\"true\" class=\"icon icon-Battery\"><\/i>\t\t\t<\/div>\n\t\t<\/div>\n\t\t\t\t<\/div>\n\t\t\t\t<\/div>\n\t\t\t\t<\/div>\n\t\t\t\t\t<\/div>\n\t\t\t\t<\/div>\n\t\t\t\t<div class=\"elementor-element elementor-element-1c2377b elementor-widget elementor-widget-heading\" data-id=\"1c2377b\" data-element_type=\"widget\" data-widget_type=\"heading.default\">\n\t\t\t\t<div class=\"elementor-widget-container\">\n\t\t\t<h3 class=\"elementor-heading-title elementor-size-default\">Measurement of electricity consumption<\/h3>\t\t<\/div>\n\t\t\t\t<\/div>\n\t\t\t\t\t<\/div>\n\t\t\t\t<\/div>\n\t\t<div class=\"elementor-element elementor-element-788cf831 e-flex e-con-boxed e-con e-child\" data-id=\"788cf831\" data-element_type=\"container\" data-settings=\"{&quot;background_background&quot;:&quot;classic&quot;}\">\n\t\t\t\t\t<div class=\"e-con-inner\">\n\t\t<div class=\"elementor-element elementor-element-70541858 e-flex e-con-boxed e-con e-child\" data-id=\"70541858\" data-element_type=\"container\">\n\t\t\t\t\t<div class=\"e-con-inner\">\n\t\t<div class=\"elementor-element elementor-element-22fa57da e-con-full e-flex e-con e-child\" data-id=\"22fa57da\" data-element_type=\"container\">\n\t\t\t\t<div class=\"elementor-element elementor-element-f55b4d1 elementor-view-default elementor-widget elementor-widget-icon\" data-id=\"f55b4d1\" data-element_type=\"widget\" data-widget_type=\"icon.default\">\n\t\t\t\t<div class=\"elementor-widget-container\">\n\t\t\t\t\t<div class=\"elementor-icon-wrapper\">\n\t\t\t<div class=\"elementor-icon\">\n\t\t\t<svg aria-hidden=\"true\" class=\"e-font-icon-svg e-fas-compress-arrows-alt\" viewbox=\"0 0 512 512\" xmlns=\"http:\/\/www.w3.org\/2000\/svg\"><path d=\"M200 288H88c-21.4 0-32.1 25.8-17 41l32.9 31-99.2 99.3c-6.2 6.2-6.2 16.4 0 22.6l25.4 25.4c6.2 6.2 16.4 6.2 22.6 0L152 408l31.1 33c15.1 15.1 40.9 4.4 40.9-17V312c0-13.3-10.7-24-24-24zm112-64h112c21.4 0 32.1-25.9 17-41l-33-31 99.3-99.3c6.2-6.2 6.2-16.4 0-22.6L481.9 4.7c-6.2-6.2-16.4-6.2-22.6 0L360 104l-31.1-33C313.8 55.9 288 66.6 288 88v112c0 13.3 10.7 24 24 24zm96 136l33-31.1c15.1-15.1 4.4-40.9-17-40.9H312c-13.3 0-24 10.7-24 24v112c0 21.4 25.9 32.1 41 17l31-32.9 99.3 99.3c6.2 6.2 16.4 6.2 22.6 0l25.4-25.4c6.2-6.2 6.2-16.4 0-22.6L408 360zM183 71.1L152 104 52.7 4.7c-6.2-6.2-16.4-6.2-22.6 0L4.7 30.1c-6.2 6.2-6.2 16.4 0 22.6L104 152l-33 31.1C55.9 198.2 66.6 224 88 224h112c13.3 0 24-10.7 24-24V88c0-21.3-25.9-32-41-16.9z\"><\/path><\/svg>\t\t\t<\/div>\n\t\t<\/div>\n\t\t\t\t<\/div>\n\t\t\t\t<\/div>\n\t\t\t\t<\/div>\n\t\t\t\t\t<\/div>\n\t\t\t\t<\/div>\n\t\t\t\t<div class=\"elementor-element elementor-element-5b5736d1 elementor-widget elementor-widget-heading\" data-id=\"5b5736d1\" data-element_type=\"widget\" data-widget_type=\"heading.default\">\n\t\t\t\t<div class=\"elementor-widget-container\">\n\t\t\t<h3 class=\"elementor-heading-title elementor-size-default\">Compressed air flow measurement<\/h3>\t\t<\/div>\n\t\t\t\t<\/div>\n\t\t\t\t\t<\/div>\n\t\t\t\t<\/div>\n\t\t<div class=\"elementor-element elementor-element-689c735b e-flex e-con-boxed e-con e-child\" data-id=\"689c735b\" data-element_type=\"container\" data-settings=\"{&quot;background_background&quot;:&quot;classic&quot;}\">\n\t\t\t\t\t<div class=\"e-con-inner\">\n\t\t<div class=\"elementor-element elementor-element-6da96e44 e-flex e-con-boxed e-con e-child\" data-id=\"6da96e44\" data-element_type=\"container\">\n\t\t\t\t\t<div class=\"e-con-inner\">\n\t\t<div class=\"elementor-element elementor-element-28d6cca2 e-con-full e-flex e-con e-child\" data-id=\"28d6cca2\" data-element_type=\"container\">\n\t\t\t\t<div class=\"elementor-element elementor-element-6fffca3 elementor-view-default elementor-widget elementor-widget-icon\" data-id=\"6fffca3\" data-element_type=\"widget\" data-widget_type=\"icon.default\">\n\t\t\t\t<div class=\"elementor-widget-container\">\n\t\t\t\t\t<div class=\"elementor-icon-wrapper\">\n\t\t\t<div class=\"elementor-icon\">\n\t\t\t<svg aria-hidden=\"true\" class=\"e-font-icon-svg e-fas-compress\" viewbox=\"0 0 448 512\" xmlns=\"http:\/\/www.w3.org\/2000\/svg\"><path d=\"M436 192H312c-13.3 0-24-10.7-24-24V44c0-6.6 5.4-12 12-12h40c6.6 0 12 5.4 12 12v84h84c6.6 0 12 5.4 12 12v40c0 6.6-5.4 12-12 12zm-276-24V44c0-6.6-5.4-12-12-12h-40c-6.6 0-12 5.4-12 12v84H12c-6.6 0-12 5.4-12 12v40c0 6.6 5.4 12 12 12h124c13.3 0 24-10.7 24-24zm0 300V344c0-13.3-10.7-24-24-24H12c-6.6 0-12 5.4-12 12v40c0 6.6 5.4 12 12 12h84v84c0 6.6 5.4 12 12 12h40c6.6 0 12-5.4 12-12zm192 0v-84h84c6.6 0 12-5.4 12-12v-40c0-6.6-5.4-12-12-12H312c-13.3 0-24 10.7-24 24v124c0 6.6 5.4 12 12 12h40c6.6 0 12-5.4 12-12z\"><\/path><\/svg>\t\t\t<\/div>\n\t\t<\/div>\n\t\t\t\t<\/div>\n\t\t\t\t<\/div>\n\t\t\t\t<\/div>\n\t\t\t\t\t<\/div>\n\t\t\t\t<\/div>\n\t\t\t\t<div class=\"elementor-element elementor-element-c4cd251 elementor-widget elementor-widget-heading\" data-id=\"c4cd251\" data-element_type=\"widget\" data-widget_type=\"heading.default\">\n\t\t\t\t<div class=\"elementor-widget-container\">\n\t\t\t<h3 class=\"elementor-heading-title elementor-size-default\">Pressure measurement  <br>in the pipeline system<\/h3>\t\t<\/div>\n\t\t\t\t<\/div>\n\t\t\t\t\t<\/div>\n\t\t\t\t<\/div>\n\t\t<div class=\"elementor-element elementor-element-e4aa6b2 e-con-full e-flex e-con e-child\" data-id=\"e4aa6b2\" data-element_type=\"container\" data-settings=\"{&quot;background_background&quot;:&quot;classic&quot;}\">\n\t\t<div class=\"elementor-element elementor-element-173da5b e-flex e-con-boxed e-con e-child\" data-id=\"173da5b\" data-element_type=\"container\">\n\t\t\t\t\t<div class=\"e-con-inner\">\n\t\t<div class=\"elementor-element elementor-element-6d81893 e-con-full e-flex e-con e-child\" data-id=\"6d81893\" data-element_type=\"container\">\n\t\t\t\t<div class=\"elementor-element elementor-element-0b85b7f elementor-view-default elementor-widget elementor-widget-icon\" data-id=\"0b85b7f\" data-element_type=\"widget\" data-widget_type=\"icon.default\">\n\t\t\t\t<div class=\"elementor-widget-container\">\n\t\t\t\t\t<div class=\"elementor-icon-wrapper\">\n\t\t\t<div class=\"elementor-icon\">\n\t\t\t<svg aria-hidden=\"true\" class=\"e-font-icon-svg e-fas-water\" viewbox=\"0 0 576 512\" xmlns=\"http:\/\/www.w3.org\/2000\/svg\"><path d=\"M562.1 383.9c-21.5-2.4-42.1-10.5-57.9-22.9-14.1-11.1-34.2-11.3-48.2 0-37.9 30.4-107.2 30.4-145.7-1.5-13.5-11.2-33-9.1-46.7 1.8-38 30.1-106.9 30-145.2-1.7-13.5-11.2-33.3-8.9-47.1 2-15.5 12.2-36 20.1-57.7 22.4-7.9.8-13.6 7.8-13.6 15.7v32.2c0 9.1 7.6 16.8 16.7 16 28.8-2.5 56.1-11.4 79.4-25.9 56.5 34.6 137 34.1 192 0 56.5 34.6 137 34.1 192 0 23.3 14.2 50.9 23.3 79.1 25.8 9.1.8 16.7-6.9 16.7-16v-31.6c.1-8-5.7-15.4-13.8-16.3zm0-144c-21.5-2.4-42.1-10.5-57.9-22.9-14.1-11.1-34.2-11.3-48.2 0-37.9 30.4-107.2 30.4-145.7-1.5-13.5-11.2-33-9.1-46.7 1.8-38 30.1-106.9 30-145.2-1.7-13.5-11.2-33.3-8.9-47.1 2-15.5 12.2-36 20.1-57.7 22.4-7.9.8-13.6 7.8-13.6 15.7v32.2c0 9.1 7.6 16.8 16.7 16 28.8-2.5 56.1-11.4 79.4-25.9 56.5 34.6 137 34.1 192 0 56.5 34.6 137 34.1 192 0 23.3 14.2 50.9 23.3 79.1 25.8 9.1.8 16.7-6.9 16.7-16v-31.6c.1-8-5.7-15.4-13.8-16.3zm0-144C540.6 93.4 520 85.4 504.2 73 490.1 61.9 470 61.7 456 73c-37.9 30.4-107.2 30.4-145.7-1.5-13.5-11.2-33-9.1-46.7 1.8-38 30.1-106.9 30-145.2-1.7-13.5-11.2-33.3-8.9-47.1 2-15.5 12.2-36 20.1-57.7 22.4-7.9.8-13.6 7.8-13.6 15.7v32.2c0 9.1 7.6 16.8 16.7 16 28.8-2.5 56.1-11.4 79.4-25.9 56.5 34.6 137 34.1 192 0 56.5 34.6 137 34.1 192 0 23.3 14.2 50.9 23.3 79.1 25.8 9.1.8 16.7-6.9 16.7-16v-31.6c.1-8-5.7-15.4-13.8-16.3z\"><\/path><\/svg>\t\t\t<\/div>\n\t\t<\/div>\n\t\t\t\t<\/div>\n\t\t\t\t<\/div>\n\t\t\t\t<\/div>\n\t\t\t\t\t<\/div>\n\t\t\t\t<\/div>\n\t\t\t\t<div class=\"elementor-element elementor-element-8c9dce3 elementor-widget elementor-widget-heading\" data-id=\"8c9dce3\" data-element_type=\"widget\" data-widget_type=\"heading.default\">\n\t\t\t\t<div class=\"elementor-widget-container\">\n\t\t\t<h3 class=\"elementor-heading-title elementor-size-default\">Measurement of moisture content <br>in compressed air <\/h3>\t\t<\/div>\n\t\t\t\t<\/div>\n\t\t\t\t<\/div>\n\t\t\t\t\t<\/div>\n\t\t\t\t<\/div>\n\t\t<div class=\"elementor-element elementor-element-66e0116a e-flex e-con-boxed e-con e-child\" data-id=\"66e0116a\" data-element_type=\"container\">\n\t\t\t\t\t<div class=\"e-con-inner\">\n\t\t\t\t<div class=\"elementor-element elementor-element-854f125 elementor-widget elementor-widget-text-editor\" data-id=\"854f125\" data-element_type=\"widget\" data-widget_type=\"text-editor.default\">\n\t\t\t\t<div class=\"elementor-widget-container\">\n\t\t\t\t\t\t\t<p>From the results of the measurements, we can determine how much electricity is needed to produce 1 m3 of compressed air. Accordingly, we can evaluate the efficiency of production and consumption of compressed air and thus optimize the costs of its production. \u00a0This way you will get an accurate overview of possible energy savings.<\/p>\t\t\t\t\t\t<\/div>\n\t\t\t\t<\/div>\n\t\t\t\t\t<\/div>\n\t\t\t\t<\/div>\n\t\t\t\t\t<\/div>\n\t\t\t\t<\/div>\n\t\t<div class=\"elementor-element elementor-element-fa95581 e-flex e-con-boxed e-con e-parent\" data-id=\"fa95581\" data-element_type=\"container\">\n\t\t\t\t\t<div class=\"e-con-inner\">\n\t\t\t\t<div class=\"elementor-element elementor-element-c7aed2e elementor-widget elementor-widget-image\" data-id=\"c7aed2e\" data-element_type=\"widget\" data-widget_type=\"image.default\">\n\t\t\t\t<div class=\"elementor-widget-container\">\n\t\t\t\t\t\t\t\t\t\t\t\t\t<img fetchpriority=\"high\" decoding=\"async\" width=\"800\" height=\"391\" src=\"https:\/\/www.doem.sk\/wp-content\/uploads\/2024\/10\/AUDIT_01-1024x500.jpg\" class=\"attachment-large size-large wp-image-352\" alt=\"\" srcset=\"https:\/\/www.doem.sk\/wp-content\/uploads\/2024\/10\/AUDIT_01-1024x500.jpg 1024w, https:\/\/www.doem.sk\/wp-content\/uploads\/2024\/10\/AUDIT_01-300x146.jpg 300w, https:\/\/www.doem.sk\/wp-content\/uploads\/2024\/10\/AUDIT_01-768x375.jpg 768w, https:\/\/www.doem.sk\/wp-content\/uploads\/2024\/10\/AUDIT_01-1536x750.jpg 1536w, https:\/\/www.doem.sk\/wp-content\/uploads\/2024\/10\/AUDIT_01-2048x1000.jpg 2048w\" sizes=\"(max-width: 800px) 100vw, 800px\" \/>\t\t\t\t\t\t\t\t\t\t\t\t\t<\/div>\n\t\t\t\t<\/div>\n\t\t\t\t<div class=\"elementor-element elementor-element-85d8c62 elementor-widget elementor-widget-image\" data-id=\"85d8c62\" data-element_type=\"widget\" data-widget_type=\"image.default\">\n\t\t\t\t<div class=\"elementor-widget-container\">\n\t\t\t\t\t\t\t\t\t\t\t\t\t<img decoding=\"async\" width=\"555\" height=\"1024\" src=\"https:\/\/www.doem.sk\/wp-content\/uploads\/2024\/10\/AUDIT_02-555x1024.jpg\" class=\"attachment-large size-large wp-image-353\" alt=\"\" srcset=\"https:\/\/www.doem.sk\/wp-content\/uploads\/2024\/10\/AUDIT_02-555x1024.jpg 555w, https:\/\/www.doem.sk\/wp-content\/uploads\/2024\/10\/AUDIT_02-163x300.jpg 163w, https:\/\/www.doem.sk\/wp-content\/uploads\/2024\/10\/AUDIT_02-768x1416.jpg 768w, https:\/\/www.doem.sk\/wp-content\/uploads\/2024\/10\/AUDIT_02-833x1536.jpg 833w, https:\/\/www.doem.sk\/wp-content\/uploads\/2024\/10\/AUDIT_02.jpg 971w\" sizes=\"(max-width: 555px) 100vw, 555px\" \/>\t\t\t\t\t\t\t\t\t\t\t\t\t<\/div>\n\t\t\t\t<\/div>\n\t\t\t\t\t<\/div>\n\t\t\t\t<\/div>\n\t\t<div class=\"elementor-element elementor-element-6b360027 e-flex e-con-boxed e-con e-parent\" data-id=\"6b360027\" data-element_type=\"container\" data-settings=\"{&quot;background_background&quot;:&quot;classic&quot;,&quot;shape_divider_bottom&quot;:&quot;triangle&quot;}\">\n\t\t\t\t\t<div class=\"e-con-inner\">\n\t\t\t\t<div class=\"elementor-shape elementor-shape-bottom\" data-negative=\"false\">\n\t\t\t<svg xmlns=\"http:\/\/www.w3.org\/2000\/svg\" viewbox=\"0 0 1000 100\" preserveaspectratio=\"none\">\n\t<path class=\"elementor-shape-fill\" d=\"M500,98.9L0,6.1V0h1000v6.1L500,98.9z\"\/>\n<\/svg>\t\t<\/div>\n\t\t<div class=\"elementor-element elementor-element-9fa2673 e-con-full e-flex e-con e-child\" data-id=\"9fa2673\" data-element_type=\"container\">\n\t\t\t\t<div class=\"elementor-element elementor-element-6085af08 elementor-widget elementor-widget-heading\" data-id=\"6085af08\" data-element_type=\"widget\" data-widget_type=\"heading.default\">\n\t\t\t\t<div class=\"elementor-widget-container\">\n\t\t\t<h2 class=\"elementor-heading-title elementor-size-default\">Do you need advice on energy audits?<\/h2>\t\t<\/div>\n\t\t\t\t<\/div>\n\t\t\t\t<\/div>\n\t\t<div class=\"elementor-element elementor-element-a48bbfc e-con-full e-flex e-con e-child\" data-id=\"a48bbfc\" data-element_type=\"container\">\n\t\t\t\t<div class=\"elementor-element elementor-element-2ae7fcf0 elementor-widget elementor-widget-text-editor\" data-id=\"2ae7fcf0\" data-element_type=\"widget\" data-widget_type=\"text-editor.default\">\n\t\t\t\t<div class=\"elementor-widget-container\">\n\t\t\t\t\t\t\t<p>Do not hesitate to contact us at any time. Our team of experts is here for you!<\/p>\t\t\t\t\t\t<\/div>\n\t\t\t\t<\/div>\n\t\t\t\t<div class=\"elementor-element elementor-element-5b340da9 elementor-mobile-align-center elementor-widget elementor-widget-button\" data-id=\"5b340da9\" data-element_type=\"widget\" data-widget_type=\"button.default\">\n\t\t\t\t<div class=\"elementor-widget-container\">\n\t\t\t\t\t<div class=\"elementor-button-wrapper\">\n\t\t\t<a class=\"elementor-button elementor-button-link elementor-size-sm elementor-animation-grow\" href=\"http:\/\/www.doem.sk\/en\/kontakt\/\">\n\t\t\t\t\t\t<span class=\"elementor-button-content-wrapper\">\n\t\t\t\t\t\t<span class=\"elementor-button-icon\">\n\t\t\t\t<svg aria-hidden=\"true\" class=\"e-font-icon-svg e-fas-arrow-circle-right\" viewbox=\"0 0 512 512\" xmlns=\"http:\/\/www.w3.org\/2000\/svg\"><path d=\"M256 8c137 0 248 111 248 248S393 504 256 504 8 393 8 256 119 8 256 8zm-28.9 143.6l75.5 72.4H120c-13.3 0-24 10.7-24 24v16c0 13.3 10.7 24 24 24h182.6l-75.5 72.4c-9.7 9.3-9.9 24.8-.4 34.3l11 10.9c9.4 9.4 24.6 9.4 33.9 0L404.3 273c9.4-9.4 9.4-24.6 0-33.9L271.6 106.3c-9.4-9.4-24.6-9.4-33.9 0l-11 10.9c-9.5 9.6-9.3 25.1.4 34.4z\"><\/path><\/svg>\t\t\t<\/span>\n\t\t\t\t\t\t\t\t\t<span class=\"elementor-button-text\">Contact us<\/span>\n\t\t\t\t\t<\/span>\n\t\t\t\t\t<\/a>\n\t\t<\/div>\n\t\t\t\t<\/div>\n\t\t\t\t<\/div>\n\t\t\t\t<\/div>\n\t\t\t\t\t<\/div>\n\t\t\t\t<\/div>\n\t\t\t\t<\/div>","protected":false},"excerpt":{"rendered":"<p>ENERGETICK\u00c9 AUDITY ENERGETICK\u00c9 AUDITY Energetick\u00e9 audity Energetick\u00e9 audity efekt\u00edvnej produkcie stla\u010den\u00e9ho vzduchu Meranie spotreby elektrickej energie Meranie prietoku stla\u010den\u00e9ho vzduchu Meranie tlaku v potrubnom syst\u00e9me Meranie obsahu vlhkosti v stla\u010denom vzduchu Z\u00a0v\u00fdsledkov meran\u00ed vieme ur\u010di\u0165 ko\u013eko elektrickej energie je potrebn\u00e9 na v\u00fdrobu 1 m3 stla\u010den\u00e9ho vzduchu. Pod\u013ea toho vieme zhodnoti\u0165 efektivitu v\u00fdroby a\u00a0spotreby stla\u010den\u00e9ho vzduchu [&hellip;]<\/p>","protected":false},"author":1,"featured_media":0,"parent":0,"menu_order":0,"comment_status":"closed","ping_status":"closed","template":"elementor_header_footer","meta":{"_monsterinsights_skip_tracking":false,"_monsterinsights_sitenote_active":false,"_monsterinsights_sitenote_note":"","_monsterinsights_sitenote_category":0,"footnotes":""},"class_list":["post-142","page","type-page","status-publish","hentry"],"yoast_head":"<!-- This site is optimized with the Yoast SEO plugin v23.8 - https:\/\/yoast.com\/wordpress\/plugins\/seo\/ -->\n<title>Energetick\u00e9 audity - DOEM<\/title>\n<meta name=\"robots\" content=\"index, follow, max-snippet:-1, max-image-preview:large, max-video-preview:-1\" \/>\n<link rel=\"canonical\" href=\"https:\/\/www.doem.sk\/en\/energeticke-audity\/\" \/>\n<meta property=\"og:locale\" content=\"en_GB\" \/>\n<meta property=\"og:type\" content=\"article\" \/>\n<meta property=\"og:title\" content=\"Energetick\u00e9 audity - DOEM\" \/>\n<meta property=\"og:description\" content=\"ENERGETICK\u00c9 AUDITY ENERGETICK\u00c9 AUDITY Energetick\u00e9 audity Energetick\u00e9 audity efekt\u00edvnej produkcie stla\u010den\u00e9ho vzduchu Meranie spotreby elektrickej energie Meranie prietoku stla\u010den\u00e9ho vzduchu Meranie tlaku v potrubnom syst\u00e9me Meranie obsahu vlhkosti v stla\u010denom vzduchu Z\u00a0v\u00fdsledkov meran\u00ed vieme ur\u010di\u0165 ko\u013eko elektrickej energie je potrebn\u00e9 na v\u00fdrobu 1 m3 stla\u010den\u00e9ho vzduchu. Pod\u013ea toho vieme zhodnoti\u0165 efektivitu v\u00fdroby a\u00a0spotreby stla\u010den\u00e9ho vzduchu [&hellip;]\" \/>\n<meta property=\"og:url\" content=\"https:\/\/www.doem.sk\/en\/energeticke-audity\/\" \/>\n<meta property=\"og:site_name\" content=\"DOEM\" \/>\n<meta property=\"article:modified_time\" content=\"2024-11-20T07:39:18+00:00\" \/>\n<meta property=\"og:image\" content=\"http:\/\/www.doem.sk\/wp-content\/uploads\/2024\/10\/AUDIT_01-1024x500.jpg\" \/>\n<meta name=\"twitter:card\" content=\"summary_large_image\" \/>\n<meta name=\"twitter:label1\" content=\"Estimated reading time\" \/>\n\t<meta name=\"twitter:data1\" content=\"1 minute\" \/>\n<script type=\"application\/ld+json\" class=\"yoast-schema-graph\">{\"@context\":\"https:\/\/schema.org\",\"@graph\":[{\"@type\":\"WebPage\",\"@id\":\"https:\/\/www.doem.sk\/en\/energeticke-audity\/\",\"url\":\"https:\/\/www.doem.sk\/en\/energeticke-audity\/\",\"name\":\"Energetick\u00e9 audity - DOEM\",\"isPartOf\":{\"@id\":\"https:\/\/www.doem.sk\/sk\/#website\"},\"primaryImageOfPage\":{\"@id\":\"https:\/\/www.doem.sk\/en\/energeticke-audity\/#primaryimage\"},\"image\":{\"@id\":\"https:\/\/www.doem.sk\/en\/energeticke-audity\/#primaryimage\"},\"thumbnailUrl\":\"http:\/\/www.doem.sk\/wp-content\/uploads\/2024\/10\/AUDIT_01-1024x500.jpg\",\"datePublished\":\"2024-10-18T07:14:21+00:00\",\"dateModified\":\"2024-11-20T07:39:18+00:00\",\"breadcrumb\":{\"@id\":\"https:\/\/www.doem.sk\/en\/energeticke-audity\/#breadcrumb\"},\"inLanguage\":\"en-GB\",\"potentialAction\":[{\"@type\":\"ReadAction\",\"target\":[\"https:\/\/www.doem.sk\/en\/energeticke-audity\/\"]}]},{\"@type\":\"ImageObject\",\"inLanguage\":\"en-GB\",\"@id\":\"https:\/\/www.doem.sk\/en\/energeticke-audity\/#primaryimage\",\"url\":\"http:\/\/www.doem.sk\/wp-content\/uploads\/2024\/10\/AUDIT_01-1024x500.jpg\",\"contentUrl\":\"http:\/\/www.doem.sk\/wp-content\/uploads\/2024\/10\/AUDIT_01-1024x500.jpg\"},{\"@type\":\"BreadcrumbList\",\"@id\":\"https:\/\/www.doem.sk\/en\/energeticke-audity\/#breadcrumb\",\"itemListElement\":[{\"@type\":\"ListItem\",\"position\":1,\"name\":\"Home\",\"item\":\"https:\/\/www.doem.sk\/sk\/\"},{\"@type\":\"ListItem\",\"position\":2,\"name\":\"Energetick\u00e9 audity\"}]},{\"@type\":\"WebSite\",\"@id\":\"https:\/\/www.doem.sk\/sk\/#website\",\"url\":\"https:\/\/www.doem.sk\/sk\/\",\"name\":\"DOEM\",\"description\":\"U\u017d 30 ROKOV\",\"potentialAction\":[{\"@type\":\"SearchAction\",\"target\":{\"@type\":\"EntryPoint\",\"urlTemplate\":\"https:\/\/www.doem.sk\/sk\/?s={search_term_string}\"},\"query-input\":{\"@type\":\"PropertyValueSpecification\",\"valueRequired\":true,\"valueName\":\"search_term_string\"}}],\"inLanguage\":\"en-GB\"}]}<\/script>\n<!-- \/ Yoast SEO plugin. -->","yoast_head_json":{"title":"Energetick\u00e9 audity - DOEM","robots":{"index":"index","follow":"follow","max-snippet":"max-snippet:-1","max-image-preview":"max-image-preview:large","max-video-preview":"max-video-preview:-1"},"canonical":"https:\/\/www.doem.sk\/en\/energeticke-audity\/","og_locale":"en_GB","og_type":"article","og_title":"Energetick\u00e9 audity - DOEM","og_description":"ENERGETICK\u00c9 AUDITY ENERGETICK\u00c9 AUDITY Energetick\u00e9 audity Energetick\u00e9 audity efekt\u00edvnej produkcie stla\u010den\u00e9ho vzduchu Meranie spotreby elektrickej energie Meranie prietoku stla\u010den\u00e9ho vzduchu Meranie tlaku v potrubnom syst\u00e9me Meranie obsahu vlhkosti v stla\u010denom vzduchu Z\u00a0v\u00fdsledkov meran\u00ed vieme ur\u010di\u0165 ko\u013eko elektrickej energie je potrebn\u00e9 na v\u00fdrobu 1 m3 stla\u010den\u00e9ho vzduchu. Pod\u013ea toho vieme zhodnoti\u0165 efektivitu v\u00fdroby a\u00a0spotreby stla\u010den\u00e9ho vzduchu [&hellip;]","og_url":"https:\/\/www.doem.sk\/en\/energeticke-audity\/","og_site_name":"DOEM","article_modified_time":"2024-11-20T07:39:18+00:00","og_image":[{"url":"http:\/\/www.doem.sk\/wp-content\/uploads\/2024\/10\/AUDIT_01-1024x500.jpg"}],"twitter_card":"summary_large_image","twitter_misc":{"Estimated reading time":"1 minute"},"schema":{"@context":"https:\/\/schema.org","@graph":[{"@type":"WebPage","@id":"https:\/\/www.doem.sk\/en\/energeticke-audity\/","url":"https:\/\/www.doem.sk\/en\/energeticke-audity\/","name":"Energetick\u00e9 audity - DOEM","isPartOf":{"@id":"https:\/\/www.doem.sk\/sk\/#website"},"primaryImageOfPage":{"@id":"https:\/\/www.doem.sk\/en\/energeticke-audity\/#primaryimage"},"image":{"@id":"https:\/\/www.doem.sk\/en\/energeticke-audity\/#primaryimage"},"thumbnailUrl":"http:\/\/www.doem.sk\/wp-content\/uploads\/2024\/10\/AUDIT_01-1024x500.jpg","datePublished":"2024-10-18T07:14:21+00:00","dateModified":"2024-11-20T07:39:18+00:00","breadcrumb":{"@id":"https:\/\/www.doem.sk\/en\/energeticke-audity\/#breadcrumb"},"inLanguage":"en-GB","potentialAction":[{"@type":"ReadAction","target":["https:\/\/www.doem.sk\/en\/energeticke-audity\/"]}]},{"@type":"ImageObject","inLanguage":"en-GB","@id":"https:\/\/www.doem.sk\/en\/energeticke-audity\/#primaryimage","url":"http:\/\/www.doem.sk\/wp-content\/uploads\/2024\/10\/AUDIT_01-1024x500.jpg","contentUrl":"http:\/\/www.doem.sk\/wp-content\/uploads\/2024\/10\/AUDIT_01-1024x500.jpg"},{"@type":"BreadcrumbList","@id":"https:\/\/www.doem.sk\/en\/energeticke-audity\/#breadcrumb","itemListElement":[{"@type":"ListItem","position":1,"name":"Home","item":"https:\/\/www.doem.sk\/sk\/"},{"@type":"ListItem","position":2,"name":"Energetick\u00e9 audity"}]},{"@type":"WebSite","@id":"https:\/\/www.doem.sk\/sk\/#website","url":"https:\/\/www.doem.sk\/sk\/","name":"DOEM","description":"U\u017d 30 ROKOV","potentialAction":[{"@type":"SearchAction","target":{"@type":"EntryPoint","urlTemplate":"https:\/\/www.doem.sk\/sk\/?s={search_term_string}"},"query-input":{"@type":"PropertyValueSpecification","valueRequired":true,"valueName":"search_term_string"}}],"inLanguage":"en-GB"}]}},"_links":{"self":[{"href":"https:\/\/www.doem.sk\/en\/wp-json\/wp\/v2\/pages\/142"}],"collection":[{"href":"https:\/\/www.doem.sk\/en\/wp-json\/wp\/v2\/pages"}],"about":[{"href":"https:\/\/www.doem.sk\/en\/wp-json\/wp\/v2\/types\/page"}],"author":[{"embeddable":true,"href":"https:\/\/www.doem.sk\/en\/wp-json\/wp\/v2\/users\/1"}],"replies":[{"embeddable":true,"href":"https:\/\/www.doem.sk\/en\/wp-json\/wp\/v2\/comments?post=142"}],"version-history":[{"count":6,"href":"https:\/\/www.doem.sk\/en\/wp-json\/wp\/v2\/pages\/142\/revisions"}],"predecessor-version":[{"id":1282,"href":"https:\/\/www.doem.sk\/en\/wp-json\/wp\/v2\/pages\/142\/revisions\/1282"}],"wp:attachment":[{"href":"https:\/\/www.doem.sk\/en\/wp-json\/wp\/v2\/media?parent=142"}],"curies":[{"name":"wp","href":"https:\/\/api.w.org\/{rel}","templated":true}]}}