{"id":369,"date":"2024-10-22T10:46:15","date_gmt":"2024-10-22T08:46:15","guid":{"rendered":"http:\/\/www.doem.sk\/?page_id=369"},"modified":"2024-11-20T08:40:12","modified_gmt":"2024-11-20T07:40:12","slug":"meranie-kvality-stlaceneho-vzduchu","status":"publish","type":"page","link":"https:\/\/www.doem.sk\/en\/meranie-kvality-stlaceneho-vzduchu\/","title":{"rendered":"Compressed air quality measurement"},"content":{"rendered":"<div data-elementor-type=\"wp-page\" data-elementor-id=\"369\" class=\"elementor elementor-369\" data-elementor-post-type=\"page\">\n\t\t\t\t<div class=\"elementor-element elementor-element-55874d6a e-flex e-con-boxed e-con e-parent\" data-id=\"55874d6a\" data-element_type=\"container\" data-settings=\"{&quot;background_background&quot;:&quot;classic&quot;,&quot;shape_divider_bottom&quot;:&quot;triangle&quot;}\">\n\t\t\t\t\t<div class=\"e-con-inner\">\n\t\t\t\t<div class=\"elementor-shape elementor-shape-bottom\" data-negative=\"false\">\n\t\t\t<svg xmlns=\"http:\/\/www.w3.org\/2000\/svg\" viewbox=\"0 0 1000 100\" preserveaspectratio=\"none\">\n\t<path class=\"elementor-shape-fill\" d=\"M500,98.9L0,6.1V0h1000v6.1L500,98.9z\"\/>\n<\/svg>\t\t<\/div>\n\t\t<div class=\"elementor-element elementor-element-2328fae7 e-flex e-con-boxed e-con e-child\" data-id=\"2328fae7\" data-element_type=\"container\">\n\t\t\t\t\t<div class=\"e-con-inner\">\n\t\t\t\t<div class=\"elementor-element elementor-element-4cdf68d4 elementor-widget elementor-widget-heading\" data-id=\"4cdf68d4\" data-element_type=\"widget\" data-widget_type=\"heading.default\">\n\t\t\t\t<div class=\"elementor-widget-container\">\n\t\t\t<h2 class=\"elementor-heading-title elementor-size-default\">QUALITY MEASUREMENT<\/h2>\t\t<\/div>\n\t\t\t\t<\/div>\n\t\t\t\t<div class=\"elementor-element elementor-element-16591cc6 elementor-widget elementor-widget-heading\" data-id=\"16591cc6\" data-element_type=\"widget\" data-widget_type=\"heading.default\">\n\t\t\t\t<div class=\"elementor-widget-container\">\n\t\t\t<h1 class=\"elementor-heading-title elementor-size-default\">Quality measurement<\/h1>\t\t<\/div>\n\t\t\t\t<\/div>\n\t\t\t\t\t<\/div>\n\t\t\t\t<\/div>\n\t\t\t\t\t<\/div>\n\t\t\t\t<\/div>\n\t\t<div class=\"elementor-element elementor-element-164b3b36 e-flex e-con-boxed e-con e-parent\" data-id=\"164b3b36\" data-element_type=\"container\">\n\t\t\t\t\t<div class=\"e-con-inner\">\n\t\t<div class=\"elementor-element elementor-element-5b65bdd4 e-flex e-con-boxed e-con e-child\" data-id=\"5b65bdd4\" data-element_type=\"container\">\n\t\t\t\t\t<div class=\"e-con-inner\">\n\t\t\t\t<div class=\"elementor-element elementor-element-76cb864b elementor-widget elementor-widget-heading\" data-id=\"76cb864b\" data-element_type=\"widget\" data-widget_type=\"heading.default\">\n\t\t\t\t<div class=\"elementor-widget-container\">\n\t\t\t<h2 class=\"elementor-heading-title elementor-size-default\">Compressed air quality measurement <\/h2>\t\t<\/div>\n\t\t\t\t<\/div>\n\t\t\t\t<div class=\"elementor-element elementor-element-4728d0a2 elementor-widget elementor-widget-text-editor\" data-id=\"4728d0a2\" data-element_type=\"widget\" data-widget_type=\"text-editor.default\">\n\t\t\t\t<div class=\"elementor-widget-container\">\n\t\t\t\t\t\t\t<p>Compressed air quality measurement plays a key role in many industrial processes where compressed air is used as a critical operating material. The quality of compressed air affects not only the performance of machines <br \/>and tools, but also product quality, especially in industries such as food, pharmaceutical and electronic production. Compressed air quality measuring instruments are crucial here to ensure that the compressed air always meets the required standards.<\/p><p>Compressed air is expensive, but also an irreplaceable medium in industrial, automated production. It is therefore all the more important for users to constantly monitor the quality of their systems.<\/p><p>ISO 8573-1 is an internationally recognized standard that defines the requirements for the purity of compressed air. Implementation of this standard supports accurate testing of the most important contaminants in compressed air \u2013 particles, water, gases, microbiological and oil contaminants.<\/p>\t\t\t\t\t\t<\/div>\n\t\t\t\t<\/div>\n\t\t\t\t\t<\/div>\n\t\t\t\t<\/div>\n\t\t\t\t\t<\/div>\n\t\t\t\t<\/div>\n\t\t<div class=\"elementor-element elementor-element-429f47ef e-flex e-con-boxed e-con e-parent\" data-id=\"429f47ef\" data-element_type=\"container\">\n\t\t\t\t\t<div class=\"e-con-inner\">\n\t\t<div class=\"elementor-element elementor-element-622349c6 e-flex e-con-boxed e-con e-child\" data-id=\"622349c6\" data-element_type=\"container\">\n\t\t\t\t\t<div class=\"e-con-inner\">\n\t\t<div class=\"elementor-element elementor-element-d73499f e-flex e-con-boxed e-con e-child\" data-id=\"d73499f\" data-element_type=\"container\" data-settings=\"{&quot;background_background&quot;:&quot;classic&quot;}\">\n\t\t\t\t\t<div class=\"e-con-inner\">\n\t\t<div class=\"elementor-element elementor-element-42faf84e e-flex e-con-boxed e-con e-child\" data-id=\"42faf84e\" data-element_type=\"container\">\n\t\t\t\t\t<div class=\"e-con-inner\">\n\t\t<div class=\"elementor-element elementor-element-71c76948 e-con-full e-flex e-con e-child\" data-id=\"71c76948\" data-element_type=\"container\">\n\t\t\t\t<div class=\"elementor-element elementor-element-ddb6131 elementor-view-default elementor-widget elementor-widget-icon\" data-id=\"ddb6131\" data-element_type=\"widget\" data-widget_type=\"icon.default\">\n\t\t\t\t<div class=\"elementor-widget-container\">\n\t\t\t\t\t<div class=\"elementor-icon-wrapper\">\n\t\t\t<div class=\"elementor-icon\">\n\t\t\t<svg aria-hidden=\"true\" class=\"e-font-icon-svg e-fas-compress-alt\" viewbox=\"0 0 448 512\" xmlns=\"http:\/\/www.w3.org\/2000\/svg\"><path d=\"M4.686 427.314L104 328l-32.922-31.029C55.958 281.851 66.666 256 88.048 256h112C213.303 256 224 266.745 224 280v112c0 21.382-25.803 32.09-40.922 16.971L152 376l-99.314 99.314c-6.248 6.248-16.379 6.248-22.627 0L4.686 449.941c-6.248-6.248-6.248-16.379 0-22.627zM443.314 84.686L344 184l32.922 31.029c15.12 15.12 4.412 40.971-16.97 40.971h-112C234.697 256 224 245.255 224 232V120c0-21.382 25.803-32.09 40.922-16.971L296 136l99.314-99.314c6.248-6.248 16.379-6.248 22.627 0l25.373 25.373c6.248 6.248 6.248 16.379 0 22.627z\"><\/path><\/svg>\t\t\t<\/div>\n\t\t<\/div>\n\t\t\t\t<\/div>\n\t\t\t\t<\/div>\n\t\t\t\t<\/div>\n\t\t\t\t\t<\/div>\n\t\t\t\t<\/div>\n\t\t\t\t<div class=\"elementor-element elementor-element-3d766cc8 elementor-widget elementor-widget-heading\" data-id=\"3d766cc8\" data-element_type=\"widget\" data-widget_type=\"heading.default\">\n\t\t\t\t<div class=\"elementor-widget-container\">\n\t\t\t<h3 class=\"elementor-heading-title elementor-size-default\">Measurement of moisture content <br>in compressed air<\/h3>\t\t<\/div>\n\t\t\t\t<\/div>\n\t\t\t\t\t<\/div>\n\t\t\t\t<\/div>\n\t\t<div class=\"elementor-element elementor-element-c46dd24 e-flex e-con-boxed e-con e-child\" data-id=\"c46dd24\" data-element_type=\"container\" data-settings=\"{&quot;background_background&quot;:&quot;classic&quot;}\">\n\t\t\t\t\t<div class=\"e-con-inner\">\n\t\t<div class=\"elementor-element elementor-element-46c971ff e-flex e-con-boxed e-con e-child\" data-id=\"46c971ff\" data-element_type=\"container\">\n\t\t\t\t\t<div class=\"e-con-inner\">\n\t\t<div class=\"elementor-element elementor-element-c33a5f3 e-con-full e-flex e-con e-child\" data-id=\"c33a5f3\" data-element_type=\"container\">\n\t\t\t\t<div class=\"elementor-element elementor-element-595eadf elementor-view-default elementor-widget elementor-widget-icon\" data-id=\"595eadf\" data-element_type=\"widget\" data-widget_type=\"icon.default\">\n\t\t\t\t<div class=\"elementor-widget-container\">\n\t\t\t\t\t<div class=\"elementor-icon-wrapper\">\n\t\t\t<div class=\"elementor-icon\">\n\t\t\t<svg aria-hidden=\"true\" class=\"e-font-icon-svg e-fas-oil-can\" viewbox=\"0 0 640 512\" xmlns=\"http:\/\/www.w3.org\/2000\/svg\"><path d=\"M629.8 160.31L416 224l-50.49-25.24a64.07 64.07 0 0 0-28.62-6.76H280v-48h56c8.84 0 16-7.16 16-16v-16c0-8.84-7.16-16-16-16H176c-8.84 0-16 7.16-16 16v16c0 8.84 7.16 16 16 16h56v48h-56L37.72 166.86a31.9 31.9 0 0 0-5.79-.53C14.67 166.33 0 180.36 0 198.34v94.95c0 15.46 11.06 28.72 26.28 31.48L96 337.46V384c0 17.67 14.33 32 32 32h274.63c8.55 0 16.75-3.42 22.76-9.51l212.26-214.75c1.5-1.5 2.34-3.54 2.34-5.66V168c.01-5.31-5.08-9.15-10.19-7.69zM96 288.67l-48-8.73v-62.43l48 8.73v62.43zm453.33 84.66c0 23.56 19.1 42.67 42.67 42.67s42.67-19.1 42.67-42.67S592 288 592 288s-42.67 61.77-42.67 85.33z\"><\/path><\/svg>\t\t\t<\/div>\n\t\t<\/div>\n\t\t\t\t<\/div>\n\t\t\t\t<\/div>\n\t\t\t\t<\/div>\n\t\t\t\t\t<\/div>\n\t\t\t\t<\/div>\n\t\t\t\t<div class=\"elementor-element elementor-element-6ae17f5d elementor-widget elementor-widget-heading\" data-id=\"6ae17f5d\" data-element_type=\"widget\" data-widget_type=\"heading.default\">\n\t\t\t\t<div class=\"elementor-widget-container\">\n\t\t\t<h3 class=\"elementor-heading-title elementor-size-default\">Measurement of residual oil content <br>in compressed air<\/h3>\t\t<\/div>\n\t\t\t\t<\/div>\n\t\t\t\t\t<\/div>\n\t\t\t\t<\/div>\n\t\t<div class=\"elementor-element elementor-element-79c1838e e-flex e-con-boxed e-con e-child\" data-id=\"79c1838e\" data-element_type=\"container\" data-settings=\"{&quot;background_background&quot;:&quot;classic&quot;}\">\n\t\t\t\t\t<div class=\"e-con-inner\">\n\t\t<div class=\"elementor-element elementor-element-d7462df e-flex e-con-boxed e-con e-child\" data-id=\"d7462df\" data-element_type=\"container\">\n\t\t\t\t\t<div class=\"e-con-inner\">\n\t\t<div class=\"elementor-element elementor-element-209d7b00 e-con-full e-flex e-con e-child\" data-id=\"209d7b00\" data-element_type=\"container\">\n\t\t\t\t<div class=\"elementor-element elementor-element-bad41ad elementor-view-default elementor-widget elementor-widget-icon\" data-id=\"bad41ad\" data-element_type=\"widget\" data-widget_type=\"icon.default\">\n\t\t\t\t<div class=\"elementor-widget-container\">\n\t\t\t\t\t<div class=\"elementor-icon-wrapper\">\n\t\t\t<div class=\"elementor-icon\">\n\t\t\t<svg aria-hidden=\"true\" class=\"e-font-icon-svg e-fas-atom\" viewbox=\"0 0 448 512\" xmlns=\"http:\/\/www.w3.org\/2000\/svg\"><path d=\"M223.99908,224a32,32,0,1,0,32.00782,32A32.06431,32.06431,0,0,0,223.99908,224Zm214.172-96c-10.877-19.5-40.50979-50.75-116.27544-41.875C300.39168,34.875,267.63386,0,223.99908,0s-76.39066,34.875-97.89653,86.125C50.3369,77.375,20.706,108.5,9.82907,128-6.54984,157.375-5.17484,201.125,34.958,256-5.17484,310.875-6.54984,354.625,9.82907,384c29.13087,52.375,101.64652,43.625,116.27348,41.875C147.60842,477.125,180.36429,512,223.99908,512s76.3926-34.875,97.89652-86.125c14.62891,1.75,87.14456,10.5,116.27544-41.875C454.55,354.625,453.175,310.875,413.04017,256,453.175,201.125,454.55,157.375,438.171,128ZM63.33886,352c-4-7.25-.125-24.75,15.00391-48.25,6.87695,6.5,14.12891,12.875,21.88087,19.125,1.625,13.75,4,27.125,6.75,40.125C82.34472,363.875,67.09081,358.625,63.33886,352Zm36.88478-162.875c-7.752,6.25-15.00392,12.625-21.88087,19.125-15.12891-23.5-19.00392-41-15.00391-48.25,3.377-6.125,16.37891-11.5,37.88478-11.5,1.75,0,3.875.375,5.75.375C104.09864,162.25,101.84864,175.625,100.22364,189.125ZM223.99908,64c9.50195,0,22.25586,13.5,33.88282,37.25-11.252,3.75-22.50391,8-33.88282,12.875-11.377-4.875-22.62892-9.125-33.88283-12.875C201.74516,77.5,214.49712,64,223.99908,64Zm0,384c-9.502,0-22.25392-13.5-33.88283-37.25,11.25391-3.75,22.50587-8,33.88283-12.875C235.378,402.75,246.62994,407,257.8819,410.75,246.25494,434.5,233.501,448,223.99908,448Zm0-112a80,80,0,1,1,80-80A80.00023,80.00023,0,0,1,223.99908,336ZM384.6593,352c-3.625,6.625-19.00392,11.875-43.63479,11,2.752-13,5.127-26.375,6.752-40.125,7.75195-6.25,15.00391-12.625,21.87891-19.125C384.7843,327.25,388.6593,344.75,384.6593,352ZM369.65538,208.25c-6.875-6.5-14.127-12.875-21.87891-19.125-1.625-13.5-3.875-26.875-6.752-40.25,1.875,0,4.002-.375,5.752-.375,21.50391,0,34.50782,5.375,37.88283,11.5C388.6593,167.25,384.7843,184.75,369.65538,208.25Z\"><\/path><\/svg>\t\t\t<\/div>\n\t\t<\/div>\n\t\t\t\t<\/div>\n\t\t\t\t<\/div>\n\t\t\t\t<\/div>\n\t\t\t\t\t<\/div>\n\t\t\t\t<\/div>\n\t\t\t\t<div class=\"elementor-element elementor-element-6f8aca4c elementor-widget elementor-widget-heading\" data-id=\"6f8aca4c\" data-element_type=\"widget\" data-widget_type=\"heading.default\">\n\t\t\t\t<div class=\"elementor-widget-container\">\n\t\t\t<h3 class=\"elementor-heading-title elementor-size-default\">Measurement of the content of solid particles<\/h3>\t\t<\/div>\n\t\t\t\t<\/div>\n\t\t\t\t\t<\/div>\n\t\t\t\t<\/div>\n\t\t\t\t\t<\/div>\n\t\t\t\t<\/div>\n\t\t\t\t\t<\/div>\n\t\t\t\t<\/div>\n\t\t<div class=\"elementor-element elementor-element-b118a2d e-flex e-con-boxed e-con e-parent\" data-id=\"b118a2d\" data-element_type=\"container\">\n\t\t\t\t\t<div class=\"e-con-inner\">\n\t\t\t\t<div class=\"elementor-element elementor-element-3579648 elementor-widget elementor-widget-image\" data-id=\"3579648\" data-element_type=\"widget\" data-widget_type=\"image.default\">\n\t\t\t\t<div class=\"elementor-widget-container\">\n\t\t\t\t\t\t\t\t\t\t\t\t\t<img fetchpriority=\"high\" decoding=\"async\" width=\"567\" height=\"446\" src=\"https:\/\/www.doem.sk\/wp-content\/uploads\/2024\/10\/Screenshot-2024-10-23-at-10.35.28.png\" class=\"attachment-large size-large wp-image-455\" alt=\"\" srcset=\"https:\/\/www.doem.sk\/wp-content\/uploads\/2024\/10\/Screenshot-2024-10-23-at-10.35.28.png 567w, https:\/\/www.doem.sk\/wp-content\/uploads\/2024\/10\/Screenshot-2024-10-23-at-10.35.28-300x236.png 300w\" sizes=\"(max-width: 567px) 100vw, 567px\" \/>\t\t\t\t\t\t\t\t\t\t\t\t\t<\/div>\n\t\t\t\t<\/div>\n\t\t\t\t\t<\/div>\n\t\t\t\t<\/div>\n\t\t<div class=\"elementor-element elementor-element-6fb9fb7 e-flex e-con-boxed e-con e-parent\" data-id=\"6fb9fb7\" data-element_type=\"container\" data-settings=\"{&quot;background_background&quot;:&quot;classic&quot;,&quot;shape_divider_bottom&quot;:&quot;triangle&quot;}\">\n\t\t\t\t\t<div class=\"e-con-inner\">\n\t\t\t\t<div class=\"elementor-shape elementor-shape-bottom\" data-negative=\"false\">\n\t\t\t<svg xmlns=\"http:\/\/www.w3.org\/2000\/svg\" viewbox=\"0 0 1000 100\" preserveaspectratio=\"none\">\n\t<path class=\"elementor-shape-fill\" d=\"M500,98.9L0,6.1V0h1000v6.1L500,98.9z\"\/>\n<\/svg>\t\t<\/div>\n\t\t<div class=\"elementor-element elementor-element-150f42d2 e-con-full e-flex e-con e-child\" data-id=\"150f42d2\" data-element_type=\"container\">\n\t\t\t\t<div class=\"elementor-element elementor-element-12e2221f elementor-widget elementor-widget-heading\" data-id=\"12e2221f\" data-element_type=\"widget\" data-widget_type=\"heading.default\">\n\t\t\t\t<div class=\"elementor-widget-container\">\n\t\t\t<h2 class=\"elementor-heading-title elementor-size-default\">Do you need advice on measuring the quality of compressed air?<\/h2>\t\t<\/div>\n\t\t\t\t<\/div>\n\t\t\t\t<\/div>\n\t\t<div class=\"elementor-element elementor-element-102ebe48 e-con-full e-flex e-con e-child\" data-id=\"102ebe48\" data-element_type=\"container\">\n\t\t\t\t<div class=\"elementor-element elementor-element-660bf2e1 elementor-widget elementor-widget-text-editor\" data-id=\"660bf2e1\" data-element_type=\"widget\" data-widget_type=\"text-editor.default\">\n\t\t\t\t<div class=\"elementor-widget-container\">\n\t\t\t\t\t\t\t<p>Do you need to measure your compressed air quality? We are here for you! Do not hesitate to contact us at any time.<\/p>\t\t\t\t\t\t<\/div>\n\t\t\t\t<\/div>\n\t\t\t\t<div class=\"elementor-element elementor-element-112073d7 elementor-mobile-align-center elementor-widget elementor-widget-button\" data-id=\"112073d7\" data-element_type=\"widget\" data-widget_type=\"button.default\">\n\t\t\t\t<div class=\"elementor-widget-container\">\n\t\t\t\t\t<div class=\"elementor-button-wrapper\">\n\t\t\t<a class=\"elementor-button elementor-button-link elementor-size-sm elementor-animation-grow\" href=\"http:\/\/www.doem.sk\/en\/kontakt\/\">\n\t\t\t\t\t\t<span class=\"elementor-button-content-wrapper\">\n\t\t\t\t\t\t<span class=\"elementor-button-icon\">\n\t\t\t\t<svg aria-hidden=\"true\" class=\"e-font-icon-svg e-fas-arrow-circle-right\" viewbox=\"0 0 512 512\" xmlns=\"http:\/\/www.w3.org\/2000\/svg\"><path d=\"M256 8c137 0 248 111 248 248S393 504 256 504 8 393 8 256 119 8 256 8zm-28.9 143.6l75.5 72.4H120c-13.3 0-24 10.7-24 24v16c0 13.3 10.7 24 24 24h182.6l-75.5 72.4c-9.7 9.3-9.9 24.8-.4 34.3l11 10.9c9.4 9.4 24.6 9.4 33.9 0L404.3 273c9.4-9.4 9.4-24.6 0-33.9L271.6 106.3c-9.4-9.4-24.6-9.4-33.9 0l-11 10.9c-9.5 9.6-9.3 25.1.4 34.4z\"><\/path><\/svg>\t\t\t<\/span>\n\t\t\t\t\t\t\t\t\t<span class=\"elementor-button-text\">Contact us<\/span>\n\t\t\t\t\t<\/span>\n\t\t\t\t\t<\/a>\n\t\t<\/div>\n\t\t\t\t<\/div>\n\t\t\t\t<\/div>\n\t\t\t\t<\/div>\n\t\t\t\t\t<\/div>\n\t\t\t\t<\/div>\n\t\t\t\t<\/div>","protected":false},"excerpt":{"rendered":"<p>MERANIE KVALITY Meranie kvality Meranie kvality stla\u010den\u00e9ho vzduchu Meranie kvality stla\u010den\u00e9ho vzduchu zohr\u00e1va k\u013e\u00fa\u010dov\u00fa \u00falohu v mnoh\u00fdch priemyseln\u00fdch procesoch, v ktor\u00fdch sa stla\u010den\u00fd vzduch pou\u017e\u00edva ako rozhoduj\u00faci prev\u00e1dzkov\u00fd materi\u00e1l. Kvalita stla\u010den\u00e9ho vzduchu ovplyv\u0148uje nielen v\u00fdkon strojov a n\u00e1strojov, ale aj kvalitu produktov, najm\u00e4 v odvetviach ako je potravin\u00e1rska, farmaceutick\u00e1 a elektronick\u00e1 v\u00fdroba. Meracie pr\u00edstroje na [&hellip;]<\/p>","protected":false},"author":1,"featured_media":0,"parent":0,"menu_order":0,"comment_status":"closed","ping_status":"closed","template":"elementor_header_footer","meta":{"_monsterinsights_skip_tracking":false,"_monsterinsights_sitenote_active":false,"_monsterinsights_sitenote_note":"","_monsterinsights_sitenote_category":0,"footnotes":""},"class_list":["post-369","page","type-page","status-publish","hentry"],"yoast_head":"<!-- This site is optimized with the Yoast SEO plugin v23.8 - https:\/\/yoast.com\/wordpress\/plugins\/seo\/ -->\n<title>Meranie kvality stla\u010den\u00e9ho vzduchu - DOEM<\/title>\n<meta name=\"robots\" content=\"index, follow, max-snippet:-1, max-image-preview:large, max-video-preview:-1\" \/>\n<link rel=\"canonical\" href=\"https:\/\/www.doem.sk\/en\/meranie-kvality-stlaceneho-vzduchu\/\" \/>\n<meta property=\"og:locale\" content=\"en_GB\" \/>\n<meta property=\"og:type\" content=\"article\" \/>\n<meta property=\"og:title\" content=\"Meranie kvality stla\u010den\u00e9ho vzduchu - DOEM\" \/>\n<meta property=\"og:description\" content=\"MERANIE KVALITY Meranie kvality Meranie kvality stla\u010den\u00e9ho vzduchu Meranie kvality stla\u010den\u00e9ho vzduchu zohr\u00e1va k\u013e\u00fa\u010dov\u00fa \u00falohu v mnoh\u00fdch priemyseln\u00fdch procesoch, v ktor\u00fdch sa stla\u010den\u00fd vzduch pou\u017e\u00edva ako rozhoduj\u00faci prev\u00e1dzkov\u00fd materi\u00e1l. Kvalita stla\u010den\u00e9ho vzduchu ovplyv\u0148uje nielen v\u00fdkon strojov a n\u00e1strojov, ale aj kvalitu produktov, najm\u00e4 v odvetviach ako je potravin\u00e1rska, farmaceutick\u00e1 a elektronick\u00e1 v\u00fdroba. Meracie pr\u00edstroje na [&hellip;]\" \/>\n<meta property=\"og:url\" content=\"https:\/\/www.doem.sk\/en\/meranie-kvality-stlaceneho-vzduchu\/\" \/>\n<meta property=\"og:site_name\" content=\"DOEM\" \/>\n<meta property=\"article:modified_time\" content=\"2024-11-20T07:40:12+00:00\" \/>\n<meta property=\"og:image\" content=\"http:\/\/www.doem.sk\/wp-content\/uploads\/2024\/10\/Screenshot-2024-10-23-at-10.35.28.png\" \/>\n<meta name=\"twitter:card\" content=\"summary_large_image\" \/>\n<meta name=\"twitter:label1\" content=\"Estimated reading time\" \/>\n\t<meta name=\"twitter:data1\" content=\"2 minutes\" \/>\n<script type=\"application\/ld+json\" class=\"yoast-schema-graph\">{\"@context\":\"https:\/\/schema.org\",\"@graph\":[{\"@type\":\"WebPage\",\"@id\":\"https:\/\/www.doem.sk\/en\/meranie-kvality-stlaceneho-vzduchu\/\",\"url\":\"https:\/\/www.doem.sk\/en\/meranie-kvality-stlaceneho-vzduchu\/\",\"name\":\"Meranie kvality stla\u010den\u00e9ho vzduchu - DOEM\",\"isPartOf\":{\"@id\":\"https:\/\/www.doem.sk\/sk\/#website\"},\"primaryImageOfPage\":{\"@id\":\"https:\/\/www.doem.sk\/en\/meranie-kvality-stlaceneho-vzduchu\/#primaryimage\"},\"image\":{\"@id\":\"https:\/\/www.doem.sk\/en\/meranie-kvality-stlaceneho-vzduchu\/#primaryimage\"},\"thumbnailUrl\":\"http:\/\/www.doem.sk\/wp-content\/uploads\/2024\/10\/Screenshot-2024-10-23-at-10.35.28.png\",\"datePublished\":\"2024-10-22T08:46:15+00:00\",\"dateModified\":\"2024-11-20T07:40:12+00:00\",\"breadcrumb\":{\"@id\":\"https:\/\/www.doem.sk\/en\/meranie-kvality-stlaceneho-vzduchu\/#breadcrumb\"},\"inLanguage\":\"en-GB\",\"potentialAction\":[{\"@type\":\"ReadAction\",\"target\":[\"https:\/\/www.doem.sk\/en\/meranie-kvality-stlaceneho-vzduchu\/\"]}]},{\"@type\":\"ImageObject\",\"inLanguage\":\"en-GB\",\"@id\":\"https:\/\/www.doem.sk\/en\/meranie-kvality-stlaceneho-vzduchu\/#primaryimage\",\"url\":\"http:\/\/www.doem.sk\/wp-content\/uploads\/2024\/10\/Screenshot-2024-10-23-at-10.35.28.png\",\"contentUrl\":\"http:\/\/www.doem.sk\/wp-content\/uploads\/2024\/10\/Screenshot-2024-10-23-at-10.35.28.png\"},{\"@type\":\"BreadcrumbList\",\"@id\":\"https:\/\/www.doem.sk\/en\/meranie-kvality-stlaceneho-vzduchu\/#breadcrumb\",\"itemListElement\":[{\"@type\":\"ListItem\",\"position\":1,\"name\":\"Home\",\"item\":\"https:\/\/www.doem.sk\/sk\/\"},{\"@type\":\"ListItem\",\"position\":2,\"name\":\"Meranie kvality stla\u010den\u00e9ho vzduchu\"}]},{\"@type\":\"WebSite\",\"@id\":\"https:\/\/www.doem.sk\/sk\/#website\",\"url\":\"https:\/\/www.doem.sk\/sk\/\",\"name\":\"DOEM\",\"description\":\"U\u017d 30 ROKOV\",\"potentialAction\":[{\"@type\":\"SearchAction\",\"target\":{\"@type\":\"EntryPoint\",\"urlTemplate\":\"https:\/\/www.doem.sk\/sk\/?s={search_term_string}\"},\"query-input\":{\"@type\":\"PropertyValueSpecification\",\"valueRequired\":true,\"valueName\":\"search_term_string\"}}],\"inLanguage\":\"en-GB\"}]}<\/script>\n<!-- \/ Yoast SEO plugin. -->","yoast_head_json":{"title":"Meranie kvality stla\u010den\u00e9ho vzduchu - DOEM","robots":{"index":"index","follow":"follow","max-snippet":"max-snippet:-1","max-image-preview":"max-image-preview:large","max-video-preview":"max-video-preview:-1"},"canonical":"https:\/\/www.doem.sk\/en\/meranie-kvality-stlaceneho-vzduchu\/","og_locale":"en_GB","og_type":"article","og_title":"Meranie kvality stla\u010den\u00e9ho vzduchu - DOEM","og_description":"MERANIE KVALITY Meranie kvality Meranie kvality stla\u010den\u00e9ho vzduchu Meranie kvality stla\u010den\u00e9ho vzduchu zohr\u00e1va k\u013e\u00fa\u010dov\u00fa \u00falohu v mnoh\u00fdch priemyseln\u00fdch procesoch, v ktor\u00fdch sa stla\u010den\u00fd vzduch pou\u017e\u00edva ako rozhoduj\u00faci prev\u00e1dzkov\u00fd materi\u00e1l. Kvalita stla\u010den\u00e9ho vzduchu ovplyv\u0148uje nielen v\u00fdkon strojov a n\u00e1strojov, ale aj kvalitu produktov, najm\u00e4 v odvetviach ako je potravin\u00e1rska, farmaceutick\u00e1 a elektronick\u00e1 v\u00fdroba. Meracie pr\u00edstroje na [&hellip;]","og_url":"https:\/\/www.doem.sk\/en\/meranie-kvality-stlaceneho-vzduchu\/","og_site_name":"DOEM","article_modified_time":"2024-11-20T07:40:12+00:00","og_image":[{"url":"http:\/\/www.doem.sk\/wp-content\/uploads\/2024\/10\/Screenshot-2024-10-23-at-10.35.28.png"}],"twitter_card":"summary_large_image","twitter_misc":{"Estimated reading time":"2 minutes"},"schema":{"@context":"https:\/\/schema.org","@graph":[{"@type":"WebPage","@id":"https:\/\/www.doem.sk\/en\/meranie-kvality-stlaceneho-vzduchu\/","url":"https:\/\/www.doem.sk\/en\/meranie-kvality-stlaceneho-vzduchu\/","name":"Meranie kvality stla\u010den\u00e9ho vzduchu - DOEM","isPartOf":{"@id":"https:\/\/www.doem.sk\/sk\/#website"},"primaryImageOfPage":{"@id":"https:\/\/www.doem.sk\/en\/meranie-kvality-stlaceneho-vzduchu\/#primaryimage"},"image":{"@id":"https:\/\/www.doem.sk\/en\/meranie-kvality-stlaceneho-vzduchu\/#primaryimage"},"thumbnailUrl":"http:\/\/www.doem.sk\/wp-content\/uploads\/2024\/10\/Screenshot-2024-10-23-at-10.35.28.png","datePublished":"2024-10-22T08:46:15+00:00","dateModified":"2024-11-20T07:40:12+00:00","breadcrumb":{"@id":"https:\/\/www.doem.sk\/en\/meranie-kvality-stlaceneho-vzduchu\/#breadcrumb"},"inLanguage":"en-GB","potentialAction":[{"@type":"ReadAction","target":["https:\/\/www.doem.sk\/en\/meranie-kvality-stlaceneho-vzduchu\/"]}]},{"@type":"ImageObject","inLanguage":"en-GB","@id":"https:\/\/www.doem.sk\/en\/meranie-kvality-stlaceneho-vzduchu\/#primaryimage","url":"http:\/\/www.doem.sk\/wp-content\/uploads\/2024\/10\/Screenshot-2024-10-23-at-10.35.28.png","contentUrl":"http:\/\/www.doem.sk\/wp-content\/uploads\/2024\/10\/Screenshot-2024-10-23-at-10.35.28.png"},{"@type":"BreadcrumbList","@id":"https:\/\/www.doem.sk\/en\/meranie-kvality-stlaceneho-vzduchu\/#breadcrumb","itemListElement":[{"@type":"ListItem","position":1,"name":"Home","item":"https:\/\/www.doem.sk\/sk\/"},{"@type":"ListItem","position":2,"name":"Meranie kvality stla\u010den\u00e9ho vzduchu"}]},{"@type":"WebSite","@id":"https:\/\/www.doem.sk\/sk\/#website","url":"https:\/\/www.doem.sk\/sk\/","name":"DOEM","description":"U\u017d 30 ROKOV","potentialAction":[{"@type":"SearchAction","target":{"@type":"EntryPoint","urlTemplate":"https:\/\/www.doem.sk\/sk\/?s={search_term_string}"},"query-input":{"@type":"PropertyValueSpecification","valueRequired":true,"valueName":"search_term_string"}}],"inLanguage":"en-GB"}]}},"_links":{"self":[{"href":"https:\/\/www.doem.sk\/en\/wp-json\/wp\/v2\/pages\/369"}],"collection":[{"href":"https:\/\/www.doem.sk\/en\/wp-json\/wp\/v2\/pages"}],"about":[{"href":"https:\/\/www.doem.sk\/en\/wp-json\/wp\/v2\/types\/page"}],"author":[{"embeddable":true,"href":"https:\/\/www.doem.sk\/en\/wp-json\/wp\/v2\/users\/1"}],"replies":[{"embeddable":true,"href":"https:\/\/www.doem.sk\/en\/wp-json\/wp\/v2\/comments?post=369"}],"version-history":[{"count":6,"href":"https:\/\/www.doem.sk\/en\/wp-json\/wp\/v2\/pages\/369\/revisions"}],"predecessor-version":[{"id":1285,"href":"https:\/\/www.doem.sk\/en\/wp-json\/wp\/v2\/pages\/369\/revisions\/1285"}],"wp:attachment":[{"href":"https:\/\/www.doem.sk\/en\/wp-json\/wp\/v2\/media?parent=369"}],"curies":[{"name":"wp","href":"https:\/\/api.w.org\/{rel}","templated":true}]}}