{"id":495,"date":"2024-10-25T07:47:58","date_gmt":"2024-10-25T05:47:58","guid":{"rendered":"http:\/\/www.doem.sk\/?page_id=495"},"modified":"2024-10-30T12:45:32","modified_gmt":"2024-10-30T11:45:32","slug":"nastenne-rampy","status":"publish","type":"page","link":"https:\/\/www.doem.sk\/en\/nastenne-rampy\/","title":{"rendered":"Wall ramps"},"content":{"rendered":"<div data-elementor-type=\"wp-page\" data-elementor-id=\"495\" class=\"elementor elementor-495\" data-elementor-post-type=\"page\">\n\t\t\t\t<div class=\"elementor-element elementor-element-8c6685 e-flex e-con-boxed e-con e-parent\" data-id=\"8c6685\" data-element_type=\"container\" data-settings=\"{&quot;background_background&quot;:&quot;classic&quot;,&quot;shape_divider_bottom&quot;:&quot;triangle&quot;}\">\n\t\t\t\t\t<div class=\"e-con-inner\">\n\t\t\t\t<div class=\"elementor-shape elementor-shape-bottom\" data-negative=\"false\">\n\t\t\t<svg xmlns=\"http:\/\/www.w3.org\/2000\/svg\" viewbox=\"0 0 1000 100\" preserveaspectratio=\"none\">\n\t<path class=\"elementor-shape-fill\" d=\"M500,98.9L0,6.1V0h1000v6.1L500,98.9z\"\/>\n<\/svg>\t\t<\/div>\n\t\t<div class=\"elementor-element elementor-element-9fe90a1 e-flex e-con-boxed e-con e-child\" data-id=\"9fe90a1\" data-element_type=\"container\">\n\t\t\t\t\t<div class=\"e-con-inner\">\n\t\t\t\t<div class=\"elementor-element elementor-element-6ddd6811 elementor-widget elementor-widget-heading\" data-id=\"6ddd6811\" data-element_type=\"widget\" data-widget_type=\"heading.default\">\n\t\t\t\t<div class=\"elementor-widget-container\">\n\t\t\t<h2 class=\"elementor-heading-title elementor-size-default\">MEDICAL<\/h2>\t\t<\/div>\n\t\t\t\t<\/div>\n\t\t\t\t<div class=\"elementor-element elementor-element-6b1998d1 elementor-widget elementor-widget-heading\" data-id=\"6b1998d1\" data-element_type=\"widget\" data-widget_type=\"heading.default\">\n\t\t\t\t<div class=\"elementor-widget-container\">\n\t\t\t<h1 class=\"elementor-heading-title elementor-size-default\">Wall ramps<\/h1>\t\t<\/div>\n\t\t\t\t<\/div>\n\t\t\t\t\t<\/div>\n\t\t\t\t<\/div>\n\t\t\t\t\t<\/div>\n\t\t\t\t<\/div>\n\t\t<div class=\"elementor-element elementor-element-5b26342b e-flex e-con-boxed e-con e-parent\" data-id=\"5b26342b\" data-element_type=\"container\">\n\t\t\t\t\t<div class=\"e-con-inner\">\n\t\t<div class=\"elementor-element elementor-element-4bdc3c5c e-flex e-con-boxed e-con e-child\" data-id=\"4bdc3c5c\" data-element_type=\"container\">\n\t\t\t\t\t<div class=\"e-con-inner\">\n\t\t\t\t<div class=\"elementor-element elementor-element-2124f453 elementor-widget elementor-widget-text-editor\" data-id=\"2124f453\" data-element_type=\"widget\" data-widget_type=\"text-editor.default\">\n\t\t\t\t<div class=\"elementor-widget-container\">\n\t\t\t\t\t\t\tWall-mounted ramps are intended primarily for bed rooms in medical facilities and further where outlets for medical gases, high-current electricity and low-current distribution are required. However, they can also be used in reception centers, respite rooms and intensive care units.\t\t\t\t\t\t<\/div>\n\t\t\t\t<\/div>\n\t\t\t\t\t<\/div>\n\t\t\t\t<\/div>\n\t\t\t\t\t<\/div>\n\t\t\t\t<\/div>\n\t\t<div class=\"elementor-element elementor-element-3880e8c e-flex e-con-boxed e-con e-parent\" data-id=\"3880e8c\" data-element_type=\"container\">\n\t\t\t\t\t<div class=\"e-con-inner\">\n\t\t\t\t<div class=\"elementor-element elementor-element-221d8b2 elementor-widget elementor-widget-image\" data-id=\"221d8b2\" data-element_type=\"widget\" data-widget_type=\"image.default\">\n\t\t\t\t<div class=\"elementor-widget-container\">\n\t\t\t\t\t\t\t\t\t\t\t\t\t<img fetchpriority=\"high\" decoding=\"async\" width=\"768\" height=\"434\" src=\"https:\/\/www.doem.sk\/wp-content\/uploads\/2024\/10\/nastenna-rampa-768x434.jpg\" class=\"attachment-medium_large size-medium_large wp-image-732\" alt=\"\" srcset=\"https:\/\/www.doem.sk\/wp-content\/uploads\/2024\/10\/nastenna-rampa-768x434.jpg 768w, https:\/\/www.doem.sk\/wp-content\/uploads\/2024\/10\/nastenna-rampa-300x169.jpg 300w, https:\/\/www.doem.sk\/wp-content\/uploads\/2024\/10\/nastenna-rampa-1024x578.jpg 1024w, https:\/\/www.doem.sk\/wp-content\/uploads\/2024\/10\/nastenna-rampa-18x10.jpg 18w, https:\/\/www.doem.sk\/wp-content\/uploads\/2024\/10\/nastenna-rampa.jpg 1280w\" sizes=\"(max-width: 768px) 100vw, 768px\" \/>\t\t\t\t\t\t\t\t\t\t\t\t\t<\/div>\n\t\t\t\t<\/div>\n\t\t\t\t<div class=\"elementor-element elementor-element-18d1571 elementor-widget elementor-widget-image\" data-id=\"18d1571\" data-element_type=\"widget\" data-widget_type=\"image.default\">\n\t\t\t\t<div class=\"elementor-widget-container\">\n\t\t\t\t\t\t\t\t\t\t\t\t\t<img decoding=\"async\" width=\"768\" height=\"512\" src=\"https:\/\/www.doem.sk\/wp-content\/uploads\/2024\/10\/Nastenne-rampy_01-768x512.jpeg\" class=\"attachment-medium_large size-medium_large wp-image-521\" alt=\"\" srcset=\"https:\/\/www.doem.sk\/wp-content\/uploads\/2024\/10\/Nastenne-rampy_01-768x512.jpeg 768w, https:\/\/www.doem.sk\/wp-content\/uploads\/2024\/10\/Nastenne-rampy_01-300x200.jpeg 300w, https:\/\/www.doem.sk\/wp-content\/uploads\/2024\/10\/Nastenne-rampy_01-1024x683.jpeg 1024w, https:\/\/www.doem.sk\/wp-content\/uploads\/2024\/10\/Nastenne-rampy_01-18x12.jpeg 18w, https:\/\/www.doem.sk\/wp-content\/uploads\/2024\/10\/Nastenne-rampy_01.jpeg 1280w\" sizes=\"(max-width: 768px) 100vw, 768px\" \/>\t\t\t\t\t\t\t\t\t\t\t\t\t<\/div>\n\t\t\t\t<\/div>\n\t\t\t\t<div class=\"elementor-element elementor-element-956b5c1 elementor-widget elementor-widget-image\" data-id=\"956b5c1\" data-element_type=\"widget\" data-widget_type=\"image.default\">\n\t\t\t\t<div class=\"elementor-widget-container\">\n\t\t\t\t\t\t\t\t\t\t\t\t\t<img decoding=\"async\" width=\"768\" height=\"512\" src=\"https:\/\/www.doem.sk\/wp-content\/uploads\/2024\/10\/Nastenne-rampy_03-768x512.jpeg\" class=\"attachment-medium_large size-medium_large wp-image-516\" alt=\"\" srcset=\"https:\/\/www.doem.sk\/wp-content\/uploads\/2024\/10\/Nastenne-rampy_03-768x512.jpeg 768w, https:\/\/www.doem.sk\/wp-content\/uploads\/2024\/10\/Nastenne-rampy_03-300x200.jpeg 300w, https:\/\/www.doem.sk\/wp-content\/uploads\/2024\/10\/Nastenne-rampy_03-1024x682.jpeg 1024w, https:\/\/www.doem.sk\/wp-content\/uploads\/2024\/10\/Nastenne-rampy_03-18x12.jpeg 18w, https:\/\/www.doem.sk\/wp-content\/uploads\/2024\/10\/Nastenne-rampy_03.jpeg 1280w\" sizes=\"(max-width: 768px) 100vw, 768px\" \/>\t\t\t\t\t\t\t\t\t\t\t\t\t<\/div>\n\t\t\t\t<\/div>\n\t\t\t\t\t<\/div>\n\t\t\t\t<\/div>\n\t\t<div class=\"elementor-element elementor-element-2aa3fa7d e-flex e-con-boxed e-con e-parent\" data-id=\"2aa3fa7d\" data-element_type=\"container\" data-settings=\"{&quot;background_background&quot;:&quot;classic&quot;,&quot;shape_divider_bottom&quot;:&quot;triangle&quot;}\">\n\t\t\t\t\t<div class=\"e-con-inner\">\n\t\t\t\t<div class=\"elementor-shape elementor-shape-bottom\" data-negative=\"false\">\n\t\t\t<svg xmlns=\"http:\/\/www.w3.org\/2000\/svg\" viewbox=\"0 0 1000 100\" preserveaspectratio=\"none\">\n\t<path class=\"elementor-shape-fill\" d=\"M500,98.9L0,6.1V0h1000v6.1L500,98.9z\"\/>\n<\/svg>\t\t<\/div>\n\t\t<div class=\"elementor-element elementor-element-409b0879 e-con-full e-flex e-con e-child\" data-id=\"409b0879\" data-element_type=\"container\">\n\t\t\t\t<div class=\"elementor-element elementor-element-6de69cd3 elementor-widget elementor-widget-heading\" data-id=\"6de69cd3\" data-element_type=\"widget\" data-widget_type=\"heading.default\">\n\t\t\t\t<div class=\"elementor-widget-container\">\n\t\t\t<h2 class=\"elementor-heading-title elementor-size-default\">Do you need advice about wall ramps?<\/h2>\t\t<\/div>\n\t\t\t\t<\/div>\n\t\t\t\t<\/div>\n\t\t<div class=\"elementor-element elementor-element-2dc82268 e-con-full e-flex e-con e-child\" data-id=\"2dc82268\" data-element_type=\"container\">\n\t\t\t\t<div class=\"elementor-element elementor-element-46f04367 elementor-widget elementor-widget-text-editor\" data-id=\"46f04367\" data-element_type=\"widget\" data-widget_type=\"text-editor.default\">\n\t\t\t\t<div class=\"elementor-widget-container\">\n\t\t\t\t\t\t\t<p>Do not hesitate to contact us at any time. Our team of experts is here for you!<\/p>\t\t\t\t\t\t<\/div>\n\t\t\t\t<\/div>\n\t\t\t\t<div class=\"elementor-element elementor-element-89f2fe4 elementor-mobile-align-center elementor-widget elementor-widget-button\" data-id=\"89f2fe4\" data-element_type=\"widget\" data-widget_type=\"button.default\">\n\t\t\t\t<div class=\"elementor-widget-container\">\n\t\t\t\t\t<div class=\"elementor-button-wrapper\">\n\t\t\t<a class=\"elementor-button elementor-button-link elementor-size-sm elementor-animation-grow\" href=\"http:\/\/www.doem.sk\/en\/kontakt\/\">\n\t\t\t\t\t\t<span class=\"elementor-button-content-wrapper\">\n\t\t\t\t\t\t<span class=\"elementor-button-icon\">\n\t\t\t\t<svg aria-hidden=\"true\" class=\"e-font-icon-svg e-fas-arrow-circle-right\" viewbox=\"0 0 512 512\" xmlns=\"http:\/\/www.w3.org\/2000\/svg\"><path d=\"M256 8c137 0 248 111 248 248S393 504 256 504 8 393 8 256 119 8 256 8zm-28.9 143.6l75.5 72.4H120c-13.3 0-24 10.7-24 24v16c0 13.3 10.7 24 24 24h182.6l-75.5 72.4c-9.7 9.3-9.9 24.8-.4 34.3l11 10.9c9.4 9.4 24.6 9.4 33.9 0L404.3 273c9.4-9.4 9.4-24.6 0-33.9L271.6 106.3c-9.4-9.4-24.6-9.4-33.9 0l-11 10.9c-9.5 9.6-9.3 25.1.4 34.4z\"><\/path><\/svg>\t\t\t<\/span>\n\t\t\t\t\t\t\t\t\t<span class=\"elementor-button-text\">Contact us<\/span>\n\t\t\t\t\t<\/span>\n\t\t\t\t\t<\/a>\n\t\t<\/div>\n\t\t\t\t<\/div>\n\t\t\t\t<\/div>\n\t\t\t\t<\/div>\n\t\t\t\t\t<\/div>\n\t\t\t\t<\/div>\n\t\t\t\t<\/div>","protected":false},"excerpt":{"rendered":"<p>ZDRAVOTN\u00cdCTVO N\u00e1stenn\u00e9 rampy N\u00e1stenn\u00e9 rampy s\u00fa ur\u010den\u00e9 predov\u0161etk\u00fdm pre l\u00f4\u017ekov\u00e9 izby zdravotn\u00edckych zariaden\u00ed a \u010falej tam, kde s\u00fa po\u017eadovan\u00e9 v\u00fdvody medicin\u00e1lnych plynov, silnopr\u00fadovej elektriny aj slabopr\u00fadov\u00fdch rozvodov. Uplatnenie n\u00e1jdu v\u0161ak n\u00e1jdu aj v pr\u00edjmov\u00fdch centr\u00e1ch, na dosp\u00e1vac\u00edch izb\u00e1ch a jednotk\u00e1ch intenz\u00edvnej starostlivosti. Potrebujete poradi\u0165 oh\u013eadom n\u00e1stenn\u00fdch ramp? Nev\u00e1hajte n\u00e1s kedyko\u013evek kontaktova\u0165. N\u00e1\u0161 t\u00fdm odoborn\u00edkov je [&hellip;]<\/p>","protected":false},"author":1,"featured_media":0,"parent":0,"menu_order":0,"comment_status":"closed","ping_status":"closed","template":"elementor_header_footer","meta":{"_monsterinsights_skip_tracking":false,"_monsterinsights_sitenote_active":false,"_monsterinsights_sitenote_note":"","_monsterinsights_sitenote_category":0,"footnotes":""},"class_list":["post-495","page","type-page","status-publish","hentry"],"yoast_head":"<!-- This site is optimized with the Yoast SEO plugin v23.8 - https:\/\/yoast.com\/wordpress\/plugins\/seo\/ -->\n<title>N\u00e1stenn\u00e9 rampy - DOEM<\/title>\n<meta name=\"robots\" content=\"index, follow, max-snippet:-1, max-image-preview:large, max-video-preview:-1\" \/>\n<link rel=\"canonical\" href=\"https:\/\/www.doem.sk\/en\/nastenne-rampy\/\" \/>\n<meta property=\"og:locale\" content=\"en_GB\" \/>\n<meta property=\"og:type\" content=\"article\" \/>\n<meta property=\"og:title\" content=\"N\u00e1stenn\u00e9 rampy - DOEM\" \/>\n<meta property=\"og:description\" content=\"ZDRAVOTN\u00cdCTVO N\u00e1stenn\u00e9 rampy N\u00e1stenn\u00e9 rampy s\u00fa ur\u010den\u00e9 predov\u0161etk\u00fdm pre l\u00f4\u017ekov\u00e9 izby zdravotn\u00edckych zariaden\u00ed a \u010falej tam, kde s\u00fa po\u017eadovan\u00e9 v\u00fdvody medicin\u00e1lnych plynov, silnopr\u00fadovej elektriny aj slabopr\u00fadov\u00fdch rozvodov. Uplatnenie n\u00e1jdu v\u0161ak n\u00e1jdu aj v pr\u00edjmov\u00fdch centr\u00e1ch, na dosp\u00e1vac\u00edch izb\u00e1ch a jednotk\u00e1ch intenz\u00edvnej starostlivosti. Potrebujete poradi\u0165 oh\u013eadom n\u00e1stenn\u00fdch ramp? Nev\u00e1hajte n\u00e1s kedyko\u013evek kontaktova\u0165. N\u00e1\u0161 t\u00fdm odoborn\u00edkov je [&hellip;]\" \/>\n<meta property=\"og:url\" content=\"https:\/\/www.doem.sk\/en\/nastenne-rampy\/\" \/>\n<meta property=\"og:site_name\" content=\"DOEM\" \/>\n<meta property=\"article:modified_time\" content=\"2024-10-30T11:45:32+00:00\" \/>\n<meta property=\"og:image\" content=\"http:\/\/www.doem.sk\/wp-content\/uploads\/2024\/10\/nastenna-rampa-768x434.jpg\" \/>\n<meta name=\"twitter:card\" content=\"summary_large_image\" \/>\n<meta name=\"twitter:label1\" content=\"Estimated reading time\" \/>\n\t<meta name=\"twitter:data1\" content=\"1 minute\" \/>\n<script type=\"application\/ld+json\" class=\"yoast-schema-graph\">{\"@context\":\"https:\/\/schema.org\",\"@graph\":[{\"@type\":\"WebPage\",\"@id\":\"https:\/\/www.doem.sk\/sk\/nastenne-rampy\/\",\"url\":\"https:\/\/www.doem.sk\/sk\/nastenne-rampy\/\",\"name\":\"N\u00e1stenn\u00e9 rampy - DOEM\",\"isPartOf\":{\"@id\":\"https:\/\/www.doem.sk\/sk\/#website\"},\"primaryImageOfPage\":{\"@id\":\"https:\/\/www.doem.sk\/sk\/nastenne-rampy\/#primaryimage\"},\"image\":{\"@id\":\"https:\/\/www.doem.sk\/sk\/nastenne-rampy\/#primaryimage\"},\"thumbnailUrl\":\"http:\/\/www.doem.sk\/wp-content\/uploads\/2024\/10\/nastenna-rampa-768x434.jpg\",\"datePublished\":\"2024-10-25T05:47:58+00:00\",\"dateModified\":\"2024-10-30T11:45:32+00:00\",\"breadcrumb\":{\"@id\":\"https:\/\/www.doem.sk\/sk\/nastenne-rampy\/#breadcrumb\"},\"inLanguage\":\"en-GB\",\"potentialAction\":[{\"@type\":\"ReadAction\",\"target\":[\"https:\/\/www.doem.sk\/sk\/nastenne-rampy\/\"]}]},{\"@type\":\"ImageObject\",\"inLanguage\":\"en-GB\",\"@id\":\"https:\/\/www.doem.sk\/sk\/nastenne-rampy\/#primaryimage\",\"url\":\"http:\/\/www.doem.sk\/wp-content\/uploads\/2024\/10\/nastenna-rampa-768x434.jpg\",\"contentUrl\":\"http:\/\/www.doem.sk\/wp-content\/uploads\/2024\/10\/nastenna-rampa-768x434.jpg\"},{\"@type\":\"BreadcrumbList\",\"@id\":\"https:\/\/www.doem.sk\/sk\/nastenne-rampy\/#breadcrumb\",\"itemListElement\":[{\"@type\":\"ListItem\",\"position\":1,\"name\":\"Home\",\"item\":\"https:\/\/www.doem.sk\/sk\/\"},{\"@type\":\"ListItem\",\"position\":2,\"name\":\"N\u00e1stenn\u00e9 rampy\"}]},{\"@type\":\"WebSite\",\"@id\":\"https:\/\/www.doem.sk\/sk\/#website\",\"url\":\"https:\/\/www.doem.sk\/sk\/\",\"name\":\"DOEM\",\"description\":\"U\u017d 30 ROKOV\",\"potentialAction\":[{\"@type\":\"SearchAction\",\"target\":{\"@type\":\"EntryPoint\",\"urlTemplate\":\"https:\/\/www.doem.sk\/sk\/?s={search_term_string}\"},\"query-input\":{\"@type\":\"PropertyValueSpecification\",\"valueRequired\":true,\"valueName\":\"search_term_string\"}}],\"inLanguage\":\"en-GB\"}]}<\/script>\n<!-- \/ Yoast SEO plugin. -->","yoast_head_json":{"title":"N\u00e1stenn\u00e9 rampy - DOEM","robots":{"index":"index","follow":"follow","max-snippet":"max-snippet:-1","max-image-preview":"max-image-preview:large","max-video-preview":"max-video-preview:-1"},"canonical":"https:\/\/www.doem.sk\/en\/nastenne-rampy\/","og_locale":"en_GB","og_type":"article","og_title":"N\u00e1stenn\u00e9 rampy - DOEM","og_description":"ZDRAVOTN\u00cdCTVO N\u00e1stenn\u00e9 rampy N\u00e1stenn\u00e9 rampy s\u00fa ur\u010den\u00e9 predov\u0161etk\u00fdm pre l\u00f4\u017ekov\u00e9 izby zdravotn\u00edckych zariaden\u00ed a \u010falej tam, kde s\u00fa po\u017eadovan\u00e9 v\u00fdvody medicin\u00e1lnych plynov, silnopr\u00fadovej elektriny aj slabopr\u00fadov\u00fdch rozvodov. Uplatnenie n\u00e1jdu v\u0161ak n\u00e1jdu aj v pr\u00edjmov\u00fdch centr\u00e1ch, na dosp\u00e1vac\u00edch izb\u00e1ch a jednotk\u00e1ch intenz\u00edvnej starostlivosti. Potrebujete poradi\u0165 oh\u013eadom n\u00e1stenn\u00fdch ramp? Nev\u00e1hajte n\u00e1s kedyko\u013evek kontaktova\u0165. N\u00e1\u0161 t\u00fdm odoborn\u00edkov je [&hellip;]","og_url":"https:\/\/www.doem.sk\/en\/nastenne-rampy\/","og_site_name":"DOEM","article_modified_time":"2024-10-30T11:45:32+00:00","og_image":[{"url":"http:\/\/www.doem.sk\/wp-content\/uploads\/2024\/10\/nastenna-rampa-768x434.jpg"}],"twitter_card":"summary_large_image","twitter_misc":{"Estimated reading time":"1 minute"},"schema":{"@context":"https:\/\/schema.org","@graph":[{"@type":"WebPage","@id":"https:\/\/www.doem.sk\/sk\/nastenne-rampy\/","url":"https:\/\/www.doem.sk\/sk\/nastenne-rampy\/","name":"N\u00e1stenn\u00e9 rampy - DOEM","isPartOf":{"@id":"https:\/\/www.doem.sk\/sk\/#website"},"primaryImageOfPage":{"@id":"https:\/\/www.doem.sk\/sk\/nastenne-rampy\/#primaryimage"},"image":{"@id":"https:\/\/www.doem.sk\/sk\/nastenne-rampy\/#primaryimage"},"thumbnailUrl":"http:\/\/www.doem.sk\/wp-content\/uploads\/2024\/10\/nastenna-rampa-768x434.jpg","datePublished":"2024-10-25T05:47:58+00:00","dateModified":"2024-10-30T11:45:32+00:00","breadcrumb":{"@id":"https:\/\/www.doem.sk\/sk\/nastenne-rampy\/#breadcrumb"},"inLanguage":"en-GB","potentialAction":[{"@type":"ReadAction","target":["https:\/\/www.doem.sk\/sk\/nastenne-rampy\/"]}]},{"@type":"ImageObject","inLanguage":"en-GB","@id":"https:\/\/www.doem.sk\/sk\/nastenne-rampy\/#primaryimage","url":"http:\/\/www.doem.sk\/wp-content\/uploads\/2024\/10\/nastenna-rampa-768x434.jpg","contentUrl":"http:\/\/www.doem.sk\/wp-content\/uploads\/2024\/10\/nastenna-rampa-768x434.jpg"},{"@type":"BreadcrumbList","@id":"https:\/\/www.doem.sk\/sk\/nastenne-rampy\/#breadcrumb","itemListElement":[{"@type":"ListItem","position":1,"name":"Home","item":"https:\/\/www.doem.sk\/sk\/"},{"@type":"ListItem","position":2,"name":"N\u00e1stenn\u00e9 rampy"}]},{"@type":"WebSite","@id":"https:\/\/www.doem.sk\/sk\/#website","url":"https:\/\/www.doem.sk\/sk\/","name":"DOEM","description":"U\u017d 30 ROKOV","potentialAction":[{"@type":"SearchAction","target":{"@type":"EntryPoint","urlTemplate":"https:\/\/www.doem.sk\/sk\/?s={search_term_string}"},"query-input":{"@type":"PropertyValueSpecification","valueRequired":true,"valueName":"search_term_string"}}],"inLanguage":"en-GB"}]}},"_links":{"self":[{"href":"https:\/\/www.doem.sk\/en\/wp-json\/wp\/v2\/pages\/495"}],"collection":[{"href":"https:\/\/www.doem.sk\/en\/wp-json\/wp\/v2\/pages"}],"about":[{"href":"https:\/\/www.doem.sk\/en\/wp-json\/wp\/v2\/types\/page"}],"author":[{"embeddable":true,"href":"https:\/\/www.doem.sk\/en\/wp-json\/wp\/v2\/users\/1"}],"replies":[{"embeddable":true,"href":"https:\/\/www.doem.sk\/en\/wp-json\/wp\/v2\/comments?post=495"}],"version-history":[{"count":6,"href":"https:\/\/www.doem.sk\/en\/wp-json\/wp\/v2\/pages\/495\/revisions"}],"predecessor-version":[{"id":901,"href":"https:\/\/www.doem.sk\/en\/wp-json\/wp\/v2\/pages\/495\/revisions\/901"}],"wp:attachment":[{"href":"https:\/\/www.doem.sk\/en\/wp-json\/wp\/v2\/media?parent=495"}],"curies":[{"name":"wp","href":"https:\/\/api.w.org\/{rel}","templated":true}]}}