{"id":667,"date":"2024-10-29T09:22:27","date_gmt":"2024-10-29T08:22:27","guid":{"rendered":"http:\/\/www.doem.sk\/?page_id=667"},"modified":"2024-11-20T08:31:59","modified_gmt":"2024-11-20T07:31:59","slug":"vaukove-vyvevy-a-duchadla","status":"publish","type":"page","link":"https:\/\/www.doem.sk\/en\/vaukove-vyvevy-a-duchadla\/","title":{"rendered":"Vacuum pumps and blowers"},"content":{"rendered":"<div data-elementor-type=\"wp-page\" data-elementor-id=\"667\" class=\"elementor elementor-667\" data-elementor-post-type=\"page\">\n\t\t\t\t<div class=\"elementor-element elementor-element-2fc82a38 e-flex e-con-boxed e-con e-parent\" data-id=\"2fc82a38\" data-element_type=\"container\" data-settings=\"{&quot;background_background&quot;:&quot;classic&quot;,&quot;shape_divider_bottom&quot;:&quot;triangle&quot;}\">\n\t\t\t\t\t<div class=\"e-con-inner\">\n\t\t\t\t<div class=\"elementor-shape elementor-shape-bottom\" data-negative=\"false\">\n\t\t\t<svg xmlns=\"http:\/\/www.w3.org\/2000\/svg\" viewbox=\"0 0 1000 100\" preserveaspectratio=\"none\">\n\t<path class=\"elementor-shape-fill\" d=\"M500,98.9L0,6.1V0h1000v6.1L500,98.9z\"\/>\n<\/svg>\t\t<\/div>\n\t\t<div class=\"elementor-element elementor-element-74de719f e-flex e-con-boxed e-con e-child\" data-id=\"74de719f\" data-element_type=\"container\">\n\t\t\t\t\t<div class=\"e-con-inner\">\n\t\t\t\t<div class=\"elementor-element elementor-element-566afc36 elementor-widget elementor-widget-heading\" data-id=\"566afc36\" data-element_type=\"widget\" data-widget_type=\"heading.default\">\n\t\t\t\t<div class=\"elementor-widget-container\">\n\t\t\t<h2 class=\"elementor-heading-title elementor-size-default\">INDUSTRIAL<\/h2>\t\t<\/div>\n\t\t\t\t<\/div>\n\t\t\t\t<div class=\"elementor-element elementor-element-76fb288f elementor-widget elementor-widget-heading\" data-id=\"76fb288f\" data-element_type=\"widget\" data-widget_type=\"heading.default\">\n\t\t\t\t<div class=\"elementor-widget-container\">\n\t\t\t<h1 class=\"elementor-heading-title elementor-size-default\">Vacuum pumps and blowers<\/h1>\t\t<\/div>\n\t\t\t\t<\/div>\n\t\t\t\t\t<\/div>\n\t\t\t\t<\/div>\n\t\t\t\t\t<\/div>\n\t\t\t\t<\/div>\n\t\t<div class=\"elementor-element elementor-element-85ba8a6 e-flex e-con-boxed e-con e-parent\" data-id=\"85ba8a6\" data-element_type=\"container\">\n\t\t\t\t\t<div class=\"e-con-inner\">\n\t\t\t\t<div class=\"elementor-element elementor-element-141e359 elementor-widget elementor-widget-text-editor\" data-id=\"141e359\" data-element_type=\"widget\" data-widget_type=\"text-editor.default\">\n\t\t\t\t<div class=\"elementor-widget-container\">\n\t\t\t\t\t\t\t<p>We offer you high-quality and reliable vacuum cleaners, which are the result of more than 100 years of unrivaled experience in this industry. Vacuum pumps are used by companies all over the world thanks to their uncompromising reliability and unrivaled performance. They are also backed by an excellent 24-hour service. There are a variety of vacuum pump models to choose from, ensuring you'll be able to find the right one for your application.<\/p>\t\t\t\t\t\t<\/div>\n\t\t\t\t<\/div>\n\t\t\t\t\t<\/div>\n\t\t\t\t<\/div>\n\t\t<div class=\"elementor-element elementor-element-ec8e50d e-flex e-con-boxed e-con e-parent\" data-id=\"ec8e50d\" data-element_type=\"container\">\n\t\t\t\t\t<div class=\"e-con-inner\">\n\t\t<div class=\"elementor-element elementor-element-1e71dfc8 e-con-full e-flex e-con e-child\" data-id=\"1e71dfc8\" data-element_type=\"container\" data-settings=\"{&quot;background_background&quot;:&quot;classic&quot;}\">\n\t\t<div class=\"elementor-element elementor-element-13475a48 e-con-full e-flex e-con e-child\" data-id=\"13475a48\" data-element_type=\"container\">\n\t\t<div class=\"elementor-element elementor-element-6f45baff e-con-full e-flex e-con e-child\" data-id=\"6f45baff\" data-element_type=\"container\">\n\t\t\t\t<div class=\"elementor-element elementor-element-35ff6dbb elementor-widget elementor-widget-image\" data-id=\"35ff6dbb\" data-element_type=\"widget\" data-widget_type=\"image.default\">\n\t\t\t\t<div class=\"elementor-widget-container\">\n\t\t\t\t\t\t\t\t\t\t\t\t\t<img fetchpriority=\"high\" decoding=\"async\" width=\"400\" height=\"400\" src=\"https:\/\/www.doem.sk\/wp-content\/uploads\/2024\/10\/Vakuove-cerpadlo-s-variabilnym-pohonom.jpg\" class=\"attachment-medium_large size-medium_large wp-image-777\" alt=\"\" srcset=\"https:\/\/www.doem.sk\/wp-content\/uploads\/2024\/10\/Vakuove-cerpadlo-s-variabilnym-pohonom.jpg 400w, https:\/\/www.doem.sk\/wp-content\/uploads\/2024\/10\/Vakuove-cerpadlo-s-variabilnym-pohonom-300x300.jpg 300w, https:\/\/www.doem.sk\/wp-content\/uploads\/2024\/10\/Vakuove-cerpadlo-s-variabilnym-pohonom-150x150.jpg 150w, https:\/\/www.doem.sk\/wp-content\/uploads\/2024\/10\/Vakuove-cerpadlo-s-variabilnym-pohonom-12x12.jpg 12w\" sizes=\"(max-width: 400px) 100vw, 400px\" \/>\t\t\t\t\t\t\t\t\t\t\t\t\t<\/div>\n\t\t\t\t<\/div>\n\t\t\t\t<\/div>\n\t\t<div class=\"elementor-element elementor-element-12eee008 e-con-full e-flex e-con e-child\" data-id=\"12eee008\" data-element_type=\"container\">\n\t\t\t\t<div class=\"elementor-element elementor-element-6ad9c249 elementor-widget elementor-widget-heading\" data-id=\"6ad9c249\" data-element_type=\"widget\" data-widget_type=\"heading.default\">\n\t\t\t\t<div class=\"elementor-widget-container\">\n\t\t\t<h2 class=\"elementor-heading-title elementor-size-default\">Vacuum pump with variable drive<\/h2>\t\t<\/div>\n\t\t\t\t<\/div>\n\t\t\t\t<div class=\"elementor-element elementor-element-96d4bec elementor-widget elementor-widget-text-editor\" data-id=\"96d4bec\" data-element_type=\"widget\" data-widget_type=\"text-editor.default\">\n\t\t\t\t<div class=\"elementor-widget-container\">\n\t\t\t\t\t\t\t<p>The variable drive vacuum pump has been designed to deliver exactly the performance you require at the lowest possible life cycle cost. As a result, it is ideal for applications where you need to maintain a set vacuum level (set point).<\/p><ul><li>Variable speed drive<\/li><li>Air or water cooling<\/li><li>With power from 7.5 to 50 hp<\/li><\/ul>\t\t\t\t\t\t<\/div>\n\t\t\t\t<\/div>\n\t\t\t\t<\/div>\n\t\t\t\t<\/div>\n\t\t<div class=\"elementor-element elementor-element-399e4188 e-con-full e-flex e-con e-child\" data-id=\"399e4188\" data-element_type=\"container\">\n\t\t<div class=\"elementor-element elementor-element-32dedd86 e-con-full e-flex e-con e-child\" data-id=\"32dedd86\" data-element_type=\"container\">\n\t\t\t\t<div class=\"elementor-element elementor-element-63dbb1c1 elementor-widget elementor-widget-image\" data-id=\"63dbb1c1\" data-element_type=\"widget\" data-widget_type=\"image.default\">\n\t\t\t\t<div class=\"elementor-widget-container\">\n\t\t\t\t\t\t\t\t\t\t\t\t\t<img decoding=\"async\" width=\"768\" height=\"512\" src=\"https:\/\/www.doem.sk\/wp-content\/uploads\/2024\/10\/Bezolejove-rotacne-cerpadla-768x512.png\" class=\"attachment-medium_large size-medium_large wp-image-774\" alt=\"\" srcset=\"https:\/\/www.doem.sk\/wp-content\/uploads\/2024\/10\/Bezolejove-rotacne-cerpadla-768x512.png 768w, https:\/\/www.doem.sk\/wp-content\/uploads\/2024\/10\/Bezolejove-rotacne-cerpadla-300x200.png 300w, https:\/\/www.doem.sk\/wp-content\/uploads\/2024\/10\/Bezolejove-rotacne-cerpadla-1024x682.png 1024w, https:\/\/www.doem.sk\/wp-content\/uploads\/2024\/10\/Bezolejove-rotacne-cerpadla-18x12.png 18w, https:\/\/www.doem.sk\/wp-content\/uploads\/2024\/10\/Bezolejove-rotacne-cerpadla.png 1280w\" sizes=\"(max-width: 768px) 100vw, 768px\" \/>\t\t\t\t\t\t\t\t\t\t\t\t\t<\/div>\n\t\t\t\t<\/div>\n\t\t\t\t<\/div>\n\t\t<div class=\"elementor-element elementor-element-755ca174 e-con-full e-flex e-con e-child\" data-id=\"755ca174\" data-element_type=\"container\">\n\t\t\t\t<div class=\"elementor-element elementor-element-2c7fdca3 elementor-widget elementor-widget-heading\" data-id=\"2c7fdca3\" data-element_type=\"widget\" data-widget_type=\"heading.default\">\n\t\t\t\t<div class=\"elementor-widget-container\">\n\t\t\t<h2 class=\"elementor-heading-title elementor-size-default\">Oil-free rotary pumps<\/h2>\t\t<\/div>\n\t\t\t\t<\/div>\n\t\t\t\t<div class=\"elementor-element elementor-element-6c519466 elementor-widget elementor-widget-text-editor\" data-id=\"6c519466\" data-element_type=\"widget\" data-widget_type=\"text-editor.default\">\n\t\t\t\t<div class=\"elementor-widget-container\">\n\t\t\t\t\t\t\t<p>Oil-free rotary pumps that meet the requirements for oil-free processes and solve your daily challenges. These powerful pumps are ready to deliver high-quality oil-free vacuum or pressure, giving you exceptional reliability and efficiency. Our range of oil-free rotary pumps offers benefits including the best noise level on the market, minimized energy consumption and easy maintenance. They are environmentally friendly with no contaminated oil that needs to be disposed of. Dry technology means:<\/p><ul><li>For oil-free operation.<\/li><li>Customers who emphasize simple maintenance and service.<\/li><li>Applications with solvents or other compounds that would contaminate oil-sealed pumps.<\/li><\/ul>\t\t\t\t\t\t<\/div>\n\t\t\t\t<\/div>\n\t\t\t\t<\/div>\n\t\t\t\t<\/div>\n\t\t<div class=\"elementor-element elementor-element-5598157a e-con-full e-flex e-con e-child\" data-id=\"5598157a\" data-element_type=\"container\">\n\t\t<div class=\"elementor-element elementor-element-4e005fca e-con-full e-flex e-con e-child\" data-id=\"4e005fca\" data-element_type=\"container\">\n\t\t\t\t<div class=\"elementor-element elementor-element-149bccd5 elementor-widget elementor-widget-image\" data-id=\"149bccd5\" data-element_type=\"widget\" data-widget_type=\"image.default\">\n\t\t\t\t<div class=\"elementor-widget-container\">\n\t\t\t\t\t\t\t\t\t\t\t\t\t<img decoding=\"async\" width=\"768\" height=\"570\" src=\"https:\/\/www.doem.sk\/wp-content\/uploads\/2024\/10\/Olejove-rotacne-la-melove-cerpadla-768x570.png\" class=\"attachment-medium_large size-medium_large wp-image-776\" alt=\"\" srcset=\"https:\/\/www.doem.sk\/wp-content\/uploads\/2024\/10\/Olejove-rotacne-la-melove-cerpadla-768x570.png 768w, https:\/\/www.doem.sk\/wp-content\/uploads\/2024\/10\/Olejove-rotacne-la-melove-cerpadla-300x223.png 300w, https:\/\/www.doem.sk\/wp-content\/uploads\/2024\/10\/Olejove-rotacne-la-melove-cerpadla-16x12.png 16w, https:\/\/www.doem.sk\/wp-content\/uploads\/2024\/10\/Olejove-rotacne-la-melove-cerpadla.png 1024w\" sizes=\"(max-width: 768px) 100vw, 768px\" \/>\t\t\t\t\t\t\t\t\t\t\t\t\t<\/div>\n\t\t\t\t<\/div>\n\t\t\t\t<\/div>\n\t\t<div class=\"elementor-element elementor-element-6e6849e2 e-con-full e-flex e-con e-child\" data-id=\"6e6849e2\" data-element_type=\"container\">\n\t\t\t\t<div class=\"elementor-element elementor-element-5f84bf4 elementor-widget elementor-widget-heading\" data-id=\"5f84bf4\" data-element_type=\"widget\" data-widget_type=\"heading.default\">\n\t\t\t\t<div class=\"elementor-widget-container\">\n\t\t\t<h2 class=\"elementor-heading-title elementor-size-default\">Oil rotary vane pumps<\/h2>\t\t<\/div>\n\t\t\t\t<\/div>\n\t\t\t\t<div class=\"elementor-element elementor-element-3eca5735 elementor-widget elementor-widget-text-editor\" data-id=\"3eca5735\" data-element_type=\"widget\" data-widget_type=\"text-editor.default\">\n\t\t\t\t<div class=\"elementor-widget-container\">\n\t\t\t\t\t\t\t<p>Oil rotary vane pumps with power from 1.2 to 10 hp. The pumps are self-contained, including the inlet check valve, pump chamber, oil mist separation and oil cooling\/recirculation system. These pumps are optimized for flow performance, oil separation and temperature stability and can operate continuously at any vacuum level.<\/p><ul><li>Non-metallic blades = long service life<\/li><li>Multi-stage separation system<\/li><li>Air cooled<\/li><\/ul>\t\t\t\t\t\t<\/div>\n\t\t\t\t<\/div>\n\t\t\t\t<\/div>\n\t\t\t\t<\/div>\n\t\t\t\t<\/div>\n\t\t\t\t\t<\/div>\n\t\t\t\t<\/div>\n\t\t<div class=\"elementor-element elementor-element-ee53959 e-flex e-con-boxed e-con e-parent\" data-id=\"ee53959\" data-element_type=\"container\">\n\t\t\t\t\t<div class=\"e-con-inner\">\n\t\t<div class=\"elementor-element elementor-element-e40b200 e-con-full e-flex e-con e-child\" data-id=\"e40b200\" data-element_type=\"container\">\n\t\t<div class=\"elementor-element elementor-element-cba938d e-con-full e-flex e-con e-child\" data-id=\"cba938d\" data-element_type=\"container\">\n\t\t\t\t<div class=\"elementor-element elementor-element-0496885 elementor-widget elementor-widget-image\" data-id=\"0496885\" data-element_type=\"widget\" data-widget_type=\"image.default\">\n\t\t\t\t<div class=\"elementor-widget-container\">\n\t\t\t\t\t\t\t\t\t\t\t\t\t<img loading=\"lazy\" decoding=\"async\" width=\"768\" height=\"709\" src=\"https:\/\/www.doem.sk\/wp-content\/uploads\/2024\/10\/Duchadlo-768x709.webp\" class=\"attachment-medium_large size-medium_large wp-image-775\" alt=\"\" srcset=\"https:\/\/www.doem.sk\/wp-content\/uploads\/2024\/10\/Duchadlo-768x709.webp 768w, https:\/\/www.doem.sk\/wp-content\/uploads\/2024\/10\/Duchadlo-300x277.webp 300w, https:\/\/www.doem.sk\/wp-content\/uploads\/2024\/10\/Duchadlo-13x12.webp 13w, https:\/\/www.doem.sk\/wp-content\/uploads\/2024\/10\/Duchadlo.webp 795w\" sizes=\"(max-width: 768px) 100vw, 768px\" \/>\t\t\t\t\t\t\t\t\t\t\t\t\t<\/div>\n\t\t\t\t<\/div>\n\t\t\t\t<\/div>\n\t\t<div class=\"elementor-element elementor-element-4c4ac90 e-con-full e-flex e-con e-child\" data-id=\"4c4ac90\" data-element_type=\"container\">\n\t\t\t\t<div class=\"elementor-element elementor-element-470e2e1 elementor-widget elementor-widget-heading\" data-id=\"470e2e1\" data-element_type=\"widget\" data-widget_type=\"heading.default\">\n\t\t\t\t<div class=\"elementor-widget-container\">\n\t\t\t<h2 class=\"elementor-heading-title elementor-size-default\">Oil-free rotary pumps (blowers)<\/h2>\t\t<\/div>\n\t\t\t\t<\/div>\n\t\t\t\t<div class=\"elementor-element elementor-element-71dd18f elementor-widget elementor-widget-text-editor\" data-id=\"71dd18f\" data-element_type=\"widget\" data-widget_type=\"text-editor.default\">\n\t\t\t\t<div class=\"elementor-widget-container\">\n\t\t\t\t\t\t\t<p>Oil-free rotary pumps that meet the requirements for oil-free processes and solve your daily challenges. These powerful pumps are ready to deliver high-quality oil-free pressure <br \/>and provide you with exceptional reliability and efficiency. Our range of oil-free rotary pumps offers benefits including the best noise level on the market, minimized energy consumption and easy maintenance. They are environmentally friendly with no contaminated oil that needs to be disposed of. Dry technology means:<\/p><ul><li>For oil-free operation.<\/li><li>Customers who emphasize simple maintenance and service.<\/li><li>Applications with solvents or other compounds that would contaminate oil-sealed pumps.<\/li><\/ul>\t\t\t\t\t\t<\/div>\n\t\t\t\t<\/div>\n\t\t\t\t<\/div>\n\t\t\t\t<\/div>\n\t\t\t\t\t<\/div>\n\t\t\t\t<\/div>\n\t\t<div class=\"elementor-element elementor-element-239705f2 e-flex e-con-boxed e-con e-parent\" data-id=\"239705f2\" data-element_type=\"container\" data-settings=\"{&quot;background_background&quot;:&quot;classic&quot;,&quot;shape_divider_bottom&quot;:&quot;triangle&quot;}\">\n\t\t\t\t\t<div class=\"e-con-inner\">\n\t\t\t\t<div class=\"elementor-shape elementor-shape-bottom\" data-negative=\"false\">\n\t\t\t<svg xmlns=\"http:\/\/www.w3.org\/2000\/svg\" viewbox=\"0 0 1000 100\" preserveaspectratio=\"none\">\n\t<path class=\"elementor-shape-fill\" d=\"M500,98.9L0,6.1V0h1000v6.1L500,98.9z\"\/>\n<\/svg>\t\t<\/div>\n\t\t<div class=\"elementor-element elementor-element-1a3decca e-con-full e-flex e-con e-child\" data-id=\"1a3decca\" data-element_type=\"container\">\n\t\t\t\t<div class=\"elementor-element elementor-element-68b05bf4 elementor-widget elementor-widget-heading\" data-id=\"68b05bf4\" data-element_type=\"widget\" data-widget_type=\"heading.default\">\n\t\t\t\t<div class=\"elementor-widget-container\">\n\t\t\t<h2 class=\"elementor-heading-title elementor-size-default\">Do you need advice on vacuum pumps or pumps?<\/h2>\t\t<\/div>\n\t\t\t\t<\/div>\n\t\t\t\t<\/div>\n\t\t<div class=\"elementor-element elementor-element-5651eb83 e-con-full e-flex e-con e-child\" data-id=\"5651eb83\" data-element_type=\"container\">\n\t\t\t\t<div class=\"elementor-element elementor-element-3e938d50 elementor-widget elementor-widget-text-editor\" data-id=\"3e938d50\" data-element_type=\"widget\" data-widget_type=\"text-editor.default\">\n\t\t\t\t<div class=\"elementor-widget-container\">\n\t\t\t\t\t\t\t<p>Do not hesitate to contact us at any time. Our team of experts is here for you and will gladly answer all your questions.<\/p>\t\t\t\t\t\t<\/div>\n\t\t\t\t<\/div>\n\t\t\t\t<div class=\"elementor-element elementor-element-30623e9b elementor-mobile-align-center elementor-widget elementor-widget-button\" data-id=\"30623e9b\" data-element_type=\"widget\" data-widget_type=\"button.default\">\n\t\t\t\t<div class=\"elementor-widget-container\">\n\t\t\t\t\t<div class=\"elementor-button-wrapper\">\n\t\t\t<a class=\"elementor-button elementor-button-link elementor-size-sm elementor-animation-grow\" href=\"http:\/\/www.doem.sk\/en\/kontakt\/\">\n\t\t\t\t\t\t<span class=\"elementor-button-content-wrapper\">\n\t\t\t\t\t\t<span class=\"elementor-button-icon\">\n\t\t\t\t<svg aria-hidden=\"true\" class=\"e-font-icon-svg e-fas-arrow-circle-right\" viewbox=\"0 0 512 512\" xmlns=\"http:\/\/www.w3.org\/2000\/svg\"><path d=\"M256 8c137 0 248 111 248 248S393 504 256 504 8 393 8 256 119 8 256 8zm-28.9 143.6l75.5 72.4H120c-13.3 0-24 10.7-24 24v16c0 13.3 10.7 24 24 24h182.6l-75.5 72.4c-9.7 9.3-9.9 24.8-.4 34.3l11 10.9c9.4 9.4 24.6 9.4 33.9 0L404.3 273c9.4-9.4 9.4-24.6 0-33.9L271.6 106.3c-9.4-9.4-24.6-9.4-33.9 0l-11 10.9c-9.5 9.6-9.3 25.1.4 34.4z\"><\/path><\/svg>\t\t\t<\/span>\n\t\t\t\t\t\t\t\t\t<span class=\"elementor-button-text\">Contact us<\/span>\n\t\t\t\t\t<\/span>\n\t\t\t\t\t<\/a>\n\t\t<\/div>\n\t\t\t\t<\/div>\n\t\t\t\t<\/div>\n\t\t\t\t<\/div>\n\t\t\t\t\t<\/div>\n\t\t\t\t<\/div>\n\t\t\t\t<\/div>","protected":false},"excerpt":{"rendered":"<p>PRIEMYSEL V\u00e1kuov\u00e9 v\u00fdvevy a d\u00fachadl\u00e1 Pon\u00fakame V\u00e1m vysokokvalitn\u00e9 a spo\u013eahliv\u00e9 v\u00e1kuov\u00e9 v\u00fdvevy, ktor\u00e9 s\u00fa v\u00fdsledkom viac ako 100 rokov bezkonkuren\u010dn\u00fdch sk\u00fasenost\u00ed v tomto odvetv\u00ed. V\u00e1kuov\u00e9 v\u00fdvevy pou\u017e\u00edvaj\u00fa spolo\u010dnosti na celom svete v\u010faka ich nekompromisnej spo\u013eahlivosti a bezkonkuren\u010dn\u00e9mu v\u00fdkonu. S\u00fa tie\u017e podporovan\u00e9 vynikaj\u00facim 24-hodinov\u00fdm servisom. Na v\u00fdber s\u00fa r\u00f4zne modely v\u00e1kuov\u00fdch \u010derpadiel, \u010do zaru\u010duje, \u017ee budete [&hellip;]<\/p>","protected":false},"author":1,"featured_media":0,"parent":0,"menu_order":0,"comment_status":"closed","ping_status":"closed","template":"elementor_header_footer","meta":{"_monsterinsights_skip_tracking":false,"_monsterinsights_sitenote_active":false,"_monsterinsights_sitenote_note":"","_monsterinsights_sitenote_category":0,"footnotes":""},"class_list":["post-667","page","type-page","status-publish","hentry"],"yoast_head":"<!-- This site is optimized with the Yoast SEO plugin v23.8 - https:\/\/yoast.com\/wordpress\/plugins\/seo\/ -->\n<title>V\u00e1ukov\u00e9 v\u00fdvevy a d\u00fachadl\u00e1 - DOEM<\/title>\n<meta name=\"robots\" content=\"index, follow, max-snippet:-1, max-image-preview:large, max-video-preview:-1\" \/>\n<link rel=\"canonical\" href=\"https:\/\/www.doem.sk\/en\/vaukove-vyvevy-a-duchadla\/\" \/>\n<meta property=\"og:locale\" content=\"en_GB\" \/>\n<meta property=\"og:type\" content=\"article\" \/>\n<meta property=\"og:title\" content=\"V\u00e1ukov\u00e9 v\u00fdvevy a d\u00fachadl\u00e1 - DOEM\" \/>\n<meta property=\"og:description\" content=\"PRIEMYSEL V\u00e1kuov\u00e9 v\u00fdvevy a d\u00fachadl\u00e1 Pon\u00fakame V\u00e1m vysokokvalitn\u00e9 a spo\u013eahliv\u00e9 v\u00e1kuov\u00e9 v\u00fdvevy, ktor\u00e9 s\u00fa v\u00fdsledkom viac ako 100 rokov bezkonkuren\u010dn\u00fdch sk\u00fasenost\u00ed v tomto odvetv\u00ed. V\u00e1kuov\u00e9 v\u00fdvevy pou\u017e\u00edvaj\u00fa spolo\u010dnosti na celom svete v\u010faka ich nekompromisnej spo\u013eahlivosti a bezkonkuren\u010dn\u00e9mu v\u00fdkonu. S\u00fa tie\u017e podporovan\u00e9 vynikaj\u00facim 24-hodinov\u00fdm servisom. Na v\u00fdber s\u00fa r\u00f4zne modely v\u00e1kuov\u00fdch \u010derpadiel, \u010do zaru\u010duje, \u017ee budete [&hellip;]\" \/>\n<meta property=\"og:url\" content=\"https:\/\/www.doem.sk\/en\/vaukove-vyvevy-a-duchadla\/\" \/>\n<meta property=\"og:site_name\" content=\"DOEM\" \/>\n<meta property=\"article:modified_time\" content=\"2024-11-20T07:31:59+00:00\" \/>\n<meta property=\"og:image\" content=\"http:\/\/www.doem.sk\/wp-content\/uploads\/2024\/10\/Vakuove-cerpadlo-s-variabilnym-pohonom.jpg\" \/>\n<meta name=\"twitter:card\" content=\"summary_large_image\" \/>\n<meta name=\"twitter:label1\" content=\"Estimated reading time\" \/>\n\t<meta name=\"twitter:data1\" content=\"3 minutes\" \/>\n<script type=\"application\/ld+json\" class=\"yoast-schema-graph\">{\"@context\":\"https:\/\/schema.org\",\"@graph\":[{\"@type\":\"WebPage\",\"@id\":\"https:\/\/www.doem.sk\/en\/vaukove-vyvevy-a-duchadla\/\",\"url\":\"https:\/\/www.doem.sk\/en\/vaukove-vyvevy-a-duchadla\/\",\"name\":\"V\u00e1ukov\u00e9 v\u00fdvevy a d\u00fachadl\u00e1 - DOEM\",\"isPartOf\":{\"@id\":\"https:\/\/www.doem.sk\/sk\/#website\"},\"primaryImageOfPage\":{\"@id\":\"https:\/\/www.doem.sk\/en\/vaukove-vyvevy-a-duchadla\/#primaryimage\"},\"image\":{\"@id\":\"https:\/\/www.doem.sk\/en\/vaukove-vyvevy-a-duchadla\/#primaryimage\"},\"thumbnailUrl\":\"http:\/\/www.doem.sk\/wp-content\/uploads\/2024\/10\/Vakuove-cerpadlo-s-variabilnym-pohonom.jpg\",\"datePublished\":\"2024-10-29T08:22:27+00:00\",\"dateModified\":\"2024-11-20T07:31:59+00:00\",\"breadcrumb\":{\"@id\":\"https:\/\/www.doem.sk\/en\/vaukove-vyvevy-a-duchadla\/#breadcrumb\"},\"inLanguage\":\"en-GB\",\"potentialAction\":[{\"@type\":\"ReadAction\",\"target\":[\"https:\/\/www.doem.sk\/en\/vaukove-vyvevy-a-duchadla\/\"]}]},{\"@type\":\"ImageObject\",\"inLanguage\":\"en-GB\",\"@id\":\"https:\/\/www.doem.sk\/en\/vaukove-vyvevy-a-duchadla\/#primaryimage\",\"url\":\"http:\/\/www.doem.sk\/wp-content\/uploads\/2024\/10\/Vakuove-cerpadlo-s-variabilnym-pohonom.jpg\",\"contentUrl\":\"http:\/\/www.doem.sk\/wp-content\/uploads\/2024\/10\/Vakuove-cerpadlo-s-variabilnym-pohonom.jpg\"},{\"@type\":\"BreadcrumbList\",\"@id\":\"https:\/\/www.doem.sk\/en\/vaukove-vyvevy-a-duchadla\/#breadcrumb\",\"itemListElement\":[{\"@type\":\"ListItem\",\"position\":1,\"name\":\"Home\",\"item\":\"https:\/\/www.doem.sk\/sk\/\"},{\"@type\":\"ListItem\",\"position\":2,\"name\":\"V\u00e1ukov\u00e9 v\u00fdvevy a d\u00fachadl\u00e1\"}]},{\"@type\":\"WebSite\",\"@id\":\"https:\/\/www.doem.sk\/sk\/#website\",\"url\":\"https:\/\/www.doem.sk\/sk\/\",\"name\":\"DOEM\",\"description\":\"U\u017d 30 ROKOV\",\"potentialAction\":[{\"@type\":\"SearchAction\",\"target\":{\"@type\":\"EntryPoint\",\"urlTemplate\":\"https:\/\/www.doem.sk\/sk\/?s={search_term_string}\"},\"query-input\":{\"@type\":\"PropertyValueSpecification\",\"valueRequired\":true,\"valueName\":\"search_term_string\"}}],\"inLanguage\":\"en-GB\"}]}<\/script>\n<!-- \/ Yoast SEO plugin. -->","yoast_head_json":{"title":"V\u00e1ukov\u00e9 v\u00fdvevy a d\u00fachadl\u00e1 - DOEM","robots":{"index":"index","follow":"follow","max-snippet":"max-snippet:-1","max-image-preview":"max-image-preview:large","max-video-preview":"max-video-preview:-1"},"canonical":"https:\/\/www.doem.sk\/en\/vaukove-vyvevy-a-duchadla\/","og_locale":"en_GB","og_type":"article","og_title":"V\u00e1ukov\u00e9 v\u00fdvevy a d\u00fachadl\u00e1 - DOEM","og_description":"PRIEMYSEL V\u00e1kuov\u00e9 v\u00fdvevy a d\u00fachadl\u00e1 Pon\u00fakame V\u00e1m vysokokvalitn\u00e9 a spo\u013eahliv\u00e9 v\u00e1kuov\u00e9 v\u00fdvevy, ktor\u00e9 s\u00fa v\u00fdsledkom viac ako 100 rokov bezkonkuren\u010dn\u00fdch sk\u00fasenost\u00ed v tomto odvetv\u00ed. V\u00e1kuov\u00e9 v\u00fdvevy pou\u017e\u00edvaj\u00fa spolo\u010dnosti na celom svete v\u010faka ich nekompromisnej spo\u013eahlivosti a bezkonkuren\u010dn\u00e9mu v\u00fdkonu. S\u00fa tie\u017e podporovan\u00e9 vynikaj\u00facim 24-hodinov\u00fdm servisom. Na v\u00fdber s\u00fa r\u00f4zne modely v\u00e1kuov\u00fdch \u010derpadiel, \u010do zaru\u010duje, \u017ee budete [&hellip;]","og_url":"https:\/\/www.doem.sk\/en\/vaukove-vyvevy-a-duchadla\/","og_site_name":"DOEM","article_modified_time":"2024-11-20T07:31:59+00:00","og_image":[{"url":"http:\/\/www.doem.sk\/wp-content\/uploads\/2024\/10\/Vakuove-cerpadlo-s-variabilnym-pohonom.jpg"}],"twitter_card":"summary_large_image","twitter_misc":{"Estimated reading time":"3 minutes"},"schema":{"@context":"https:\/\/schema.org","@graph":[{"@type":"WebPage","@id":"https:\/\/www.doem.sk\/en\/vaukove-vyvevy-a-duchadla\/","url":"https:\/\/www.doem.sk\/en\/vaukove-vyvevy-a-duchadla\/","name":"V\u00e1ukov\u00e9 v\u00fdvevy a d\u00fachadl\u00e1 - DOEM","isPartOf":{"@id":"https:\/\/www.doem.sk\/sk\/#website"},"primaryImageOfPage":{"@id":"https:\/\/www.doem.sk\/en\/vaukove-vyvevy-a-duchadla\/#primaryimage"},"image":{"@id":"https:\/\/www.doem.sk\/en\/vaukove-vyvevy-a-duchadla\/#primaryimage"},"thumbnailUrl":"http:\/\/www.doem.sk\/wp-content\/uploads\/2024\/10\/Vakuove-cerpadlo-s-variabilnym-pohonom.jpg","datePublished":"2024-10-29T08:22:27+00:00","dateModified":"2024-11-20T07:31:59+00:00","breadcrumb":{"@id":"https:\/\/www.doem.sk\/en\/vaukove-vyvevy-a-duchadla\/#breadcrumb"},"inLanguage":"en-GB","potentialAction":[{"@type":"ReadAction","target":["https:\/\/www.doem.sk\/en\/vaukove-vyvevy-a-duchadla\/"]}]},{"@type":"ImageObject","inLanguage":"en-GB","@id":"https:\/\/www.doem.sk\/en\/vaukove-vyvevy-a-duchadla\/#primaryimage","url":"http:\/\/www.doem.sk\/wp-content\/uploads\/2024\/10\/Vakuove-cerpadlo-s-variabilnym-pohonom.jpg","contentUrl":"http:\/\/www.doem.sk\/wp-content\/uploads\/2024\/10\/Vakuove-cerpadlo-s-variabilnym-pohonom.jpg"},{"@type":"BreadcrumbList","@id":"https:\/\/www.doem.sk\/en\/vaukove-vyvevy-a-duchadla\/#breadcrumb","itemListElement":[{"@type":"ListItem","position":1,"name":"Home","item":"https:\/\/www.doem.sk\/sk\/"},{"@type":"ListItem","position":2,"name":"V\u00e1ukov\u00e9 v\u00fdvevy a d\u00fachadl\u00e1"}]},{"@type":"WebSite","@id":"https:\/\/www.doem.sk\/sk\/#website","url":"https:\/\/www.doem.sk\/sk\/","name":"DOEM","description":"U\u017d 30 ROKOV","potentialAction":[{"@type":"SearchAction","target":{"@type":"EntryPoint","urlTemplate":"https:\/\/www.doem.sk\/sk\/?s={search_term_string}"},"query-input":{"@type":"PropertyValueSpecification","valueRequired":true,"valueName":"search_term_string"}}],"inLanguage":"en-GB"}]}},"_links":{"self":[{"href":"https:\/\/www.doem.sk\/en\/wp-json\/wp\/v2\/pages\/667"}],"collection":[{"href":"https:\/\/www.doem.sk\/en\/wp-json\/wp\/v2\/pages"}],"about":[{"href":"https:\/\/www.doem.sk\/en\/wp-json\/wp\/v2\/types\/page"}],"author":[{"embeddable":true,"href":"https:\/\/www.doem.sk\/en\/wp-json\/wp\/v2\/users\/1"}],"replies":[{"embeddable":true,"href":"https:\/\/www.doem.sk\/en\/wp-json\/wp\/v2\/comments?post=667"}],"version-history":[{"count":6,"href":"https:\/\/www.doem.sk\/en\/wp-json\/wp\/v2\/pages\/667\/revisions"}],"predecessor-version":[{"id":1267,"href":"https:\/\/www.doem.sk\/en\/wp-json\/wp\/v2\/pages\/667\/revisions\/1267"}],"wp:attachment":[{"href":"https:\/\/www.doem.sk\/en\/wp-json\/wp\/v2\/media?parent=667"}],"curies":[{"name":"wp","href":"https:\/\/api.w.org\/{rel}","templated":true}]}}