{"id":44,"date":"2024-10-17T11:06:12","date_gmt":"2024-10-17T09:06:12","guid":{"rendered":"http:\/\/www.doem.sk\/?page_id=44"},"modified":"2024-11-19T15:03:59","modified_gmt":"2024-11-19T14:03:59","slug":"priemysel","status":"publish","type":"page","link":"https:\/\/www.doem.sk\/sk\/priemysel\/","title":{"rendered":"Priemysel"},"content":{"rendered":"\t\t<div data-elementor-type=\"wp-page\" data-elementor-id=\"44\" class=\"elementor elementor-44\" data-elementor-post-type=\"page\">\n\t\t\t\t<div class=\"elementor-element elementor-element-4e75eac7 e-flex e-con-boxed e-con e-parent\" data-id=\"4e75eac7\" data-element_type=\"container\" data-settings=\"{&quot;background_background&quot;:&quot;classic&quot;,&quot;shape_divider_bottom&quot;:&quot;triangle&quot;}\">\n\t\t\t\t\t<div class=\"e-con-inner\">\n\t\t\t\t<div class=\"elementor-shape elementor-shape-bottom\" data-negative=\"false\">\n\t\t\t<svg xmlns=\"http:\/\/www.w3.org\/2000\/svg\" viewBox=\"0 0 1000 100\" preserveAspectRatio=\"none\">\n\t<path class=\"elementor-shape-fill\" d=\"M500,98.9L0,6.1V0h1000v6.1L500,98.9z\"\/>\n<\/svg>\t\t<\/div>\n\t\t<div class=\"elementor-element elementor-element-64e10362 e-flex e-con-boxed e-con e-child\" data-id=\"64e10362\" data-element_type=\"container\">\n\t\t\t\t\t<div class=\"e-con-inner\">\n\t\t\t\t<div class=\"elementor-element elementor-element-24bde0fa elementor-widget elementor-widget-heading\" data-id=\"24bde0fa\" data-element_type=\"widget\" data-widget_type=\"heading.default\">\n\t\t\t\t<div class=\"elementor-widget-container\">\n\t\t\t<h2 class=\"elementor-heading-title elementor-size-default\">PRIEMYSEL<\/h2>\t\t<\/div>\n\t\t\t\t<\/div>\n\t\t\t\t<div class=\"elementor-element elementor-element-8bd5dd elementor-widget elementor-widget-heading\" data-id=\"8bd5dd\" data-element_type=\"widget\" data-widget_type=\"heading.default\">\n\t\t\t\t<div class=\"elementor-widget-container\">\n\t\t\t<h1 class=\"elementor-heading-title elementor-size-default\">Priemysel<\/h1>\t\t<\/div>\n\t\t\t\t<\/div>\n\t\t\t\t<div class=\"elementor-element elementor-element-7078ef9d elementor-widget elementor-widget-text-editor\" data-id=\"7078ef9d\" data-element_type=\"widget\" data-widget_type=\"text-editor.default\">\n\t\t\t\t<div class=\"elementor-widget-container\">\n\t\t\t\t\t\t\t<p>Vitajte vo svete priemyslen\u00fdch kompresorov a stla\u010den\u00e9ho vzduchu<\/p>\t\t\t\t\t\t<\/div>\n\t\t\t\t<\/div>\n\t\t\t\t\t<\/div>\n\t\t\t\t<\/div>\n\t\t\t\t\t<\/div>\n\t\t\t\t<\/div>\n\t\t<div class=\"elementor-element elementor-element-68d8f577 e-flex e-con-boxed e-con e-parent\" data-id=\"68d8f577\" data-element_type=\"container\">\n\t\t\t\t\t<div class=\"e-con-inner\">\n\t\t<div class=\"elementor-element elementor-element-2ec0c17d e-flex e-con-boxed e-con e-child\" data-id=\"2ec0c17d\" data-element_type=\"container\">\n\t\t\t\t\t<div class=\"e-con-inner\">\n\t\t\t\t<div class=\"elementor-element elementor-element-24277f79 elementor-widget elementor-widget-heading\" data-id=\"24277f79\" data-element_type=\"widget\" data-widget_type=\"heading.default\">\n\t\t\t\t<div class=\"elementor-widget-container\">\n\t\t\t<h2 class=\"elementor-heading-title elementor-size-default\">Stretnite sa s expertom na\nstla\u010den\u00fd vzduch<\/h2>\t\t<\/div>\n\t\t\t\t<\/div>\n\t\t\t\t<div class=\"elementor-element elementor-element-14182098 elementor-widget elementor-widget-text-editor\" data-id=\"14182098\" data-element_type=\"widget\" data-widget_type=\"text-editor.default\">\n\t\t\t\t<div class=\"elementor-widget-container\">\n\t\t\t\t\t\t\t<p>Sme radi, \u017ee m\u00f4\u017eeme plni\u0165 o\u010dak\u00e1vania a potreby na\u0161ich z\u00e1kazn\u00edkov. Na\u0161\u00edm cie\u013eom je poskytova\u0165 komplexn\u00e9 z\u00e1kazn\u00edcke rie\u0161enia najvy\u0161\u0161ej kvality, po\u010dn\u00fac poradenstvom, n\u00e1vrhom projektov a\u017e po samotn\u00e9 realiz\u00e1cie. Z\u00e1kazn\u00edcky servis je k dispoz\u00edcii 24 hod. denne a 7 dn\u00ed v t\u00fd\u017edni. Vieme, \u017ee \u010das a n\u00e1klady s\u00fa d\u00f4le\u017eit\u00e9, preto sa sna\u017e\u00edme \u00eds\u0165 nad r\u00e1mec o\u010dak\u00e1van\u00ed na\u0161ich z\u00e1kazn\u00edkov.<\/p>\t\t\t\t\t\t<\/div>\n\t\t\t\t<\/div>\n\t\t\t\t\t<\/div>\n\t\t\t\t<\/div>\n\t\t<div class=\"elementor-element elementor-element-2f7448a e-flex e-con-boxed e-con e-child\" data-id=\"2f7448a\" data-element_type=\"container\">\n\t\t\t\t\t<div class=\"e-con-inner\">\n\t\t\t\t<div class=\"elementor-element elementor-element-44b4345b elementor-widget elementor-widget-button\" data-id=\"44b4345b\" data-element_type=\"widget\" data-widget_type=\"button.default\">\n\t\t\t\t<div class=\"elementor-widget-container\">\n\t\t\t\t\t<div class=\"elementor-button-wrapper\">\n\t\t\t<a class=\"elementor-button elementor-button-link elementor-size-sm elementor-animation-grow\" href=\"http:\/\/www.doem.sk\/kontakt\/\">\n\t\t\t\t\t\t<span class=\"elementor-button-content-wrapper\">\n\t\t\t\t\t\t<span class=\"elementor-button-icon\">\n\t\t\t\t<svg aria-hidden=\"true\" class=\"e-font-icon-svg e-fas-arrow-circle-right\" viewBox=\"0 0 512 512\" xmlns=\"http:\/\/www.w3.org\/2000\/svg\"><path d=\"M256 8c137 0 248 111 248 248S393 504 256 504 8 393 8 256 119 8 256 8zm-28.9 143.6l75.5 72.4H120c-13.3 0-24 10.7-24 24v16c0 13.3 10.7 24 24 24h182.6l-75.5 72.4c-9.7 9.3-9.9 24.8-.4 34.3l11 10.9c9.4 9.4 24.6 9.4 33.9 0L404.3 273c9.4-9.4 9.4-24.6 0-33.9L271.6 106.3c-9.4-9.4-24.6-9.4-33.9 0l-11 10.9c-9.5 9.6-9.3 25.1.4 34.4z\"><\/path><\/svg>\t\t\t<\/span>\n\t\t\t\t\t\t\t\t\t<span class=\"elementor-button-text\">Kontaktujte n\u00e1s<\/span>\n\t\t\t\t\t<\/span>\n\t\t\t\t\t<\/a>\n\t\t<\/div>\n\t\t\t\t<\/div>\n\t\t\t\t<\/div>\n\t\t\t\t\t<\/div>\n\t\t\t\t<\/div>\n\t\t\t\t\t<\/div>\n\t\t\t\t<\/div>\n\t\t<div class=\"elementor-element elementor-element-62ea3486 e-flex e-con-boxed e-con e-parent\" data-id=\"62ea3486\" data-element_type=\"container\">\n\t\t\t\t\t<div class=\"e-con-inner\">\n\t\t<div class=\"elementor-element elementor-element-1812e309 e-con-full e-flex e-con e-child\" data-id=\"1812e309\" data-element_type=\"container\">\n\t\t<div class=\"elementor-element elementor-element-2e5f7b9 e-flex e-con-boxed e-con e-child\" data-id=\"2e5f7b9\" data-element_type=\"container\" data-settings=\"{&quot;background_background&quot;:&quot;classic&quot;}\">\n\t\t\t\t\t<div class=\"e-con-inner\">\n\t\t\t\t<div class=\"elementor-element elementor-element-7829ed3c elementor-widget elementor-widget-heading\" data-id=\"7829ed3c\" data-element_type=\"widget\" data-widget_type=\"heading.default\">\n\t\t\t\t<div class=\"elementor-widget-container\">\n\t\t\t<h3 class=\"elementor-heading-title elementor-size-default\">N\u00e1\u0161 cie\u013e?<\/h3>\t\t<\/div>\n\t\t\t\t<\/div>\n\t\t\t\t<div class=\"elementor-element elementor-element-3356ff0b elementor-widget elementor-widget-text-editor\" data-id=\"3356ff0b\" data-element_type=\"widget\" data-widget_type=\"text-editor.default\">\n\t\t\t\t<div class=\"elementor-widget-container\">\n\t\t\t\t\t\t\t<p>Na\u0161\u00edm cie\u013eom je poskytova\u0165 komplexn\u00e9 z\u00e1kazn\u00edcke rie\u0161enia najvy\u0161\u0161ej kvality, po\u010dn\u00fac poradenstvom, n\u00e1vrhom projektov a\u017e po ich samotn\u00e9 realiz\u00e1cie a n\u00e1sledn\u00fd servis.\u00a0<\/p>\t\t\t\t\t\t<\/div>\n\t\t\t\t<\/div>\n\t\t\t\t\t<\/div>\n\t\t\t\t<\/div>\n\t\t\t\t<\/div>\n\t\t<div class=\"elementor-element elementor-element-54a84a38 e-con-full e-flex e-con e-child\" data-id=\"54a84a38\" data-element_type=\"container\">\n\t\t<div class=\"elementor-element elementor-element-4262978a e-flex e-con-boxed e-con e-child\" data-id=\"4262978a\" data-element_type=\"container\" data-settings=\"{&quot;background_background&quot;:&quot;classic&quot;}\">\n\t\t\t\t\t<div class=\"e-con-inner\">\n\t\t\t\t<div class=\"elementor-element elementor-element-60d17e3 elementor-view-default elementor-widget elementor-widget-icon\" data-id=\"60d17e3\" data-element_type=\"widget\" data-widget_type=\"icon.default\">\n\t\t\t\t<div class=\"elementor-widget-container\">\n\t\t\t\t\t<div class=\"elementor-icon-wrapper\">\n\t\t\t<div class=\"elementor-icon\">\n\t\t\t<i aria-hidden=\"true\" class=\"icon icon-tools\"><\/i>\t\t\t<\/div>\n\t\t<\/div>\n\t\t\t\t<\/div>\n\t\t\t\t<\/div>\n\t\t\t\t<div class=\"elementor-element elementor-element-73dab221 elementor-widget elementor-widget-heading\" data-id=\"73dab221\" data-element_type=\"widget\" data-widget_type=\"heading.default\">\n\t\t\t\t<div class=\"elementor-widget-container\">\n\t\t\t<h3 class=\"elementor-heading-title elementor-size-default\">24 hodinov\u00fd servis<\/h3>\t\t<\/div>\n\t\t\t\t<\/div>\n\t\t\t\t<div class=\"elementor-element elementor-element-20505ebc elementor-widget elementor-widget-text-editor\" data-id=\"20505ebc\" data-element_type=\"widget\" data-widget_type=\"text-editor.default\">\n\t\t\t\t<div class=\"elementor-widget-container\">\n\t\t\t\t\t\t\t<p>Poskytujeme odborn\u00fa 24 hodinov\u00fa havarijn\u00fa slu\u017ebu. K dispoz\u00edcii n\u00e1s m\u00e1te 365 dn\u00ed v roku.<br \/><b>Servisn\u00fd kontakt<\/b>\u00a0<br \/>00421 (0) 917 933 355<\/p>\t\t\t\t\t\t<\/div>\n\t\t\t\t<\/div>\n\t\t\t\t\t<\/div>\n\t\t\t\t<\/div>\n\t\t\t\t<\/div>\n\t\t<div class=\"elementor-element elementor-element-12e284c2 e-con-full e-flex e-con e-child\" data-id=\"12e284c2\" data-element_type=\"container\">\n\t\t<div class=\"elementor-element elementor-element-e6d20ad e-flex e-con-boxed e-con e-child\" data-id=\"e6d20ad\" data-element_type=\"container\" data-settings=\"{&quot;background_background&quot;:&quot;classic&quot;}\">\n\t\t\t\t\t<div class=\"e-con-inner\">\n\t\t\t\t<div class=\"elementor-element elementor-element-2b4e2f9e elementor-widget elementor-widget-heading\" data-id=\"2b4e2f9e\" data-element_type=\"widget\" data-widget_type=\"heading.default\">\n\t\t\t\t<div class=\"elementor-widget-container\">\n\t\t\t<h3 class=\"elementor-heading-title elementor-size-default\">100% Spokojnos\u0165<\/h3>\t\t<\/div>\n\t\t\t\t<\/div>\n\t\t\t\t<div class=\"elementor-element elementor-element-54d7e969 elementor-widget elementor-widget-text-editor\" data-id=\"54d7e969\" data-element_type=\"widget\" data-widget_type=\"text-editor.default\">\n\t\t\t\t<div class=\"elementor-widget-container\">\n\t\t\t\t\t\t\t<p>Kladieme ve\u013ek\u00fd d\u00f4raz na Va\u0161u spokojnos\u0165 s odvedenou pr\u00e1cou\u00a0 <br \/>a poskytnutou technol\u00f3giou.<\/p>\t\t\t\t\t\t<\/div>\n\t\t\t\t<\/div>\n\t\t\t\t\t<\/div>\n\t\t\t\t<\/div>\n\t\t\t\t<\/div>\n\t\t<div class=\"elementor-element elementor-element-7facb9ac e-con-full e-flex e-con e-child\" data-id=\"7facb9ac\" data-element_type=\"container\">\n\t\t<div class=\"elementor-element elementor-element-376ebecd e-flex e-con-boxed e-con e-child\" data-id=\"376ebecd\" data-element_type=\"container\" data-settings=\"{&quot;background_background&quot;:&quot;classic&quot;}\">\n\t\t\t\t\t<div class=\"e-con-inner\">\n\t\t\t\t<div class=\"elementor-element elementor-element-7f41571d elementor-widget elementor-widget-heading\" data-id=\"7f41571d\" data-element_type=\"widget\" data-widget_type=\"heading.default\">\n\t\t\t\t<div class=\"elementor-widget-container\">\n\t\t\t<h3 class=\"elementor-heading-title elementor-size-default\">30 rokov sk\u00fasenost\u00ed<\/h3>\t\t<\/div>\n\t\t\t\t<\/div>\n\t\t\t\t<div class=\"elementor-element elementor-element-220bd22a elementor-widget elementor-widget-text-editor\" data-id=\"220bd22a\" data-element_type=\"widget\" data-widget_type=\"text-editor.default\">\n\t\t\t\t<div class=\"elementor-widget-container\">\n\t\t\t\t\t\t\t<p>V oblasti stla\u010den\u00e9ho vzduchu p\u00f4sob\u00edme u\u017e viacej ako 30, za ktor\u00e9 sme z\u00edskali ve\u013ek\u00e9 mno\u017estvio sk\u00fasenost\u00ed, ktor\u00e9 sme pretavili do kvality poskytovan\u00fdch slu\u017eieb k Va\u0161ej spokojnosti.\u00a0<\/p>\t\t\t\t\t\t<\/div>\n\t\t\t\t<\/div>\n\t\t\t\t\t<\/div>\n\t\t\t\t<\/div>\n\t\t\t\t<\/div>\n\t\t\t\t\t<\/div>\n\t\t\t\t<\/div>\n\t\t<div class=\"elementor-element elementor-element-4f50f331 e-flex e-con-boxed e-con e-parent\" data-id=\"4f50f331\" data-element_type=\"container\">\n\t\t\t\t\t<div class=\"e-con-inner\">\n\t\t\t\t<div class=\"elementor-element elementor-element-1bf53257 elementor-widget elementor-widget-heading\" data-id=\"1bf53257\" data-element_type=\"widget\" data-widget_type=\"heading.default\">\n\t\t\t\t<div class=\"elementor-widget-container\">\n\t\t\t<h2 class=\"elementor-heading-title elementor-size-default\">\u010co na\u0161im klientom zabezpe\u010dujeme?<\/h2>\t\t<\/div>\n\t\t\t\t<\/div>\n\t\t\t\t<div class=\"elementor-element elementor-element-570755f4 elementor-widget elementor-widget-text-editor\" data-id=\"570755f4\" data-element_type=\"widget\" data-widget_type=\"text-editor.default\">\n\t\t\t\t<div class=\"elementor-widget-container\">\n\t\t\t\t\t\t\t<p>Ponuka poskytovan\u00fdch slu\u017eieb &#8211; od projektovania, cez realiz\u00e1ciu a\u017e po servis.<\/p>\t\t\t\t\t\t<\/div>\n\t\t\t\t<\/div>\n\t\t<div class=\"elementor-element elementor-element-5382f598 e-flex e-con-boxed e-con e-child\" data-id=\"5382f598\" data-element_type=\"container\">\n\t\t\t\t\t<div class=\"e-con-inner\">\n\t\t<div class=\"elementor-element elementor-element-17613c9b e-con-full e-flex e-con e-child\" data-id=\"17613c9b\" data-element_type=\"container\">\n\t\t<div class=\"elementor-element elementor-element-6721ec3 e-con-full e-flex e-con e-child\" data-id=\"6721ec3\" data-element_type=\"container\">\n\t\t\t\t<div class=\"elementor-element elementor-element-32da1bc2 elementor-view-stacked elementor-shape-square elementor-widget elementor-widget-icon\" data-id=\"32da1bc2\" data-element_type=\"widget\" data-widget_type=\"icon.default\">\n\t\t\t\t<div class=\"elementor-widget-container\">\n\t\t\t\t\t<div class=\"elementor-icon-wrapper\">\n\t\t\t<div class=\"elementor-icon\">\n\t\t\t<svg aria-hidden=\"true\" class=\"e-font-icon-svg e-fas-project-diagram\" viewBox=\"0 0 640 512\" xmlns=\"http:\/\/www.w3.org\/2000\/svg\"><path d=\"M384 320H256c-17.67 0-32 14.33-32 32v128c0 17.67 14.33 32 32 32h128c17.67 0 32-14.33 32-32V352c0-17.67-14.33-32-32-32zM192 32c0-17.67-14.33-32-32-32H32C14.33 0 0 14.33 0 32v128c0 17.67 14.33 32 32 32h95.72l73.16 128.04C211.98 300.98 232.4 288 256 288h.28L192 175.51V128h224V64H192V32zM608 0H480c-17.67 0-32 14.33-32 32v128c0 17.67 14.33 32 32 32h128c17.67 0 32-14.33 32-32V32c0-17.67-14.33-32-32-32z\"><\/path><\/svg>\t\t\t<\/div>\n\t\t<\/div>\n\t\t\t\t<\/div>\n\t\t\t\t<\/div>\n\t\t\t\t<div class=\"elementor-element elementor-element-701bd2ad elementor-widget elementor-widget-heading\" data-id=\"701bd2ad\" data-element_type=\"widget\" data-widget_type=\"heading.default\">\n\t\t\t\t<div class=\"elementor-widget-container\">\n\t\t\t<h3 class=\"elementor-heading-title elementor-size-default\">Projektovanie<\/h3>\t\t<\/div>\n\t\t\t\t<\/div>\n\t\t\t\t<div class=\"elementor-element elementor-element-1046ef0b elementor-widget elementor-widget-text-editor\" data-id=\"1046ef0b\" data-element_type=\"widget\" data-widget_type=\"text-editor.default\">\n\t\t\t\t<div class=\"elementor-widget-container\">\n\t\t\t\t\t\t\t<p>Pon\u00fakame vypracovanie cenovej ponuky a projektovej dokument\u00e1cie, ktor\u00e9 s\u00fa neoddelite\u013enou s\u00fa\u010das\u0165ou realiz\u00e1cie vzduchov\u00fdch rozvodov.<\/p>\t\t\t\t\t\t<\/div>\n\t\t\t\t<\/div>\n\t\t\t\t<\/div>\n\t\t<div class=\"elementor-element elementor-element-55981b68 e-flex e-con-boxed e-con e-child\" data-id=\"55981b68\" data-element_type=\"container\">\n\t\t\t\t\t<div class=\"e-con-inner\">\n\t\t\t\t<div class=\"elementor-element elementor-element-7b332ea1 elementor-view-stacked elementor-shape-square elementor-widget elementor-widget-icon\" data-id=\"7b332ea1\" data-element_type=\"widget\" data-widget_type=\"icon.default\">\n\t\t\t\t<div class=\"elementor-widget-container\">\n\t\t\t\t\t<div class=\"elementor-icon-wrapper\">\n\t\t\t<div class=\"elementor-icon\">\n\t\t\t<i aria-hidden=\"true\" class=\"icon icon-tools\"><\/i>\t\t\t<\/div>\n\t\t<\/div>\n\t\t\t\t<\/div>\n\t\t\t\t<\/div>\n\t\t\t\t<div class=\"elementor-element elementor-element-7eaf410f elementor-widget elementor-widget-heading\" data-id=\"7eaf410f\" data-element_type=\"widget\" data-widget_type=\"heading.default\">\n\t\t\t\t<div class=\"elementor-widget-container\">\n\t\t\t<h3 class=\"elementor-heading-title elementor-size-default\">Servis<\/h3>\t\t<\/div>\n\t\t\t\t<\/div>\n\t\t\t\t<div class=\"elementor-element elementor-element-528f1b91 elementor-widget elementor-widget-text-editor\" data-id=\"528f1b91\" data-element_type=\"widget\" data-widget_type=\"text-editor.default\">\n\t\t\t\t<div class=\"elementor-widget-container\">\n\t\t\t\t\t\t\t<p>Poskytujeme kompletn\u00fd servis a \u00fadr\u017ebu rozvodov vzduchu ako aj pneumatick\u00e9ho n\u00e1radia a kompresorov.<\/p>\t\t\t\t\t\t<\/div>\n\t\t\t\t<\/div>\n\t\t\t\t\t<\/div>\n\t\t\t\t<\/div>\n\t\t\t\t<\/div>\n\t\t<div class=\"elementor-element elementor-element-72917dd8 e-flex e-con-boxed e-con e-child\" data-id=\"72917dd8\" data-element_type=\"container\">\n\t\t\t\t\t<div class=\"e-con-inner\">\n\t\t<div class=\"elementor-element elementor-element-273ded70 e-flex e-con-boxed e-con e-child\" data-id=\"273ded70\" data-element_type=\"container\">\n\t\t\t\t\t<div class=\"e-con-inner\">\n\t\t\t\t<div class=\"elementor-element elementor-element-2366d680 elementor-view-stacked elementor-shape-square elementor-widget elementor-widget-icon\" data-id=\"2366d680\" data-element_type=\"widget\" data-widget_type=\"icon.default\">\n\t\t\t\t<div class=\"elementor-widget-container\">\n\t\t\t\t\t<div class=\"elementor-icon-wrapper\">\n\t\t\t<div class=\"elementor-icon\">\n\t\t\t<svg aria-hidden=\"true\" class=\"e-font-icon-svg e-fas-shopping-cart\" viewBox=\"0 0 576 512\" xmlns=\"http:\/\/www.w3.org\/2000\/svg\"><path d=\"M528.12 301.319l47.273-208C578.806 78.301 567.391 64 551.99 64H159.208l-9.166-44.81C147.758 8.021 137.93 0 126.529 0H24C10.745 0 0 10.745 0 24v16c0 13.255 10.745 24 24 24h69.883l70.248 343.435C147.325 417.1 136 435.222 136 456c0 30.928 25.072 56 56 56s56-25.072 56-56c0-15.674-6.447-29.835-16.824-40h209.647C430.447 426.165 424 440.326 424 456c0 30.928 25.072 56 56 56s56-25.072 56-56c0-22.172-12.888-41.332-31.579-50.405l5.517-24.276c3.413-15.018-8.002-29.319-23.403-29.319H218.117l-6.545-32h293.145c11.206 0 20.92-7.754 23.403-18.681z\"><\/path><\/svg>\t\t\t<\/div>\n\t\t<\/div>\n\t\t\t\t<\/div>\n\t\t\t\t<\/div>\n\t\t\t\t<div class=\"elementor-element elementor-element-7fa86f54 elementor-widget elementor-widget-heading\" data-id=\"7fa86f54\" data-element_type=\"widget\" data-widget_type=\"heading.default\">\n\t\t\t\t<div class=\"elementor-widget-container\">\n\t\t\t<h3 class=\"elementor-heading-title elementor-size-default\">Predaj\u0148a<\/h3>\t\t<\/div>\n\t\t\t\t<\/div>\n\t\t\t\t<div class=\"elementor-element elementor-element-419a0df8 elementor-widget elementor-widget-text-editor\" data-id=\"419a0df8\" data-element_type=\"widget\" data-widget_type=\"text-editor.default\">\n\t\t\t\t<div class=\"elementor-widget-container\">\n\t\t\t\t\t\t\t<p>Na\u0161a predaj\u0148a pon\u00faka \u0161irok\u00fd sortiment, od kompresorov, pneumatick\u00e9ho n\u00e1radia a\u017e po in\u0161tal\u00e1ciu rozvodu vzduchu.<\/p>\t\t\t\t\t\t<\/div>\n\t\t\t\t<\/div>\n\t\t\t\t\t<\/div>\n\t\t\t\t<\/div>\n\t\t\t\t\t<\/div>\n\t\t\t\t<\/div>\n\t\t\t\t\t<\/div>\n\t\t\t\t<\/div>\n\t\t\t\t\t<\/div>\n\t\t\t\t<\/div>\n\t\t\t\t<\/div>\n\t\t","protected":false},"excerpt":{"rendered":"<p>PRIEMYSEL Priemysel Vitajte vo svete priemyslen\u00fdch kompresorov a stla\u010den\u00e9ho vzduchu Stretnite sa s expertom na stla\u010den\u00fd vzduch Sme radi, \u017ee m\u00f4\u017eeme plni\u0165 o\u010dak\u00e1vania a potreby na\u0161ich z\u00e1kazn\u00edkov. Na\u0161\u00edm cie\u013eom je poskytova\u0165 komplexn\u00e9 z\u00e1kazn\u00edcke rie\u0161enia najvy\u0161\u0161ej kvality, po\u010dn\u00fac poradenstvom, n\u00e1vrhom projektov a\u017e po samotn\u00e9 realiz\u00e1cie. Z\u00e1kazn\u00edcky servis je k dispoz\u00edcii 24 hod. denne a 7 dn\u00ed [&hellip;]<\/p>\n","protected":false},"author":1,"featured_media":0,"parent":0,"menu_order":0,"comment_status":"closed","ping_status":"closed","template":"elementor_header_footer","meta":{"_monsterinsights_skip_tracking":false,"_monsterinsights_sitenote_active":false,"_monsterinsights_sitenote_note":"","_monsterinsights_sitenote_category":0,"footnotes":""},"class_list":["post-44","page","type-page","status-publish","hentry"],"yoast_head":"<!-- This site is optimized with the Yoast SEO plugin v23.8 - https:\/\/yoast.com\/wordpress\/plugins\/seo\/ -->\n<title>Priemysel - DOEM<\/title>\n<meta name=\"robots\" content=\"index, follow, max-snippet:-1, max-image-preview:large, max-video-preview:-1\" \/>\n<link rel=\"canonical\" href=\"https:\/\/www.doem.sk\/sk\/priemysel\/\" \/>\n<meta property=\"og:locale\" content=\"sk_SK\" \/>\n<meta property=\"og:type\" content=\"article\" \/>\n<meta property=\"og:title\" content=\"Priemysel - DOEM\" \/>\n<meta property=\"og:description\" content=\"PRIEMYSEL Priemysel Vitajte vo svete priemyslen\u00fdch kompresorov a stla\u010den\u00e9ho vzduchu Stretnite sa s expertom na stla\u010den\u00fd vzduch Sme radi, \u017ee m\u00f4\u017eeme plni\u0165 o\u010dak\u00e1vania a potreby na\u0161ich z\u00e1kazn\u00edkov. Na\u0161\u00edm cie\u013eom je poskytova\u0165 komplexn\u00e9 z\u00e1kazn\u00edcke rie\u0161enia najvy\u0161\u0161ej kvality, po\u010dn\u00fac poradenstvom, n\u00e1vrhom projektov a\u017e po samotn\u00e9 realiz\u00e1cie. Z\u00e1kazn\u00edcky servis je k dispoz\u00edcii 24 hod. denne a 7 dn\u00ed [&hellip;]\" \/>\n<meta property=\"og:url\" content=\"https:\/\/www.doem.sk\/sk\/priemysel\/\" \/>\n<meta property=\"og:site_name\" content=\"DOEM\" \/>\n<meta property=\"article:modified_time\" content=\"2024-11-19T14:03:59+00:00\" \/>\n<meta name=\"twitter:card\" content=\"summary_large_image\" \/>\n<meta name=\"twitter:label1\" content=\"Predpokladan\u00fd \u010das \u010d\u00edtania\" \/>\n\t<meta name=\"twitter:data1\" content=\"2 min\u00faty\" \/>\n<script type=\"application\/ld+json\" class=\"yoast-schema-graph\">{\"@context\":\"https:\/\/schema.org\",\"@graph\":[{\"@type\":\"WebPage\",\"@id\":\"https:\/\/www.doem.sk\/sk\/priemysel\/\",\"url\":\"https:\/\/www.doem.sk\/sk\/priemysel\/\",\"name\":\"Priemysel - DOEM\",\"isPartOf\":{\"@id\":\"https:\/\/www.doem.sk\/sk\/#website\"},\"datePublished\":\"2024-10-17T09:06:12+00:00\",\"dateModified\":\"2024-11-19T14:03:59+00:00\",\"breadcrumb\":{\"@id\":\"https:\/\/www.doem.sk\/sk\/priemysel\/#breadcrumb\"},\"inLanguage\":\"sk-SK\",\"potentialAction\":[{\"@type\":\"ReadAction\",\"target\":[\"https:\/\/www.doem.sk\/sk\/priemysel\/\"]}]},{\"@type\":\"BreadcrumbList\",\"@id\":\"https:\/\/www.doem.sk\/sk\/priemysel\/#breadcrumb\",\"itemListElement\":[{\"@type\":\"ListItem\",\"position\":1,\"name\":\"Home\",\"item\":\"https:\/\/www.doem.sk\/sk\/\"},{\"@type\":\"ListItem\",\"position\":2,\"name\":\"Priemysel\"}]},{\"@type\":\"WebSite\",\"@id\":\"https:\/\/www.doem.sk\/sk\/#website\",\"url\":\"https:\/\/www.doem.sk\/sk\/\",\"name\":\"DOEM\",\"description\":\"U\u017d 30 ROKOV\",\"potentialAction\":[{\"@type\":\"SearchAction\",\"target\":{\"@type\":\"EntryPoint\",\"urlTemplate\":\"https:\/\/www.doem.sk\/sk\/?s={search_term_string}\"},\"query-input\":{\"@type\":\"PropertyValueSpecification\",\"valueRequired\":true,\"valueName\":\"search_term_string\"}}],\"inLanguage\":\"sk-SK\"}]}<\/script>\n<!-- \/ Yoast SEO plugin. -->","yoast_head_json":{"title":"Priemysel - DOEM","robots":{"index":"index","follow":"follow","max-snippet":"max-snippet:-1","max-image-preview":"max-image-preview:large","max-video-preview":"max-video-preview:-1"},"canonical":"https:\/\/www.doem.sk\/sk\/priemysel\/","og_locale":"sk_SK","og_type":"article","og_title":"Priemysel - DOEM","og_description":"PRIEMYSEL Priemysel Vitajte vo svete priemyslen\u00fdch kompresorov a stla\u010den\u00e9ho vzduchu Stretnite sa s expertom na stla\u010den\u00fd vzduch Sme radi, \u017ee m\u00f4\u017eeme plni\u0165 o\u010dak\u00e1vania a potreby na\u0161ich z\u00e1kazn\u00edkov. Na\u0161\u00edm cie\u013eom je poskytova\u0165 komplexn\u00e9 z\u00e1kazn\u00edcke rie\u0161enia najvy\u0161\u0161ej kvality, po\u010dn\u00fac poradenstvom, n\u00e1vrhom projektov a\u017e po samotn\u00e9 realiz\u00e1cie. Z\u00e1kazn\u00edcky servis je k dispoz\u00edcii 24 hod. denne a 7 dn\u00ed [&hellip;]","og_url":"https:\/\/www.doem.sk\/sk\/priemysel\/","og_site_name":"DOEM","article_modified_time":"2024-11-19T14:03:59+00:00","twitter_card":"summary_large_image","twitter_misc":{"Predpokladan\u00fd \u010das \u010d\u00edtania":"2 min\u00faty"},"schema":{"@context":"https:\/\/schema.org","@graph":[{"@type":"WebPage","@id":"https:\/\/www.doem.sk\/sk\/priemysel\/","url":"https:\/\/www.doem.sk\/sk\/priemysel\/","name":"Priemysel - DOEM","isPartOf":{"@id":"https:\/\/www.doem.sk\/sk\/#website"},"datePublished":"2024-10-17T09:06:12+00:00","dateModified":"2024-11-19T14:03:59+00:00","breadcrumb":{"@id":"https:\/\/www.doem.sk\/sk\/priemysel\/#breadcrumb"},"inLanguage":"sk-SK","potentialAction":[{"@type":"ReadAction","target":["https:\/\/www.doem.sk\/sk\/priemysel\/"]}]},{"@type":"BreadcrumbList","@id":"https:\/\/www.doem.sk\/sk\/priemysel\/#breadcrumb","itemListElement":[{"@type":"ListItem","position":1,"name":"Home","item":"https:\/\/www.doem.sk\/sk\/"},{"@type":"ListItem","position":2,"name":"Priemysel"}]},{"@type":"WebSite","@id":"https:\/\/www.doem.sk\/sk\/#website","url":"https:\/\/www.doem.sk\/sk\/","name":"DOEM","description":"U\u017d 30 ROKOV","potentialAction":[{"@type":"SearchAction","target":{"@type":"EntryPoint","urlTemplate":"https:\/\/www.doem.sk\/sk\/?s={search_term_string}"},"query-input":{"@type":"PropertyValueSpecification","valueRequired":true,"valueName":"search_term_string"}}],"inLanguage":"sk-SK"}]}},"_links":{"self":[{"href":"https:\/\/www.doem.sk\/sk\/wp-json\/wp\/v2\/pages\/44"}],"collection":[{"href":"https:\/\/www.doem.sk\/sk\/wp-json\/wp\/v2\/pages"}],"about":[{"href":"https:\/\/www.doem.sk\/sk\/wp-json\/wp\/v2\/types\/page"}],"author":[{"embeddable":true,"href":"https:\/\/www.doem.sk\/sk\/wp-json\/wp\/v2\/users\/1"}],"replies":[{"embeddable":true,"href":"https:\/\/www.doem.sk\/sk\/wp-json\/wp\/v2\/comments?post=44"}],"version-history":[{"count":6,"href":"https:\/\/www.doem.sk\/sk\/wp-json\/wp\/v2\/pages\/44\/revisions"}],"predecessor-version":[{"id":1245,"href":"https:\/\/www.doem.sk\/sk\/wp-json\/wp\/v2\/pages\/44\/revisions\/1245"}],"wp:attachment":[{"href":"https:\/\/www.doem.sk\/sk\/wp-json\/wp\/v2\/media?parent=44"}],"curies":[{"name":"wp","href":"https:\/\/api.w.org\/{rel}","templated":true}]}}