{"id":488,"date":"2024-10-25T07:46:09","date_gmt":"2024-10-25T05:46:09","guid":{"rendered":"http:\/\/www.doem.sk\/?page_id=488"},"modified":"2024-10-30T12:44:25","modified_gmt":"2024-10-30T11:44:25","slug":"stropne-stativy","status":"publish","type":"page","link":"https:\/\/www.doem.sk\/sk\/stropne-stativy\/","title":{"rendered":"Stropn\u00e9 stat\u00edvy"},"content":{"rendered":"\t\t<div data-elementor-type=\"wp-page\" data-elementor-id=\"488\" class=\"elementor elementor-488\" data-elementor-post-type=\"page\">\n\t\t\t\t<div class=\"elementor-element elementor-element-5b4a413b e-flex e-con-boxed e-con e-parent\" data-id=\"5b4a413b\" data-element_type=\"container\" data-settings=\"{&quot;background_background&quot;:&quot;classic&quot;,&quot;shape_divider_bottom&quot;:&quot;triangle&quot;}\">\n\t\t\t\t\t<div class=\"e-con-inner\">\n\t\t\t\t<div class=\"elementor-shape elementor-shape-bottom\" data-negative=\"false\">\n\t\t\t<svg xmlns=\"http:\/\/www.w3.org\/2000\/svg\" viewBox=\"0 0 1000 100\" preserveAspectRatio=\"none\">\n\t<path class=\"elementor-shape-fill\" d=\"M500,98.9L0,6.1V0h1000v6.1L500,98.9z\"\/>\n<\/svg>\t\t<\/div>\n\t\t<div class=\"elementor-element elementor-element-15d65cb5 e-flex e-con-boxed e-con e-child\" data-id=\"15d65cb5\" data-element_type=\"container\">\n\t\t\t\t\t<div class=\"e-con-inner\">\n\t\t\t\t<div class=\"elementor-element elementor-element-5936325a elementor-widget elementor-widget-heading\" data-id=\"5936325a\" data-element_type=\"widget\" data-widget_type=\"heading.default\">\n\t\t\t\t<div class=\"elementor-widget-container\">\n\t\t\t<h2 class=\"elementor-heading-title elementor-size-default\">ZDRAVOTN\u00cdCTVO<\/h2>\t\t<\/div>\n\t\t\t\t<\/div>\n\t\t\t\t<div class=\"elementor-element elementor-element-60368b58 elementor-widget elementor-widget-heading\" data-id=\"60368b58\" data-element_type=\"widget\" data-widget_type=\"heading.default\">\n\t\t\t\t<div class=\"elementor-widget-container\">\n\t\t\t<h1 class=\"elementor-heading-title elementor-size-default\">Stropn\u00e9 stat\u00edvy <\/h1>\t\t<\/div>\n\t\t\t\t<\/div>\n\t\t\t\t\t<\/div>\n\t\t\t\t<\/div>\n\t\t\t\t\t<\/div>\n\t\t\t\t<\/div>\n\t\t<div class=\"elementor-element elementor-element-352888db e-flex e-con-boxed e-con e-parent\" data-id=\"352888db\" data-element_type=\"container\">\n\t\t\t\t\t<div class=\"e-con-inner\">\n\t\t<div class=\"elementor-element elementor-element-55b08f51 e-flex e-con-boxed e-con e-child\" data-id=\"55b08f51\" data-element_type=\"container\">\n\t\t\t\t\t<div class=\"e-con-inner\">\n\t\t\t\t<div class=\"elementor-element elementor-element-631a8bb1 elementor-widget elementor-widget-text-editor\" data-id=\"631a8bb1\" data-element_type=\"widget\" data-widget_type=\"text-editor.default\">\n\t\t\t\t<div class=\"elementor-widget-container\">\n\t\t\t\t\t\t\t<p>Stropn\u00e9 stat\u00edvy rie\u0161ia pr\u00edvod medicin\u00e1lnych plynov, elektrick\u00fdch siet\u00ed a slabopr\u00fadov\u00fdch rozvodov zo stropu na pracovisko lek\u00e1rskych \u0161pecialistov. V ponuke m\u00e1me \u0161irok\u00fa paletu r\u00f4znych preveden\u00ed dod\u00e1van\u00fdch pod\u013ea konkr\u00e9tnych po\u017eiadaviek a n\u00e1rokov lek\u00e1rskeho person\u00e1lu.\u00a0<\/p>\t\t\t\t\t\t<\/div>\n\t\t\t\t<\/div>\n\t\t\t\t\t<\/div>\n\t\t\t\t<\/div>\n\t\t\t\t\t<\/div>\n\t\t\t\t<\/div>\n\t\t<div class=\"elementor-element elementor-element-e7fc0b6 e-flex e-con-boxed e-con e-parent\" data-id=\"e7fc0b6\" data-element_type=\"container\">\n\t\t\t\t\t<div class=\"e-con-inner\">\n\t\t\t\t<div class=\"elementor-element elementor-element-b32b740 elementor-widget elementor-widget-image\" data-id=\"b32b740\" data-element_type=\"widget\" data-widget_type=\"image.default\">\n\t\t\t\t<div class=\"elementor-widget-container\">\n\t\t\t\t\t\t\t\t\t\t\t\t\t<img fetchpriority=\"high\" decoding=\"async\" width=\"800\" height=\"800\" src=\"https:\/\/www.doem.sk\/wp-content\/uploads\/2024\/10\/Dizajn-bez-nazvu-292.png\" class=\"attachment-large size-large wp-image-725\" alt=\"\" srcset=\"https:\/\/www.doem.sk\/wp-content\/uploads\/2024\/10\/Dizajn-bez-nazvu-292.png 960w, https:\/\/www.doem.sk\/wp-content\/uploads\/2024\/10\/Dizajn-bez-nazvu-292-300x300.png 300w, https:\/\/www.doem.sk\/wp-content\/uploads\/2024\/10\/Dizajn-bez-nazvu-292-150x150.png 150w, https:\/\/www.doem.sk\/wp-content\/uploads\/2024\/10\/Dizajn-bez-nazvu-292-768x768.png 768w, https:\/\/www.doem.sk\/wp-content\/uploads\/2024\/10\/Dizajn-bez-nazvu-292-12x12.png 12w\" sizes=\"(max-width: 800px) 100vw, 800px\" \/>\t\t\t\t\t\t\t\t\t\t\t\t\t<\/div>\n\t\t\t\t<\/div>\n\t\t\t\t\t<\/div>\n\t\t\t\t<\/div>\n\t\t<div class=\"elementor-element elementor-element-4340f0c6 e-flex e-con-boxed e-con e-parent\" data-id=\"4340f0c6\" data-element_type=\"container\" data-settings=\"{&quot;background_background&quot;:&quot;classic&quot;,&quot;shape_divider_bottom&quot;:&quot;triangle&quot;}\">\n\t\t\t\t\t<div class=\"e-con-inner\">\n\t\t\t\t<div class=\"elementor-shape elementor-shape-bottom\" data-negative=\"false\">\n\t\t\t<svg xmlns=\"http:\/\/www.w3.org\/2000\/svg\" viewBox=\"0 0 1000 100\" preserveAspectRatio=\"none\">\n\t<path class=\"elementor-shape-fill\" d=\"M500,98.9L0,6.1V0h1000v6.1L500,98.9z\"\/>\n<\/svg>\t\t<\/div>\n\t\t<div class=\"elementor-element elementor-element-3cfac682 e-con-full e-flex e-con e-child\" data-id=\"3cfac682\" data-element_type=\"container\">\n\t\t\t\t<div class=\"elementor-element elementor-element-1f7e4543 elementor-widget elementor-widget-heading\" data-id=\"1f7e4543\" data-element_type=\"widget\" data-widget_type=\"heading.default\">\n\t\t\t\t<div class=\"elementor-widget-container\">\n\t\t\t<h2 class=\"elementor-heading-title elementor-size-default\">Potrebujete poradi\u0165 oh\u013eadom stropn\u00fdch stat\u00edvov?<\/h2>\t\t<\/div>\n\t\t\t\t<\/div>\n\t\t\t\t<\/div>\n\t\t<div class=\"elementor-element elementor-element-24c5670c e-con-full e-flex e-con e-child\" data-id=\"24c5670c\" data-element_type=\"container\">\n\t\t\t\t<div class=\"elementor-element elementor-element-53da09a2 elementor-widget elementor-widget-text-editor\" data-id=\"53da09a2\" data-element_type=\"widget\" data-widget_type=\"text-editor.default\">\n\t\t\t\t<div class=\"elementor-widget-container\">\n\t\t\t\t\t\t\t<p>Nev\u00e1hajte n\u00e1s kontaktova\u0165, n\u00e1\u0161 t\u00edm odborn\u00edkov je tu pre V\u00e1s a s rados\u0165ou odpovie na v\u0161etky Va\u0161e ot\u00e1zky.\u00a0<\/p>\t\t\t\t\t\t<\/div>\n\t\t\t\t<\/div>\n\t\t\t\t<div class=\"elementor-element elementor-element-5ad4ccc0 elementor-mobile-align-center elementor-widget elementor-widget-button\" data-id=\"5ad4ccc0\" data-element_type=\"widget\" data-widget_type=\"button.default\">\n\t\t\t\t<div class=\"elementor-widget-container\">\n\t\t\t\t\t<div class=\"elementor-button-wrapper\">\n\t\t\t<a class=\"elementor-button elementor-button-link elementor-size-sm elementor-animation-grow\" href=\"http:\/\/www.doem.sk\/sk\/kontakt\/\">\n\t\t\t\t\t\t<span class=\"elementor-button-content-wrapper\">\n\t\t\t\t\t\t<span class=\"elementor-button-icon\">\n\t\t\t\t<svg aria-hidden=\"true\" class=\"e-font-icon-svg e-fas-arrow-circle-right\" viewBox=\"0 0 512 512\" xmlns=\"http:\/\/www.w3.org\/2000\/svg\"><path d=\"M256 8c137 0 248 111 248 248S393 504 256 504 8 393 8 256 119 8 256 8zm-28.9 143.6l75.5 72.4H120c-13.3 0-24 10.7-24 24v16c0 13.3 10.7 24 24 24h182.6l-75.5 72.4c-9.7 9.3-9.9 24.8-.4 34.3l11 10.9c9.4 9.4 24.6 9.4 33.9 0L404.3 273c9.4-9.4 9.4-24.6 0-33.9L271.6 106.3c-9.4-9.4-24.6-9.4-33.9 0l-11 10.9c-9.5 9.6-9.3 25.1.4 34.4z\"><\/path><\/svg>\t\t\t<\/span>\n\t\t\t\t\t\t\t\t\t<span class=\"elementor-button-text\">Kontaktujte n\u00e1s<\/span>\n\t\t\t\t\t<\/span>\n\t\t\t\t\t<\/a>\n\t\t<\/div>\n\t\t\t\t<\/div>\n\t\t\t\t<\/div>\n\t\t\t\t<\/div>\n\t\t\t\t\t<\/div>\n\t\t\t\t<\/div>\n\t\t\t\t<\/div>\n\t\t","protected":false},"excerpt":{"rendered":"<p>ZDRAVOTN\u00cdCTVO Stropn\u00e9 stat\u00edvy Stropn\u00e9 stat\u00edvy rie\u0161ia pr\u00edvod medicin\u00e1lnych plynov, elektrick\u00fdch siet\u00ed a slabopr\u00fadov\u00fdch rozvodov zo stropu na pracovisko lek\u00e1rskych \u0161pecialistov. V ponuke m\u00e1me \u0161irok\u00fa paletu r\u00f4znych preveden\u00ed dod\u00e1van\u00fdch pod\u013ea konkr\u00e9tnych po\u017eiadaviek a n\u00e1rokov lek\u00e1rskeho person\u00e1lu.\u00a0 Potrebujete poradi\u0165 oh\u013eadom stropn\u00fdch stat\u00edvov? Nev\u00e1hajte n\u00e1s kontaktova\u0165, n\u00e1\u0161 t\u00edm odborn\u00edkov je tu pre V\u00e1s a s rados\u0165ou odpovie na [&hellip;]<\/p>\n","protected":false},"author":1,"featured_media":0,"parent":0,"menu_order":0,"comment_status":"closed","ping_status":"closed","template":"elementor_header_footer","meta":{"_monsterinsights_skip_tracking":false,"_monsterinsights_sitenote_active":false,"_monsterinsights_sitenote_note":"","_monsterinsights_sitenote_category":0,"footnotes":""},"class_list":["post-488","page","type-page","status-publish","hentry"],"yoast_head":"<!-- This site is optimized with the Yoast SEO plugin v23.8 - https:\/\/yoast.com\/wordpress\/plugins\/seo\/ -->\n<title>Stropn\u00e9 stat\u00edvy - DOEM<\/title>\n<meta name=\"robots\" content=\"index, follow, max-snippet:-1, max-image-preview:large, max-video-preview:-1\" \/>\n<link rel=\"canonical\" href=\"https:\/\/www.doem.sk\/sk\/stropne-stativy\/\" \/>\n<meta property=\"og:locale\" content=\"sk_SK\" \/>\n<meta property=\"og:type\" content=\"article\" \/>\n<meta property=\"og:title\" content=\"Stropn\u00e9 stat\u00edvy - DOEM\" \/>\n<meta property=\"og:description\" content=\"ZDRAVOTN\u00cdCTVO Stropn\u00e9 stat\u00edvy Stropn\u00e9 stat\u00edvy rie\u0161ia pr\u00edvod medicin\u00e1lnych plynov, elektrick\u00fdch siet\u00ed a slabopr\u00fadov\u00fdch rozvodov zo stropu na pracovisko lek\u00e1rskych \u0161pecialistov. V ponuke m\u00e1me \u0161irok\u00fa paletu r\u00f4znych preveden\u00ed dod\u00e1van\u00fdch pod\u013ea konkr\u00e9tnych po\u017eiadaviek a n\u00e1rokov lek\u00e1rskeho person\u00e1lu.\u00a0 Potrebujete poradi\u0165 oh\u013eadom stropn\u00fdch stat\u00edvov? Nev\u00e1hajte n\u00e1s kontaktova\u0165, n\u00e1\u0161 t\u00edm odborn\u00edkov je tu pre V\u00e1s a s rados\u0165ou odpovie na [&hellip;]\" \/>\n<meta property=\"og:url\" content=\"https:\/\/www.doem.sk\/sk\/stropne-stativy\/\" \/>\n<meta property=\"og:site_name\" content=\"DOEM\" \/>\n<meta property=\"article:modified_time\" content=\"2024-10-30T11:44:25+00:00\" \/>\n<meta property=\"og:image\" content=\"http:\/\/www.doem.sk\/wp-content\/uploads\/2024\/10\/Dizajn-bez-nazvu-292.png\" \/>\n<meta name=\"twitter:card\" content=\"summary_large_image\" \/>\n<meta name=\"twitter:label1\" content=\"Predpokladan\u00fd \u010das \u010d\u00edtania\" \/>\n\t<meta name=\"twitter:data1\" content=\"1 min\u00fata\" \/>\n<script type=\"application\/ld+json\" class=\"yoast-schema-graph\">{\"@context\":\"https:\/\/schema.org\",\"@graph\":[{\"@type\":\"WebPage\",\"@id\":\"https:\/\/www.doem.sk\/sk\/stropne-stativy\/\",\"url\":\"https:\/\/www.doem.sk\/sk\/stropne-stativy\/\",\"name\":\"Stropn\u00e9 stat\u00edvy - DOEM\",\"isPartOf\":{\"@id\":\"https:\/\/www.doem.sk\/sk\/#website\"},\"primaryImageOfPage\":{\"@id\":\"https:\/\/www.doem.sk\/sk\/stropne-stativy\/#primaryimage\"},\"image\":{\"@id\":\"https:\/\/www.doem.sk\/sk\/stropne-stativy\/#primaryimage\"},\"thumbnailUrl\":\"http:\/\/www.doem.sk\/wp-content\/uploads\/2024\/10\/Dizajn-bez-nazvu-292.png\",\"datePublished\":\"2024-10-25T05:46:09+00:00\",\"dateModified\":\"2024-10-30T11:44:25+00:00\",\"breadcrumb\":{\"@id\":\"https:\/\/www.doem.sk\/sk\/stropne-stativy\/#breadcrumb\"},\"inLanguage\":\"sk-SK\",\"potentialAction\":[{\"@type\":\"ReadAction\",\"target\":[\"https:\/\/www.doem.sk\/sk\/stropne-stativy\/\"]}]},{\"@type\":\"ImageObject\",\"inLanguage\":\"sk-SK\",\"@id\":\"https:\/\/www.doem.sk\/sk\/stropne-stativy\/#primaryimage\",\"url\":\"http:\/\/www.doem.sk\/wp-content\/uploads\/2024\/10\/Dizajn-bez-nazvu-292.png\",\"contentUrl\":\"http:\/\/www.doem.sk\/wp-content\/uploads\/2024\/10\/Dizajn-bez-nazvu-292.png\"},{\"@type\":\"BreadcrumbList\",\"@id\":\"https:\/\/www.doem.sk\/sk\/stropne-stativy\/#breadcrumb\",\"itemListElement\":[{\"@type\":\"ListItem\",\"position\":1,\"name\":\"Home\",\"item\":\"https:\/\/www.doem.sk\/sk\/\"},{\"@type\":\"ListItem\",\"position\":2,\"name\":\"Stropn\u00e9 stat\u00edvy\"}]},{\"@type\":\"WebSite\",\"@id\":\"https:\/\/www.doem.sk\/sk\/#website\",\"url\":\"https:\/\/www.doem.sk\/sk\/\",\"name\":\"DOEM\",\"description\":\"U\u017d 30 ROKOV\",\"potentialAction\":[{\"@type\":\"SearchAction\",\"target\":{\"@type\":\"EntryPoint\",\"urlTemplate\":\"https:\/\/www.doem.sk\/sk\/?s={search_term_string}\"},\"query-input\":{\"@type\":\"PropertyValueSpecification\",\"valueRequired\":true,\"valueName\":\"search_term_string\"}}],\"inLanguage\":\"sk-SK\"}]}<\/script>\n<!-- \/ Yoast SEO plugin. -->","yoast_head_json":{"title":"Stropn\u00e9 stat\u00edvy - DOEM","robots":{"index":"index","follow":"follow","max-snippet":"max-snippet:-1","max-image-preview":"max-image-preview:large","max-video-preview":"max-video-preview:-1"},"canonical":"https:\/\/www.doem.sk\/sk\/stropne-stativy\/","og_locale":"sk_SK","og_type":"article","og_title":"Stropn\u00e9 stat\u00edvy - DOEM","og_description":"ZDRAVOTN\u00cdCTVO Stropn\u00e9 stat\u00edvy Stropn\u00e9 stat\u00edvy rie\u0161ia pr\u00edvod medicin\u00e1lnych plynov, elektrick\u00fdch siet\u00ed a slabopr\u00fadov\u00fdch rozvodov zo stropu na pracovisko lek\u00e1rskych \u0161pecialistov. V ponuke m\u00e1me \u0161irok\u00fa paletu r\u00f4znych preveden\u00ed dod\u00e1van\u00fdch pod\u013ea konkr\u00e9tnych po\u017eiadaviek a n\u00e1rokov lek\u00e1rskeho person\u00e1lu.\u00a0 Potrebujete poradi\u0165 oh\u013eadom stropn\u00fdch stat\u00edvov? Nev\u00e1hajte n\u00e1s kontaktova\u0165, n\u00e1\u0161 t\u00edm odborn\u00edkov je tu pre V\u00e1s a s rados\u0165ou odpovie na [&hellip;]","og_url":"https:\/\/www.doem.sk\/sk\/stropne-stativy\/","og_site_name":"DOEM","article_modified_time":"2024-10-30T11:44:25+00:00","og_image":[{"url":"http:\/\/www.doem.sk\/wp-content\/uploads\/2024\/10\/Dizajn-bez-nazvu-292.png"}],"twitter_card":"summary_large_image","twitter_misc":{"Predpokladan\u00fd \u010das \u010d\u00edtania":"1 min\u00fata"},"schema":{"@context":"https:\/\/schema.org","@graph":[{"@type":"WebPage","@id":"https:\/\/www.doem.sk\/sk\/stropne-stativy\/","url":"https:\/\/www.doem.sk\/sk\/stropne-stativy\/","name":"Stropn\u00e9 stat\u00edvy - DOEM","isPartOf":{"@id":"https:\/\/www.doem.sk\/sk\/#website"},"primaryImageOfPage":{"@id":"https:\/\/www.doem.sk\/sk\/stropne-stativy\/#primaryimage"},"image":{"@id":"https:\/\/www.doem.sk\/sk\/stropne-stativy\/#primaryimage"},"thumbnailUrl":"http:\/\/www.doem.sk\/wp-content\/uploads\/2024\/10\/Dizajn-bez-nazvu-292.png","datePublished":"2024-10-25T05:46:09+00:00","dateModified":"2024-10-30T11:44:25+00:00","breadcrumb":{"@id":"https:\/\/www.doem.sk\/sk\/stropne-stativy\/#breadcrumb"},"inLanguage":"sk-SK","potentialAction":[{"@type":"ReadAction","target":["https:\/\/www.doem.sk\/sk\/stropne-stativy\/"]}]},{"@type":"ImageObject","inLanguage":"sk-SK","@id":"https:\/\/www.doem.sk\/sk\/stropne-stativy\/#primaryimage","url":"http:\/\/www.doem.sk\/wp-content\/uploads\/2024\/10\/Dizajn-bez-nazvu-292.png","contentUrl":"http:\/\/www.doem.sk\/wp-content\/uploads\/2024\/10\/Dizajn-bez-nazvu-292.png"},{"@type":"BreadcrumbList","@id":"https:\/\/www.doem.sk\/sk\/stropne-stativy\/#breadcrumb","itemListElement":[{"@type":"ListItem","position":1,"name":"Home","item":"https:\/\/www.doem.sk\/sk\/"},{"@type":"ListItem","position":2,"name":"Stropn\u00e9 stat\u00edvy"}]},{"@type":"WebSite","@id":"https:\/\/www.doem.sk\/sk\/#website","url":"https:\/\/www.doem.sk\/sk\/","name":"DOEM","description":"U\u017d 30 ROKOV","potentialAction":[{"@type":"SearchAction","target":{"@type":"EntryPoint","urlTemplate":"https:\/\/www.doem.sk\/sk\/?s={search_term_string}"},"query-input":{"@type":"PropertyValueSpecification","valueRequired":true,"valueName":"search_term_string"}}],"inLanguage":"sk-SK"}]}},"_links":{"self":[{"href":"https:\/\/www.doem.sk\/sk\/wp-json\/wp\/v2\/pages\/488"}],"collection":[{"href":"https:\/\/www.doem.sk\/sk\/wp-json\/wp\/v2\/pages"}],"about":[{"href":"https:\/\/www.doem.sk\/sk\/wp-json\/wp\/v2\/types\/page"}],"author":[{"embeddable":true,"href":"https:\/\/www.doem.sk\/sk\/wp-json\/wp\/v2\/users\/1"}],"replies":[{"embeddable":true,"href":"https:\/\/www.doem.sk\/sk\/wp-json\/wp\/v2\/comments?post=488"}],"version-history":[{"count":6,"href":"https:\/\/www.doem.sk\/sk\/wp-json\/wp\/v2\/pages\/488\/revisions"}],"predecessor-version":[{"id":895,"href":"https:\/\/www.doem.sk\/sk\/wp-json\/wp\/v2\/pages\/488\/revisions\/895"}],"wp:attachment":[{"href":"https:\/\/www.doem.sk\/sk\/wp-json\/wp\/v2\/media?parent=488"}],"curies":[{"name":"wp","href":"https:\/\/api.w.org\/{rel}","templated":true}]}}