{"id":497,"date":"2024-10-25T07:48:20","date_gmt":"2024-10-25T05:48:20","guid":{"rendered":"http:\/\/www.doem.sk\/?page_id=497"},"modified":"2024-10-30T12:46:01","modified_gmt":"2024-10-30T11:46:01","slug":"prislusenstvo","status":"publish","type":"page","link":"https:\/\/www.doem.sk\/sk\/prislusenstvo\/","title":{"rendered":"Pr\u00edslu\u0161enstvo"},"content":{"rendered":"\t\t<div data-elementor-type=\"wp-page\" data-elementor-id=\"497\" class=\"elementor elementor-497\" data-elementor-post-type=\"page\">\n\t\t\t\t<div class=\"elementor-element elementor-element-dda37e4 e-flex e-con-boxed e-con e-parent\" data-id=\"dda37e4\" data-element_type=\"container\" data-settings=\"{&quot;background_background&quot;:&quot;classic&quot;,&quot;shape_divider_bottom&quot;:&quot;triangle&quot;}\">\n\t\t\t\t\t<div class=\"e-con-inner\">\n\t\t\t\t<div class=\"elementor-shape elementor-shape-bottom\" data-negative=\"false\">\n\t\t\t<svg xmlns=\"http:\/\/www.w3.org\/2000\/svg\" viewBox=\"0 0 1000 100\" preserveAspectRatio=\"none\">\n\t<path class=\"elementor-shape-fill\" d=\"M500,98.9L0,6.1V0h1000v6.1L500,98.9z\"\/>\n<\/svg>\t\t<\/div>\n\t\t<div class=\"elementor-element elementor-element-5d511e15 e-flex e-con-boxed e-con e-child\" data-id=\"5d511e15\" data-element_type=\"container\">\n\t\t\t\t\t<div class=\"e-con-inner\">\n\t\t\t\t<div class=\"elementor-element elementor-element-5a29b205 elementor-widget elementor-widget-heading\" data-id=\"5a29b205\" data-element_type=\"widget\" data-widget_type=\"heading.default\">\n\t\t\t\t<div class=\"elementor-widget-container\">\n\t\t\t<h2 class=\"elementor-heading-title elementor-size-default\">ZDRAVOTN\u00cdCTVO<\/h2>\t\t<\/div>\n\t\t\t\t<\/div>\n\t\t\t\t<div class=\"elementor-element elementor-element-175a0485 elementor-widget elementor-widget-heading\" data-id=\"175a0485\" data-element_type=\"widget\" data-widget_type=\"heading.default\">\n\t\t\t\t<div class=\"elementor-widget-container\">\n\t\t\t<h1 class=\"elementor-heading-title elementor-size-default\">Pr\u00edslu\u0161enstvo<\/h1>\t\t<\/div>\n\t\t\t\t<\/div>\n\t\t\t\t\t<\/div>\n\t\t\t\t<\/div>\n\t\t\t\t\t<\/div>\n\t\t\t\t<\/div>\n\t\t<div class=\"elementor-element elementor-element-3e7ec58e e-flex e-con-boxed e-con e-parent\" data-id=\"3e7ec58e\" data-element_type=\"container\">\n\t\t\t\t\t<div class=\"e-con-inner\">\n\t\t<div class=\"elementor-element elementor-element-22f9eb77 e-flex e-con-boxed e-con e-child\" data-id=\"22f9eb77\" data-element_type=\"container\">\n\t\t\t\t\t<div class=\"e-con-inner\">\n\t\t\t\t<div class=\"elementor-element elementor-element-312e79a4 elementor-widget elementor-widget-heading\" data-id=\"312e79a4\" data-element_type=\"widget\" data-widget_type=\"heading.default\">\n\t\t\t\t<div class=\"elementor-widget-container\">\n\t\t\t<h2 class=\"elementor-heading-title elementor-size-default\">Pon\u00fakame cel\u00fa \u0161k\u00e1lu produktov pre nemocnice.<\/h2>\t\t<\/div>\n\t\t\t\t<\/div>\n\t\t\t\t<div class=\"elementor-element elementor-element-58f5ae9c elementor-widget elementor-widget-text-editor\" data-id=\"58f5ae9c\" data-element_type=\"widget\" data-widget_type=\"text-editor.default\">\n\t\t\t\t<div class=\"elementor-widget-container\">\n\t\t\t\t\t\t\t<p><strong>Plav\u00e1kov\u00e9 prietokomery<\/strong><\/p><p><strong>Medicin\u00e1lny f\u013ea\u0161kov\u00fd ventil<\/strong><\/p><p><strong>Medicin\u00e1lny reduk\u010dn\u00fd f\u013ea\u0161kov\u00fd ventil<\/strong><\/p><p><strong>Podtlakov\u00e9 regul\u00e1tory<\/strong><\/p><p><strong>Ods\u00e1vacie zariadenie s pr\u00edslu\u0161enstvom<\/strong><\/p><p><strong>Opera\u010dn\u00e9 lampy<\/strong><\/p>\t\t\t\t\t\t<\/div>\n\t\t\t\t<\/div>\n\t\t\t\t\t<\/div>\n\t\t\t\t<\/div>\n\t\t\t\t\t<\/div>\n\t\t\t\t<\/div>\n\t\t<div class=\"elementor-element elementor-element-38734fe e-grid e-con-boxed e-con e-parent\" data-id=\"38734fe\" data-element_type=\"container\">\n\t\t\t\t\t<div class=\"e-con-inner\">\n\t\t\t\t<div class=\"elementor-element elementor-element-a4938c2 elementor-widget elementor-widget-image\" data-id=\"a4938c2\" data-element_type=\"widget\" data-widget_type=\"image.default\">\n\t\t\t\t<div class=\"elementor-widget-container\">\n\t\t\t\t\t\t\t\t\t\t\t\t\t<img fetchpriority=\"high\" decoding=\"async\" width=\"800\" height=\"495\" src=\"https:\/\/www.doem.sk\/wp-content\/uploads\/2024\/10\/Plavakove-prietokomery-1024x633.jpeg\" class=\"attachment-large size-large wp-image-512\" alt=\"\" srcset=\"https:\/\/www.doem.sk\/wp-content\/uploads\/2024\/10\/Plavakove-prietokomery-1024x633.jpeg 1024w, https:\/\/www.doem.sk\/wp-content\/uploads\/2024\/10\/Plavakove-prietokomery-300x185.jpeg 300w, https:\/\/www.doem.sk\/wp-content\/uploads\/2024\/10\/Plavakove-prietokomery-768x475.jpeg 768w, https:\/\/www.doem.sk\/wp-content\/uploads\/2024\/10\/Plavakove-prietokomery-18x12.jpeg 18w, https:\/\/www.doem.sk\/wp-content\/uploads\/2024\/10\/Plavakove-prietokomery.jpeg 1280w\" sizes=\"(max-width: 800px) 100vw, 800px\" \/>\t\t\t\t\t\t\t\t\t\t\t\t\t<\/div>\n\t\t\t\t<\/div>\n\t\t\t\t<div class=\"elementor-element elementor-element-a319e5c elementor-widget elementor-widget-image\" data-id=\"a319e5c\" data-element_type=\"widget\" data-widget_type=\"image.default\">\n\t\t\t\t<div class=\"elementor-widget-container\">\n\t\t\t\t\t\t\t\t\t\t\t\t\t<img decoding=\"async\" width=\"800\" height=\"494\" src=\"https:\/\/www.doem.sk\/wp-content\/uploads\/2024\/10\/Medicinalny-flaskovy-ventil-1024x632.jpeg\" class=\"attachment-large size-large wp-image-523\" alt=\"\" srcset=\"https:\/\/www.doem.sk\/wp-content\/uploads\/2024\/10\/Medicinalny-flaskovy-ventil-1024x632.jpeg 1024w, https:\/\/www.doem.sk\/wp-content\/uploads\/2024\/10\/Medicinalny-flaskovy-ventil-300x185.jpeg 300w, https:\/\/www.doem.sk\/wp-content\/uploads\/2024\/10\/Medicinalny-flaskovy-ventil-768x474.jpeg 768w, https:\/\/www.doem.sk\/wp-content\/uploads\/2024\/10\/Medicinalny-flaskovy-ventil-18x12.jpeg 18w, https:\/\/www.doem.sk\/wp-content\/uploads\/2024\/10\/Medicinalny-flaskovy-ventil.jpeg 1280w\" sizes=\"(max-width: 800px) 100vw, 800px\" \/>\t\t\t\t\t\t\t\t\t\t\t\t\t<\/div>\n\t\t\t\t<\/div>\n\t\t\t\t<div class=\"elementor-element elementor-element-a8847a3 elementor-widget elementor-widget-image\" data-id=\"a8847a3\" data-element_type=\"widget\" data-widget_type=\"image.default\">\n\t\t\t\t<div class=\"elementor-widget-container\">\n\t\t\t\t\t\t\t\t\t\t\t\t\t<img decoding=\"async\" width=\"583\" height=\"442\" src=\"https:\/\/www.doem.sk\/wp-content\/uploads\/2024\/10\/Medicinalny-redukcny-flaskovy-ventil.png\" class=\"attachment-large size-large wp-image-520\" alt=\"\" srcset=\"https:\/\/www.doem.sk\/wp-content\/uploads\/2024\/10\/Medicinalny-redukcny-flaskovy-ventil.png 583w, https:\/\/www.doem.sk\/wp-content\/uploads\/2024\/10\/Medicinalny-redukcny-flaskovy-ventil-300x227.png 300w, https:\/\/www.doem.sk\/wp-content\/uploads\/2024\/10\/Medicinalny-redukcny-flaskovy-ventil-16x12.png 16w\" sizes=\"(max-width: 583px) 100vw, 583px\" \/>\t\t\t\t\t\t\t\t\t\t\t\t\t<\/div>\n\t\t\t\t<\/div>\n\t\t\t\t\t<\/div>\n\t\t\t\t<\/div>\n\t\t<div class=\"elementor-element elementor-element-4d7276a e-grid e-con-boxed e-con e-parent\" data-id=\"4d7276a\" data-element_type=\"container\">\n\t\t\t\t\t<div class=\"e-con-inner\">\n\t\t\t\t<div class=\"elementor-element elementor-element-2d64479 elementor-widget elementor-widget-image\" data-id=\"2d64479\" data-element_type=\"widget\" data-widget_type=\"image.default\">\n\t\t\t\t<div class=\"elementor-widget-container\">\n\t\t\t\t\t\t\t\t\t\t\t\t\t<img loading=\"lazy\" decoding=\"async\" width=\"583\" height=\"442\" src=\"https:\/\/www.doem.sk\/wp-content\/uploads\/2024\/10\/Podtlakove-regulatory.jpg\" class=\"attachment-large size-large wp-image-511\" alt=\"\" srcset=\"https:\/\/www.doem.sk\/wp-content\/uploads\/2024\/10\/Podtlakove-regulatory.jpg 583w, https:\/\/www.doem.sk\/wp-content\/uploads\/2024\/10\/Podtlakove-regulatory-300x227.jpg 300w, https:\/\/www.doem.sk\/wp-content\/uploads\/2024\/10\/Podtlakove-regulatory-16x12.jpg 16w\" sizes=\"(max-width: 583px) 100vw, 583px\" \/>\t\t\t\t\t\t\t\t\t\t\t\t\t<\/div>\n\t\t\t\t<\/div>\n\t\t\t\t<div class=\"elementor-element elementor-element-ae6e3b9 elementor-widget elementor-widget-image\" data-id=\"ae6e3b9\" data-element_type=\"widget\" data-widget_type=\"image.default\">\n\t\t\t\t<div class=\"elementor-widget-container\">\n\t\t\t\t\t\t\t\t\t\t\t\t\t<img loading=\"lazy\" decoding=\"async\" width=\"800\" height=\"533\" src=\"https:\/\/www.doem.sk\/wp-content\/uploads\/2024\/10\/Odsavacie-zariadenie-s-prislusenstvom_02-1024x682.jpeg\" class=\"attachment-large size-large wp-image-514\" alt=\"\" srcset=\"https:\/\/www.doem.sk\/wp-content\/uploads\/2024\/10\/Odsavacie-zariadenie-s-prislusenstvom_02-1024x682.jpeg 1024w, https:\/\/www.doem.sk\/wp-content\/uploads\/2024\/10\/Odsavacie-zariadenie-s-prislusenstvom_02-300x200.jpeg 300w, https:\/\/www.doem.sk\/wp-content\/uploads\/2024\/10\/Odsavacie-zariadenie-s-prislusenstvom_02-768x512.jpeg 768w, https:\/\/www.doem.sk\/wp-content\/uploads\/2024\/10\/Odsavacie-zariadenie-s-prislusenstvom_02-18x12.jpeg 18w, https:\/\/www.doem.sk\/wp-content\/uploads\/2024\/10\/Odsavacie-zariadenie-s-prislusenstvom_02.jpeg 1280w\" sizes=\"(max-width: 800px) 100vw, 800px\" \/>\t\t\t\t\t\t\t\t\t\t\t\t\t<\/div>\n\t\t\t\t<\/div>\n\t\t\t\t<div class=\"elementor-element elementor-element-2966f15 elementor-widget elementor-widget-image\" data-id=\"2966f15\" data-element_type=\"widget\" data-widget_type=\"image.default\">\n\t\t\t\t<div class=\"elementor-widget-container\">\n\t\t\t\t\t\t\t\t\t\t\t\t\t<img loading=\"lazy\" decoding=\"async\" width=\"800\" height=\"533\" src=\"https:\/\/www.doem.sk\/wp-content\/uploads\/2024\/10\/Operacne-lampy-1024x682.jpeg\" class=\"attachment-large size-large wp-image-513\" alt=\"\" srcset=\"https:\/\/www.doem.sk\/wp-content\/uploads\/2024\/10\/Operacne-lampy-1024x682.jpeg 1024w, https:\/\/www.doem.sk\/wp-content\/uploads\/2024\/10\/Operacne-lampy-300x200.jpeg 300w, https:\/\/www.doem.sk\/wp-content\/uploads\/2024\/10\/Operacne-lampy-768x512.jpeg 768w, https:\/\/www.doem.sk\/wp-content\/uploads\/2024\/10\/Operacne-lampy-18x12.jpeg 18w, https:\/\/www.doem.sk\/wp-content\/uploads\/2024\/10\/Operacne-lampy.jpeg 1280w\" sizes=\"(max-width: 800px) 100vw, 800px\" \/>\t\t\t\t\t\t\t\t\t\t\t\t\t<\/div>\n\t\t\t\t<\/div>\n\t\t\t\t\t<\/div>\n\t\t\t\t<\/div>\n\t\t<div class=\"elementor-element elementor-element-196f0350 e-flex e-con-boxed e-con e-parent\" data-id=\"196f0350\" data-element_type=\"container\" data-settings=\"{&quot;background_background&quot;:&quot;classic&quot;,&quot;shape_divider_bottom&quot;:&quot;triangle&quot;}\">\n\t\t\t\t\t<div class=\"e-con-inner\">\n\t\t\t\t<div class=\"elementor-shape elementor-shape-bottom\" data-negative=\"false\">\n\t\t\t<svg xmlns=\"http:\/\/www.w3.org\/2000\/svg\" viewBox=\"0 0 1000 100\" preserveAspectRatio=\"none\">\n\t<path class=\"elementor-shape-fill\" d=\"M500,98.9L0,6.1V0h1000v6.1L500,98.9z\"\/>\n<\/svg>\t\t<\/div>\n\t\t<div class=\"elementor-element elementor-element-9b01ef1 e-con-full e-flex e-con e-child\" data-id=\"9b01ef1\" data-element_type=\"container\">\n\t\t\t\t<div class=\"elementor-element elementor-element-710a719b elementor-widget elementor-widget-heading\" data-id=\"710a719b\" data-element_type=\"widget\" data-widget_type=\"heading.default\">\n\t\t\t\t<div class=\"elementor-widget-container\">\n\t\t\t<h2 class=\"elementor-heading-title elementor-size-default\">Potrebujete poradi\u0165 oh\u013eadom pr\u00edslu\u0161enstva?<\/h2>\t\t<\/div>\n\t\t\t\t<\/div>\n\t\t\t\t<\/div>\n\t\t<div class=\"elementor-element elementor-element-2a72b331 e-con-full e-flex e-con e-child\" data-id=\"2a72b331\" data-element_type=\"container\">\n\t\t\t\t<div class=\"elementor-element elementor-element-11f7e73e elementor-widget elementor-widget-text-editor\" data-id=\"11f7e73e\" data-element_type=\"widget\" data-widget_type=\"text-editor.default\">\n\t\t\t\t<div class=\"elementor-widget-container\">\n\t\t\t\t\t\t\t<p>Nav\u00e1hajte n\u00e1s kedyko\u013evek kontaktova\u0165. N\u00e1\u0161 t\u00edm odbon\u00edkov je tu pre V\u00e1s!<\/p>\t\t\t\t\t\t<\/div>\n\t\t\t\t<\/div>\n\t\t\t\t<div class=\"elementor-element elementor-element-2e699cb8 elementor-mobile-align-center elementor-widget elementor-widget-button\" data-id=\"2e699cb8\" data-element_type=\"widget\" data-widget_type=\"button.default\">\n\t\t\t\t<div class=\"elementor-widget-container\">\n\t\t\t\t\t<div class=\"elementor-button-wrapper\">\n\t\t\t<a class=\"elementor-button elementor-button-link elementor-size-sm elementor-animation-grow\" href=\"http:\/\/www.doem.sk\/sk\/kontakt\/\">\n\t\t\t\t\t\t<span class=\"elementor-button-content-wrapper\">\n\t\t\t\t\t\t<span class=\"elementor-button-icon\">\n\t\t\t\t<svg aria-hidden=\"true\" class=\"e-font-icon-svg e-fas-arrow-circle-right\" viewBox=\"0 0 512 512\" xmlns=\"http:\/\/www.w3.org\/2000\/svg\"><path d=\"M256 8c137 0 248 111 248 248S393 504 256 504 8 393 8 256 119 8 256 8zm-28.9 143.6l75.5 72.4H120c-13.3 0-24 10.7-24 24v16c0 13.3 10.7 24 24 24h182.6l-75.5 72.4c-9.7 9.3-9.9 24.8-.4 34.3l11 10.9c9.4 9.4 24.6 9.4 33.9 0L404.3 273c9.4-9.4 9.4-24.6 0-33.9L271.6 106.3c-9.4-9.4-24.6-9.4-33.9 0l-11 10.9c-9.5 9.6-9.3 25.1.4 34.4z\"><\/path><\/svg>\t\t\t<\/span>\n\t\t\t\t\t\t\t\t\t<span class=\"elementor-button-text\">Kontaktujte n\u00e1s<\/span>\n\t\t\t\t\t<\/span>\n\t\t\t\t\t<\/a>\n\t\t<\/div>\n\t\t\t\t<\/div>\n\t\t\t\t<\/div>\n\t\t\t\t<\/div>\n\t\t\t\t\t<\/div>\n\t\t\t\t<\/div>\n\t\t\t\t<\/div>\n\t\t","protected":false},"excerpt":{"rendered":"<p>ZDRAVOTN\u00cdCTVO Pr\u00edslu\u0161enstvo Pon\u00fakame cel\u00fa \u0161k\u00e1lu produktov pre nemocnice. Plav\u00e1kov\u00e9 prietokomery Medicin\u00e1lny f\u013ea\u0161kov\u00fd ventil Medicin\u00e1lny reduk\u010dn\u00fd f\u013ea\u0161kov\u00fd ventil Podtlakov\u00e9 regul\u00e1tory Ods\u00e1vacie zariadenie s pr\u00edslu\u0161enstvom Opera\u010dn\u00e9 lampy Potrebujete poradi\u0165 oh\u013eadom pr\u00edslu\u0161enstva? Nav\u00e1hajte n\u00e1s kedyko\u013evek kontaktova\u0165. N\u00e1\u0161 t\u00edm odbon\u00edkov je tu pre V\u00e1s! Kontaktujte n\u00e1s<\/p>\n","protected":false},"author":1,"featured_media":0,"parent":0,"menu_order":0,"comment_status":"closed","ping_status":"closed","template":"elementor_header_footer","meta":{"_monsterinsights_skip_tracking":false,"_monsterinsights_sitenote_active":false,"_monsterinsights_sitenote_note":"","_monsterinsights_sitenote_category":0,"footnotes":""},"class_list":["post-497","page","type-page","status-publish","hentry"],"yoast_head":"<!-- This site is optimized with the Yoast SEO plugin v23.8 - https:\/\/yoast.com\/wordpress\/plugins\/seo\/ -->\n<title>Pr\u00edslu\u0161enstvo - DOEM<\/title>\n<meta name=\"robots\" content=\"index, follow, max-snippet:-1, max-image-preview:large, max-video-preview:-1\" \/>\n<link rel=\"canonical\" href=\"https:\/\/www.doem.sk\/sk\/prislusenstvo\/\" \/>\n<meta property=\"og:locale\" content=\"sk_SK\" \/>\n<meta property=\"og:type\" content=\"article\" \/>\n<meta property=\"og:title\" content=\"Pr\u00edslu\u0161enstvo - DOEM\" \/>\n<meta property=\"og:description\" content=\"ZDRAVOTN\u00cdCTVO Pr\u00edslu\u0161enstvo Pon\u00fakame cel\u00fa \u0161k\u00e1lu produktov pre nemocnice. Plav\u00e1kov\u00e9 prietokomery Medicin\u00e1lny f\u013ea\u0161kov\u00fd ventil Medicin\u00e1lny reduk\u010dn\u00fd f\u013ea\u0161kov\u00fd ventil Podtlakov\u00e9 regul\u00e1tory Ods\u00e1vacie zariadenie s pr\u00edslu\u0161enstvom Opera\u010dn\u00e9 lampy Potrebujete poradi\u0165 oh\u013eadom pr\u00edslu\u0161enstva? Nav\u00e1hajte n\u00e1s kedyko\u013evek kontaktova\u0165. N\u00e1\u0161 t\u00edm odbon\u00edkov je tu pre V\u00e1s! Kontaktujte n\u00e1s\" \/>\n<meta property=\"og:url\" content=\"https:\/\/www.doem.sk\/sk\/prislusenstvo\/\" \/>\n<meta property=\"og:site_name\" content=\"DOEM\" \/>\n<meta property=\"article:modified_time\" content=\"2024-10-30T11:46:01+00:00\" \/>\n<meta property=\"og:image\" content=\"http:\/\/www.doem.sk\/wp-content\/uploads\/2024\/10\/Plavakove-prietokomery-1024x633.jpeg\" \/>\n<meta name=\"twitter:card\" content=\"summary_large_image\" \/>\n<meta name=\"twitter:label1\" content=\"Predpokladan\u00fd \u010das \u010d\u00edtania\" \/>\n\t<meta name=\"twitter:data1\" content=\"2 min\u00faty\" \/>\n<script type=\"application\/ld+json\" class=\"yoast-schema-graph\">{\"@context\":\"https:\/\/schema.org\",\"@graph\":[{\"@type\":\"WebPage\",\"@id\":\"https:\/\/www.doem.sk\/sk\/prislusenstvo\/\",\"url\":\"https:\/\/www.doem.sk\/sk\/prislusenstvo\/\",\"name\":\"Pr\u00edslu\u0161enstvo - DOEM\",\"isPartOf\":{\"@id\":\"https:\/\/www.doem.sk\/sk\/#website\"},\"primaryImageOfPage\":{\"@id\":\"https:\/\/www.doem.sk\/sk\/prislusenstvo\/#primaryimage\"},\"image\":{\"@id\":\"https:\/\/www.doem.sk\/sk\/prislusenstvo\/#primaryimage\"},\"thumbnailUrl\":\"http:\/\/www.doem.sk\/wp-content\/uploads\/2024\/10\/Plavakove-prietokomery-1024x633.jpeg\",\"datePublished\":\"2024-10-25T05:48:20+00:00\",\"dateModified\":\"2024-10-30T11:46:01+00:00\",\"breadcrumb\":{\"@id\":\"https:\/\/www.doem.sk\/sk\/prislusenstvo\/#breadcrumb\"},\"inLanguage\":\"sk-SK\",\"potentialAction\":[{\"@type\":\"ReadAction\",\"target\":[\"https:\/\/www.doem.sk\/sk\/prislusenstvo\/\"]}]},{\"@type\":\"ImageObject\",\"inLanguage\":\"sk-SK\",\"@id\":\"https:\/\/www.doem.sk\/sk\/prislusenstvo\/#primaryimage\",\"url\":\"http:\/\/www.doem.sk\/wp-content\/uploads\/2024\/10\/Plavakove-prietokomery-1024x633.jpeg\",\"contentUrl\":\"http:\/\/www.doem.sk\/wp-content\/uploads\/2024\/10\/Plavakove-prietokomery-1024x633.jpeg\"},{\"@type\":\"BreadcrumbList\",\"@id\":\"https:\/\/www.doem.sk\/sk\/prislusenstvo\/#breadcrumb\",\"itemListElement\":[{\"@type\":\"ListItem\",\"position\":1,\"name\":\"Home\",\"item\":\"https:\/\/www.doem.sk\/sk\/\"},{\"@type\":\"ListItem\",\"position\":2,\"name\":\"Pr\u00edslu\u0161enstvo\"}]},{\"@type\":\"WebSite\",\"@id\":\"https:\/\/www.doem.sk\/sk\/#website\",\"url\":\"https:\/\/www.doem.sk\/sk\/\",\"name\":\"DOEM\",\"description\":\"U\u017d 30 ROKOV\",\"potentialAction\":[{\"@type\":\"SearchAction\",\"target\":{\"@type\":\"EntryPoint\",\"urlTemplate\":\"https:\/\/www.doem.sk\/sk\/?s={search_term_string}\"},\"query-input\":{\"@type\":\"PropertyValueSpecification\",\"valueRequired\":true,\"valueName\":\"search_term_string\"}}],\"inLanguage\":\"sk-SK\"}]}<\/script>\n<!-- \/ Yoast SEO plugin. -->","yoast_head_json":{"title":"Pr\u00edslu\u0161enstvo - DOEM","robots":{"index":"index","follow":"follow","max-snippet":"max-snippet:-1","max-image-preview":"max-image-preview:large","max-video-preview":"max-video-preview:-1"},"canonical":"https:\/\/www.doem.sk\/sk\/prislusenstvo\/","og_locale":"sk_SK","og_type":"article","og_title":"Pr\u00edslu\u0161enstvo - DOEM","og_description":"ZDRAVOTN\u00cdCTVO Pr\u00edslu\u0161enstvo Pon\u00fakame cel\u00fa \u0161k\u00e1lu produktov pre nemocnice. Plav\u00e1kov\u00e9 prietokomery Medicin\u00e1lny f\u013ea\u0161kov\u00fd ventil Medicin\u00e1lny reduk\u010dn\u00fd f\u013ea\u0161kov\u00fd ventil Podtlakov\u00e9 regul\u00e1tory Ods\u00e1vacie zariadenie s pr\u00edslu\u0161enstvom Opera\u010dn\u00e9 lampy Potrebujete poradi\u0165 oh\u013eadom pr\u00edslu\u0161enstva? Nav\u00e1hajte n\u00e1s kedyko\u013evek kontaktova\u0165. N\u00e1\u0161 t\u00edm odbon\u00edkov je tu pre V\u00e1s! Kontaktujte n\u00e1s","og_url":"https:\/\/www.doem.sk\/sk\/prislusenstvo\/","og_site_name":"DOEM","article_modified_time":"2024-10-30T11:46:01+00:00","og_image":[{"url":"http:\/\/www.doem.sk\/wp-content\/uploads\/2024\/10\/Plavakove-prietokomery-1024x633.jpeg"}],"twitter_card":"summary_large_image","twitter_misc":{"Predpokladan\u00fd \u010das \u010d\u00edtania":"2 min\u00faty"},"schema":{"@context":"https:\/\/schema.org","@graph":[{"@type":"WebPage","@id":"https:\/\/www.doem.sk\/sk\/prislusenstvo\/","url":"https:\/\/www.doem.sk\/sk\/prislusenstvo\/","name":"Pr\u00edslu\u0161enstvo - DOEM","isPartOf":{"@id":"https:\/\/www.doem.sk\/sk\/#website"},"primaryImageOfPage":{"@id":"https:\/\/www.doem.sk\/sk\/prislusenstvo\/#primaryimage"},"image":{"@id":"https:\/\/www.doem.sk\/sk\/prislusenstvo\/#primaryimage"},"thumbnailUrl":"http:\/\/www.doem.sk\/wp-content\/uploads\/2024\/10\/Plavakove-prietokomery-1024x633.jpeg","datePublished":"2024-10-25T05:48:20+00:00","dateModified":"2024-10-30T11:46:01+00:00","breadcrumb":{"@id":"https:\/\/www.doem.sk\/sk\/prislusenstvo\/#breadcrumb"},"inLanguage":"sk-SK","potentialAction":[{"@type":"ReadAction","target":["https:\/\/www.doem.sk\/sk\/prislusenstvo\/"]}]},{"@type":"ImageObject","inLanguage":"sk-SK","@id":"https:\/\/www.doem.sk\/sk\/prislusenstvo\/#primaryimage","url":"http:\/\/www.doem.sk\/wp-content\/uploads\/2024\/10\/Plavakove-prietokomery-1024x633.jpeg","contentUrl":"http:\/\/www.doem.sk\/wp-content\/uploads\/2024\/10\/Plavakove-prietokomery-1024x633.jpeg"},{"@type":"BreadcrumbList","@id":"https:\/\/www.doem.sk\/sk\/prislusenstvo\/#breadcrumb","itemListElement":[{"@type":"ListItem","position":1,"name":"Home","item":"https:\/\/www.doem.sk\/sk\/"},{"@type":"ListItem","position":2,"name":"Pr\u00edslu\u0161enstvo"}]},{"@type":"WebSite","@id":"https:\/\/www.doem.sk\/sk\/#website","url":"https:\/\/www.doem.sk\/sk\/","name":"DOEM","description":"U\u017d 30 ROKOV","potentialAction":[{"@type":"SearchAction","target":{"@type":"EntryPoint","urlTemplate":"https:\/\/www.doem.sk\/sk\/?s={search_term_string}"},"query-input":{"@type":"PropertyValueSpecification","valueRequired":true,"valueName":"search_term_string"}}],"inLanguage":"sk-SK"}]}},"_links":{"self":[{"href":"https:\/\/www.doem.sk\/sk\/wp-json\/wp\/v2\/pages\/497"}],"collection":[{"href":"https:\/\/www.doem.sk\/sk\/wp-json\/wp\/v2\/pages"}],"about":[{"href":"https:\/\/www.doem.sk\/sk\/wp-json\/wp\/v2\/types\/page"}],"author":[{"embeddable":true,"href":"https:\/\/www.doem.sk\/sk\/wp-json\/wp\/v2\/users\/1"}],"replies":[{"embeddable":true,"href":"https:\/\/www.doem.sk\/sk\/wp-json\/wp\/v2\/comments?post=497"}],"version-history":[{"count":6,"href":"https:\/\/www.doem.sk\/sk\/wp-json\/wp\/v2\/pages\/497\/revisions"}],"predecessor-version":[{"id":904,"href":"https:\/\/www.doem.sk\/sk\/wp-json\/wp\/v2\/pages\/497\/revisions\/904"}],"wp:attachment":[{"href":"https:\/\/www.doem.sk\/sk\/wp-json\/wp\/v2\/media?parent=497"}],"curies":[{"name":"wp","href":"https:\/\/api.w.org\/{rel}","templated":true}]}}